{"id":11718,"date":"2019-04-15T08:55:50","date_gmt":"2019-04-15T08:55:50","guid":{"rendered":"https:\/\/www.conventocefalu.com\/?page_id=11718"},"modified":"2019-05-09T07:48:53","modified_gmt":"2019-05-09T07:48:53","slug":"%d0%bd%d0%b0%d0%b7%d0%bd%d0%b0%d1%87%d0%b5%d0%bd%d0%b8%d1%8f","status":"publish","type":"page","link":"https:\/\/conventocefalu.com\/ru\/%d0%bd%d0%b0%d0%b7%d0%bd%d0%b0%d1%87%d0%b5%d0%bd%d0%b8%d1%8f\/","title":{"rendered":"\u041d\u0430\u0437\u043d\u0430\u0447\u0435\u043d\u0438\u044f"},"content":{"rendered":"<div class=\"wpb-content-wrapper\"><p>[vc_row][vc_column][vc_empty_space height=&#187;40px&#187;]    <div class=\"content-text padding-0 st-default\">\r\n        <div class=\"st-text-center\">\r\n            <h2 class=\"text-center  style-3 \">\u041d\u0430\u0437\u043d\u0430\u0447\u0435\u043d\u0438\u044f<\/h2>\r\n            <div class=\"box__separator  hidden-thumb \"><\/div>\r\n            <div class=\"text-center\">\u041d\u0435\u043a\u043e\u0442\u043e\u0440\u044b\u0435 \u0438\u0437\u043e\u0431\u0440\u0430\u0436\u0435\u043d\u0438\u044f \u0441\u0430\u0439\u0442\u0430 \u0438\u043c\u0435\u044e\u0442 \u0442\u0438\u043f <em>Creative Commons<\/em><\/div>\r\n        <\/div>\r\n    <\/div>\r\n[vc_empty_space height=&#187;60px&#187;][\/vc_column][\/vc_row][vc_row][vc_column css=&#187;.vc_custom_1551322125345{padding-right: 0px !important;padding-left: 0px !important;}&#187;]\r\n\t    <div class=\"row list-group  st-gallery-grid\">\r\n\t    \t\t\t        <div class=\"item  col-lg-3 col-md-3 col-sm-3 col-xs-12\">\r\n\t\t            <div class=\"thumbnail\">\r\n\t\t                <a class=\"galleryItem\" href=\"https:\/\/conventocefalu.com\/wp-content\/uploads\/2019\/04\/640px-View_of_Cefalu_from_above_44945905581-e1554558803911.jpg\" data-group=\"grid\" title=\"\"><img decoding=\"async\" class=\"group list-group-image\" src=\"https:\/\/conventocefalu.com\/wp-content\/uploads\/2019\/04\/640px-View_of_Cefalu_from_above_44945905581-e1554558803911.jpg\" alt=\"640px-View_of_Cefalu_from_above_(44945905581)\" \/><\/a>\r\n\t\t            <\/div>\r\n\t\t        <\/div>\r\n\t\t    \t\t        <div class=\"item  col-lg-3 col-md-3 col-sm-3 col-xs-12\">\r\n\t\t            <div class=\"thumbnail\">\r\n\t\t                <a class=\"galleryItem\" href=\"https:\/\/conventocefalu.com\/wp-content\/uploads\/2019\/04\/640px-Cefal\u00f9_2-e1554558785918.jpg\" data-group=\"grid\" title=\"\"><img decoding=\"async\" class=\"group list-group-image\" src=\"https:\/\/conventocefalu.com\/wp-content\/uploads\/2019\/04\/640px-Cefal\u00f9_2-e1554558785918.jpg\" alt=\"640px-Cefal\u00f9_(2)\" \/><\/a>\r\n\t\t            <\/div>\r\n\t\t        <\/div>\r\n\t\t    \t\t        <div class=\"item  col-lg-3 col-md-3 col-sm-3 col-xs-12\">\r\n\t\t            <div class=\"thumbnail\">\r\n\t\t                <a class=\"galleryItem\" href=\"https:\/\/conventocefalu.com\/wp-content\/uploads\/2019\/04\/1200px-Cefal\u00f9_dal_monte-e1554558765752.jpg\" data-group=\"grid\" title=\"\"><img decoding=\"async\" class=\"group list-group-image\" src=\"https:\/\/conventocefalu.com\/wp-content\/uploads\/2019\/04\/1200px-Cefal\u00f9_dal_monte-e1554558765752.jpg\" alt=\"1200px-Cefal\u00f9_dal_monte\" \/><\/a>\r\n\t\t            <\/div>\r\n\t\t        <\/div>\r\n\t\t    \t\t        <div class=\"item  col-lg-3 col-md-3 col-sm-3 col-xs-12\">\r\n\t\t            <div class=\"thumbnail\">\r\n\t\t                <a class=\"galleryItem\" href=\"https:\/\/conventocefalu.com\/wp-content\/uploads\/2019\/03\/La-spiaggia-di-Cefal\u00f9-Foto-di-Matthias-S\u00fc\u00dfen.jpg\" data-group=\"grid\" title=\"\"><img decoding=\"async\" class=\"group list-group-image\" src=\"https:\/\/conventocefalu.com\/wp-content\/uploads\/2019\/03\/La-spiaggia-di-Cefal\u00f9-Foto-di-Matthias-S\u00fc\u00dfen.jpg\" alt=\"La spiaggia di Cefal\u00f9 - Foto di Matthias S\u00fc\u00dfen\" \/><\/a>\r\n\t\t            <\/div>\r\n\t\t        <\/div>\r\n\t\t    \t    <\/div>\r\n\t    <script type=\"text\/javascript\">\r\n\t    \tjQuery(function($) {\r\n\t    \t\tvar groups = {};\r\n\t\t\t\t$('.list-group.st-gallery-grid .item').each(function() {\r\n\t\t\t\t    var id = parseInt($(this).attr('data-group'), 10);\r\n\t\t\t\t\tif(!groups[id]) {\r\n\t\t\t\t    \tgroups[id] = [];\r\n\t\t\t\t\t}\r\n\r\n\t\t\t\t\tgroups[id].push( this );\r\n\t\t\t\t});\r\n\r\n\r\n\t\t\t\t$.each(groups, function() {\r\n\r\n\t\t\t\t  $(this).find(\".galleryItem\").magnificPopup({\r\n\t\t\t\t      type: 'image',\r\n\t\t\t\t      closeOnContentClick: true,\r\n\t\t\t\t      closeBtnInside: false,\r\n\t\t\t\t      gallery: { enabled:true }\r\n\t\t\t\t  })\r\n\t\t\t\t});\r\n\r\n\t\t    });\r\n\t    <\/script>\r\n[\/vc_column][\/vc_row][vc_row][vc_column][vc_column_text]<\/p>\n<p style=\"text-align: center;\">\u0421\u0430\u0439\u0442 \u0441\u043e\u0434\u0435\u0440\u0436\u0438\u0442 \u0438\u0437\u043e\u0431\u0440\u0430\u0436\u0435\u043d\u0438\u044f, \u043d\u0430 \u043a\u043e\u0442\u043e\u0440\u044b\u0435 \u0440\u0430\u0441\u043f\u0440\u043e\u0441\u0442\u0440\u0430\u043d\u044f\u0435\u0442\u0441\u044f \u043b\u0438\u0446\u0435\u043d\u0437\u0438\u044f CC:<\/p>\n<p style=\"text-align: center;\"><a href=\"https:\/\/it.wikipedia.org\/wiki\/File:View_of_Cefalu_from_above_(44945905581).jpg\" target=\"_blank\" rel=\"noopener noreferrer\">\u0444\u043e\u0442\u043e 1<\/a> | <a href=\"https:\/\/commons.wikimedia.org\/wiki\/File:Cefal%C3%B9_(2).jpg\" target=\"_blank\" rel=\"noopener noreferrer\">\u0444\u043e\u0442\u043e 2<\/a> | <a href=\"https:\/\/upload.wikimedia.org\/wikipedia\/commons\/thumb\/3\/32\/Cefal%C3%B9_dal_monte.JPG\/1200px-Cefal%C3%B9_dal_monte.JPG\" target=\"_blank\" rel=\"noopener noreferrer\">\u0444\u043e\u0442\u043e 3<\/a> | <a href=\"https:\/\/commons.wikimedia.org\/wiki\/File:Cefalu_msu2017-0809.jpg\" target=\"_blank\" rel=\"noopener noreferrer\">\u0444\u043e\u0442\u043e 4<\/a><\/p>\n<p>[\/vc_column_text][vc_empty_space][\/vc_column][\/vc_row][vc_row][vc_column][vc_cta h2=&#187;&#187; h4=&#187;\u041e\u0444\u0438\u0446\u0438\u0430\u043b\u044c\u043d\u043e\u0435 \u0443\u0432\u0435\u0434\u043e\u043c\u043b\u0435\u043d\u0438\u0435&#187;]\u0412\u0441\u0435 \u0438\u0437\u043e\u0431\u0440\u0430\u0436\u0435\u043d\u0438\u044f \u0431\u044b\u043b\u0438 \u043e\u0442\u043e\u0431\u0440\u0430\u043d\u044b \u0438 \u0432\u0441\u0442\u0430\u0432\u043b\u0435\u043d\u044b \u0432 \u0441\u043e\u043e\u0442\u0432\u0435\u0442\u0441\u0442\u0432\u0438\u0438 \u0441 \u043f\u0440\u0430\u0432\u0430\u043c\u0438 (\u0444\u043e\u0442\u043e\u0433\u0440\u0430\u0444\u0438\u0438, \u043f\u043e\u043c\u0435\u0447\u0435\u043d\u043d\u044b\u0435 \u0434\u043b\u044f \u043f\u043e\u0432\u0442\u043e\u0440\u043d\u043e\u0433\u043e \u0438\u0441\u043f\u043e\u043b\u044c\u0437\u043e\u0432\u0430\u043d\u0438\u044f &#8212; CCO Creative Commons). \u0415\u0441\u043b\u0438 \u0431\u044b\u043b\u0430 \u0434\u043e\u043f\u0443\u0449\u0435\u043d\u0430 \u043e\u0448\u0438\u0431\u043a\u0430, \u043b\u044e\u0431\u044b\u0435 \u0438\u0437\u043c\u0435\u043d\u0435\u043d\u0438\u044f, \u0437\u0430\u043f\u0440\u043e\u0448\u0435\u043d\u043d\u044b\u0435 \u0437\u0430\u043a\u043e\u043d\u043d\u044b\u043c\u0438 \u0432\u043b\u0430\u0434\u0435\u043b\u044c\u0446\u0430\u043c\u0438, \u0431\u0443\u0434\u0443\u0442 \u0441\u0434\u0435\u043b\u0430\u043d\u044b \u043a\u0430\u043a \u043c\u043e\u0436\u043d\u043e \u0441\u043a\u043e\u0440\u0435\u0435.[\/vc_cta][\/vc_column][\/vc_row]<\/p>\n<\/div>","protected":false},"excerpt":{"rendered":"<p>[vc_row][vc_column][vc_empty_space height=&#187;40px&#187;][vc_empty_space height=&#187;60px&#187;][\/vc_column][\/vc_row][vc_row][vc_column css=&#187;.vc_custom_1551322125345{padding-right: 0px !important;padding-left: 0px !important;}&#187;][\/vc_column][\/vc_row][vc_row][vc_column][vc_column_text] \u0421\u0430\u0439\u0442 \u0441\u043e\u0434\u0435\u0440\u0436\u0438\u0442 \u0438\u0437\u043e\u0431\u0440\u0430\u0436\u0435\u043d\u0438\u044f, \u043d\u0430 \u043a\u043e\u0442\u043e\u0440\u044b\u0435 \u0440\u0430\u0441\u043f\u0440\u043e\u0441\u0442\u0440\u0430\u043d\u044f\u0435\u0442\u0441\u044f \u043b\u0438\u0446\u0435\u043d\u0437\u0438\u044f CC: \u0444\u043e\u0442\u043e 1 | \u0444\u043e\u0442\u043e 2 | \u0444\u043e\u0442\u043e 3 | \u0444\u043e\u0442\u043e 4 [\/vc_column_text][vc_empty_space][\/vc_column][\/vc_row][vc_row][vc_column][vc_cta h2=&#187;&#187; h4=&#187;\u041e\u0444\u0438\u0446\u0438\u0430\u043b\u044c\u043d\u043e\u0435 \u0443\u0432\u0435\u0434\u043e\u043c\u043b\u0435\u043d\u0438\u0435&#187;]\u0412\u0441\u0435 \u0438\u0437\u043e\u0431\u0440\u0430\u0436\u0435\u043d\u0438\u044f \u0431\u044b\u043b\u0438 \u043e\u0442\u043e\u0431\u0440\u0430\u043d\u044b \u0438 \u0432\u0441\u0442\u0430\u0432\u043b\u0435\u043d\u044b \u0432 \u0441\u043e\u043e\u0442\u0432\u0435\u0442\u0441\u0442\u0432\u0438\u0438 \u0441 \u043f\u0440\u0430\u0432\u0430\u043c\u0438 (\u0444\u043e\u0442\u043e\u0433\u0440\u0430\u0444\u0438\u0438, \u043f\u043e\u043c\u0435\u0447\u0435\u043d\u043d\u044b\u0435 \u0434\u043b\u044f \u043f\u043e\u0432\u0442\u043e\u0440\u043d\u043e\u0433\u043e \u0438\u0441\u043f\u043e\u043b\u044c\u0437\u043e\u0432\u0430\u043d\u0438\u044f &#8212; CCO Creative Commons). \u0415\u0441\u043b\u0438 \u0431\u044b\u043b\u0430 \u0434\u043e\u043f\u0443\u0449\u0435\u043d\u0430 \u043e\u0448\u0438\u0431\u043a\u0430, \u043b\u044e\u0431\u044b\u0435 \u0438\u0437\u043c\u0435\u043d\u0435\u043d\u0438\u044f, [&hellip;]<\/p>\n","protected":false},"author":1,"featured_media":11124,"parent":0,"menu_order":0,"comment_status":"closed","ping_status":"closed","template":"template-single-hotel-modern.php","meta":{"footnotes":""},"class_list":["post-11718","page","type-page","status-publish","has-post-thumbnail","hentry"],"yoast_head":"<!-- This site is optimized with the Yoast SEO plugin v27.4 - https:\/\/yoast.com\/product\/yoast-seo-wordpress\/ -->\n<title>\u041d\u0430\u0437\u043d\u0430\u0447\u0435\u043d\u0438\u044f - Collegio di Maria | Convento di Cefal\u00f9 B&amp;B<\/title>\n<meta name=\"robots\" content=\"index, nofollow, max-snippet:-1, max-image-preview:large, max-video-preview:-1\" \/>\n<link rel=\"canonical\" href=\"https:\/\/conventocefalu.com\/ru\/%d0%bd%d0%b0%d0%b7%d0%bd%d0%b0%d1%87%d0%b5%d0%bd%d0%b8%d1%8f\/\" \/>\n<meta property=\"og:locale\" content=\"ru_RU\" \/>\n<meta property=\"og:type\" content=\"article\" \/>\n<meta property=\"og:title\" content=\"\u041d\u0430\u0437\u043d\u0430\u0447\u0435\u043d\u0438\u044f - Collegio di Maria | Convento di Cefal\u00f9 B&amp;B\" \/>\n<meta property=\"og:description\" content=\"[vc_row][vc_column][vc_empty_space height=&#187;40px&#187;][vc_empty_space height=&#187;60px&#187;][\/vc_column][\/vc_row][vc_row][vc_column css=&#187;.vc_custom_1551322125345{padding-right: 0px !important;padding-left: 0px !important;}&#187;][\/vc_column][\/vc_row][vc_row][vc_column][vc_column_text] \u0421\u0430\u0439\u0442 \u0441\u043e\u0434\u0435\u0440\u0436\u0438\u0442 \u0438\u0437\u043e\u0431\u0440\u0430\u0436\u0435\u043d\u0438\u044f, \u043d\u0430 \u043a\u043e\u0442\u043e\u0440\u044b\u0435 \u0440\u0430\u0441\u043f\u0440\u043e\u0441\u0442\u0440\u0430\u043d\u044f\u0435\u0442\u0441\u044f \u043b\u0438\u0446\u0435\u043d\u0437\u0438\u044f CC: \u0444\u043e\u0442\u043e 1 | \u0444\u043e\u0442\u043e 2 | \u0444\u043e\u0442\u043e 3 | \u0444\u043e\u0442\u043e 4 [\/vc_column_text][vc_empty_space][\/vc_column][\/vc_row][vc_row][vc_column][vc_cta h2=&#187;&#187; h4=&#187;\u041e\u0444\u0438\u0446\u0438\u0430\u043b\u044c\u043d\u043e\u0435 \u0443\u0432\u0435\u0434\u043e\u043c\u043b\u0435\u043d\u0438\u0435&#187;]\u0412\u0441\u0435 \u0438\u0437\u043e\u0431\u0440\u0430\u0436\u0435\u043d\u0438\u044f \u0431\u044b\u043b\u0438 \u043e\u0442\u043e\u0431\u0440\u0430\u043d\u044b \u0438 \u0432\u0441\u0442\u0430\u0432\u043b\u0435\u043d\u044b \u0432 \u0441\u043e\u043e\u0442\u0432\u0435\u0442\u0441\u0442\u0432\u0438\u0438 \u0441 \u043f\u0440\u0430\u0432\u0430\u043c\u0438 (\u0444\u043e\u0442\u043e\u0433\u0440\u0430\u0444\u0438\u0438, \u043f\u043e\u043c\u0435\u0447\u0435\u043d\u043d\u044b\u0435 \u0434\u043b\u044f \u043f\u043e\u0432\u0442\u043e\u0440\u043d\u043e\u0433\u043e \u0438\u0441\u043f\u043e\u043b\u044c\u0437\u043e\u0432\u0430\u043d\u0438\u044f &#8212; CCO Creative Commons). \u0415\u0441\u043b\u0438 \u0431\u044b\u043b\u0430 \u0434\u043e\u043f\u0443\u0449\u0435\u043d\u0430 \u043e\u0448\u0438\u0431\u043a\u0430, \u043b\u044e\u0431\u044b\u0435 \u0438\u0437\u043c\u0435\u043d\u0435\u043d\u0438\u044f, [&hellip;]\" \/>\n<meta property=\"og:url\" content=\"https:\/\/conventocefalu.com\/ru\/%d0%bd%d0%b0%d0%b7%d0%bd%d0%b0%d1%87%d0%b5%d0%bd%d0%b8%d1%8f\/\" \/>\n<meta property=\"og:site_name\" content=\"Collegio di Maria | Convento di Cefal\u00f9 B&amp;B\" \/>\n<meta property=\"article:publisher\" content=\"https:\/\/www.facebook.com\/ConventoCefalu\" \/>\n<meta property=\"article:modified_time\" content=\"2019-05-09T07:48:53+00:00\" \/>\n<meta property=\"og:image\" content=\"https:\/\/conventocefalu.com\/wp-content\/uploads\/2019\/04\/Creative_Commons_logo.png\" \/>\n\t<meta property=\"og:image:width\" content=\"1920\" \/>\n\t<meta property=\"og:image:height\" content=\"896\" \/>\n\t<meta property=\"og:image:type\" content=\"image\/png\" \/>\n<meta name=\"twitter:card\" content=\"summary_large_image\" \/>\n<meta name=\"twitter:label1\" content=\"\u041f\u0440\u0438\u043c\u0435\u0440\u043d\u043e\u0435 \u0432\u0440\u0435\u043c\u044f \u0434\u043b\u044f \u0447\u0442\u0435\u043d\u0438\u044f\" \/>\n\t<meta name=\"twitter:data1\" content=\"1 \u043c\u0438\u043d\u0443\u0442\u0430\" \/>\n<script type=\"application\/ld+json\" class=\"yoast-schema-graph\">{\"@context\":\"https:\\\/\\\/schema.org\",\"@graph\":[{\"@type\":\"WebPage\",\"@id\":\"https:\\\/\\\/conventocefalu.com\\\/ru\\\/%d0%bd%d0%b0%d0%b7%d0%bd%d0%b0%d1%87%d0%b5%d0%bd%d0%b8%d1%8f\\\/\",\"url\":\"https:\\\/\\\/conventocefalu.com\\\/ru\\\/%d0%bd%d0%b0%d0%b7%d0%bd%d0%b0%d1%87%d0%b5%d0%bd%d0%b8%d1%8f\\\/\",\"name\":\"\u041d\u0430\u0437\u043d\u0430\u0447\u0435\u043d\u0438\u044f - Collegio di Maria | Convento di Cefal\u00f9 B&amp;B\",\"isPartOf\":{\"@id\":\"https:\\\/\\\/conventocefalu.com\\\/ru\\\/#website\"},\"primaryImageOfPage\":{\"@id\":\"https:\\\/\\\/conventocefalu.com\\\/ru\\\/%d0%bd%d0%b0%d0%b7%d0%bd%d0%b0%d1%87%d0%b5%d0%bd%d0%b8%d1%8f\\\/#primaryimage\"},\"image\":{\"@id\":\"https:\\\/\\\/conventocefalu.com\\\/ru\\\/%d0%bd%d0%b0%d0%b7%d0%bd%d0%b0%d1%87%d0%b5%d0%bd%d0%b8%d1%8f\\\/#primaryimage\"},\"thumbnailUrl\":\"https:\\\/\\\/conventocefalu.com\\\/wp-content\\\/uploads\\\/2019\\\/04\\\/Creative_Commons_logo.png\",\"datePublished\":\"2019-04-15T08:55:50+00:00\",\"dateModified\":\"2019-05-09T07:48:53+00:00\",\"breadcrumb\":{\"@id\":\"https:\\\/\\\/conventocefalu.com\\\/ru\\\/%d0%bd%d0%b0%d0%b7%d0%bd%d0%b0%d1%87%d0%b5%d0%bd%d0%b8%d1%8f\\\/#breadcrumb\"},\"inLanguage\":\"ru-RU\",\"potentialAction\":[{\"@type\":\"ReadAction\",\"target\":[\"https:\\\/\\\/conventocefalu.com\\\/ru\\\/%d0%bd%d0%b0%d0%b7%d0%bd%d0%b0%d1%87%d0%b5%d0%bd%d0%b8%d1%8f\\\/\"]}]},{\"@type\":\"ImageObject\",\"inLanguage\":\"ru-RU\",\"@id\":\"https:\\\/\\\/conventocefalu.com\\\/ru\\\/%d0%bd%d0%b0%d0%b7%d0%bd%d0%b0%d1%87%d0%b5%d0%bd%d0%b8%d1%8f\\\/#primaryimage\",\"url\":\"https:\\\/\\\/conventocefalu.com\\\/wp-content\\\/uploads\\\/2019\\\/04\\\/Creative_Commons_logo.png\",\"contentUrl\":\"https:\\\/\\\/conventocefalu.com\\\/wp-content\\\/uploads\\\/2019\\\/04\\\/Creative_Commons_logo.png\",\"width\":1920,\"height\":896},{\"@type\":\"BreadcrumbList\",\"@id\":\"https:\\\/\\\/conventocefalu.com\\\/ru\\\/%d0%bd%d0%b0%d0%b7%d0%bd%d0%b0%d1%87%d0%b5%d0%bd%d0%b8%d1%8f\\\/#breadcrumb\",\"itemListElement\":[{\"@type\":\"ListItem\",\"position\":1,\"name\":\"Home\",\"item\":\"https:\\\/\\\/conventocefalu.com\\\/ru\\\/\"},{\"@type\":\"ListItem\",\"position\":2,\"name\":\"\u041d\u0430\u0437\u043d\u0430\u0447\u0435\u043d\u0438\u044f\"}]},{\"@type\":\"WebSite\",\"@id\":\"https:\\\/\\\/conventocefalu.com\\\/ru\\\/#website\",\"url\":\"https:\\\/\\\/conventocefalu.com\\\/ru\\\/\",\"name\":\"Collegio di Maria\",\"description\":\"Camere vista mare in Bed and Breakfast a Cefal\u00f9, Sicilia.\",\"potentialAction\":[{\"@type\":\"SearchAction\",\"target\":{\"@type\":\"EntryPoint\",\"urlTemplate\":\"https:\\\/\\\/conventocefalu.com\\\/ru\\\/?s={search_term_string}\"},\"query-input\":{\"@type\":\"PropertyValueSpecification\",\"valueRequired\":true,\"valueName\":\"search_term_string\"}}],\"inLanguage\":\"ru-RU\"}]}<\/script>\n<!-- \/ Yoast SEO plugin. -->","yoast_head_json":{"title":"\u041d\u0430\u0437\u043d\u0430\u0447\u0435\u043d\u0438\u044f - Collegio di Maria | Convento di Cefal\u00f9 B&amp;B","robots":{"index":"index","follow":"nofollow","max-snippet":"max-snippet:-1","max-image-preview":"max-image-preview:large","max-video-preview":"max-video-preview:-1"},"canonical":"https:\/\/conventocefalu.com\/ru\/%d0%bd%d0%b0%d0%b7%d0%bd%d0%b0%d1%87%d0%b5%d0%bd%d0%b8%d1%8f\/","og_locale":"ru_RU","og_type":"article","og_title":"\u041d\u0430\u0437\u043d\u0430\u0447\u0435\u043d\u0438\u044f - Collegio di Maria | Convento di Cefal\u00f9 B&amp;B","og_description":"[vc_row][vc_column][vc_empty_space height=&#187;40px&#187;][vc_empty_space height=&#187;60px&#187;][\/vc_column][\/vc_row][vc_row][vc_column css=&#187;.vc_custom_1551322125345{padding-right: 0px !important;padding-left: 0px !important;}&#187;][\/vc_column][\/vc_row][vc_row][vc_column][vc_column_text] \u0421\u0430\u0439\u0442 \u0441\u043e\u0434\u0435\u0440\u0436\u0438\u0442 \u0438\u0437\u043e\u0431\u0440\u0430\u0436\u0435\u043d\u0438\u044f, \u043d\u0430 \u043a\u043e\u0442\u043e\u0440\u044b\u0435 \u0440\u0430\u0441\u043f\u0440\u043e\u0441\u0442\u0440\u0430\u043d\u044f\u0435\u0442\u0441\u044f \u043b\u0438\u0446\u0435\u043d\u0437\u0438\u044f CC: \u0444\u043e\u0442\u043e 1 | \u0444\u043e\u0442\u043e 2 | \u0444\u043e\u0442\u043e 3 | \u0444\u043e\u0442\u043e 4 [\/vc_column_text][vc_empty_space][\/vc_column][\/vc_row][vc_row][vc_column][vc_cta h2=&#187;&#187; h4=&#187;\u041e\u0444\u0438\u0446\u0438\u0430\u043b\u044c\u043d\u043e\u0435 \u0443\u0432\u0435\u0434\u043e\u043c\u043b\u0435\u043d\u0438\u0435&#187;]\u0412\u0441\u0435 \u0438\u0437\u043e\u0431\u0440\u0430\u0436\u0435\u043d\u0438\u044f \u0431\u044b\u043b\u0438 \u043e\u0442\u043e\u0431\u0440\u0430\u043d\u044b \u0438 \u0432\u0441\u0442\u0430\u0432\u043b\u0435\u043d\u044b \u0432 \u0441\u043e\u043e\u0442\u0432\u0435\u0442\u0441\u0442\u0432\u0438\u0438 \u0441 \u043f\u0440\u0430\u0432\u0430\u043c\u0438 (\u0444\u043e\u0442\u043e\u0433\u0440\u0430\u0444\u0438\u0438, \u043f\u043e\u043c\u0435\u0447\u0435\u043d\u043d\u044b\u0435 \u0434\u043b\u044f \u043f\u043e\u0432\u0442\u043e\u0440\u043d\u043e\u0433\u043e \u0438\u0441\u043f\u043e\u043b\u044c\u0437\u043e\u0432\u0430\u043d\u0438\u044f &#8212; CCO Creative Commons). \u0415\u0441\u043b\u0438 \u0431\u044b\u043b\u0430 \u0434\u043e\u043f\u0443\u0449\u0435\u043d\u0430 \u043e\u0448\u0438\u0431\u043a\u0430, \u043b\u044e\u0431\u044b\u0435 \u0438\u0437\u043c\u0435\u043d\u0435\u043d\u0438\u044f, [&hellip;]","og_url":"https:\/\/conventocefalu.com\/ru\/%d0%bd%d0%b0%d0%b7%d0%bd%d0%b0%d1%87%d0%b5%d0%bd%d0%b8%d1%8f\/","og_site_name":"Collegio di Maria | Convento di Cefal\u00f9 B&amp;B","article_publisher":"https:\/\/www.facebook.com\/ConventoCefalu","article_modified_time":"2019-05-09T07:48:53+00:00","og_image":[{"width":1920,"height":896,"url":"https:\/\/conventocefalu.com\/wp-content\/uploads\/2019\/04\/Creative_Commons_logo.png","type":"image\/png"}],"twitter_card":"summary_large_image","twitter_misc":{"\u041f\u0440\u0438\u043c\u0435\u0440\u043d\u043e\u0435 \u0432\u0440\u0435\u043c\u044f \u0434\u043b\u044f \u0447\u0442\u0435\u043d\u0438\u044f":"1 \u043c\u0438\u043d\u0443\u0442\u0430"},"schema":{"@context":"https:\/\/schema.org","@graph":[{"@type":"WebPage","@id":"https:\/\/conventocefalu.com\/ru\/%d0%bd%d0%b0%d0%b7%d0%bd%d0%b0%d1%87%d0%b5%d0%bd%d0%b8%d1%8f\/","url":"https:\/\/conventocefalu.com\/ru\/%d0%bd%d0%b0%d0%b7%d0%bd%d0%b0%d1%87%d0%b5%d0%bd%d0%b8%d1%8f\/","name":"\u041d\u0430\u0437\u043d\u0430\u0447\u0435\u043d\u0438\u044f - Collegio di Maria | Convento di Cefal\u00f9 B&amp;B","isPartOf":{"@id":"https:\/\/conventocefalu.com\/ru\/#website"},"primaryImageOfPage":{"@id":"https:\/\/conventocefalu.com\/ru\/%d0%bd%d0%b0%d0%b7%d0%bd%d0%b0%d1%87%d0%b5%d0%bd%d0%b8%d1%8f\/#primaryimage"},"image":{"@id":"https:\/\/conventocefalu.com\/ru\/%d0%bd%d0%b0%d0%b7%d0%bd%d0%b0%d1%87%d0%b5%d0%bd%d0%b8%d1%8f\/#primaryimage"},"thumbnailUrl":"https:\/\/conventocefalu.com\/wp-content\/uploads\/2019\/04\/Creative_Commons_logo.png","datePublished":"2019-04-15T08:55:50+00:00","dateModified":"2019-05-09T07:48:53+00:00","breadcrumb":{"@id":"https:\/\/conventocefalu.com\/ru\/%d0%bd%d0%b0%d0%b7%d0%bd%d0%b0%d1%87%d0%b5%d0%bd%d0%b8%d1%8f\/#breadcrumb"},"inLanguage":"ru-RU","potentialAction":[{"@type":"ReadAction","target":["https:\/\/conventocefalu.com\/ru\/%d0%bd%d0%b0%d0%b7%d0%bd%d0%b0%d1%87%d0%b5%d0%bd%d0%b8%d1%8f\/"]}]},{"@type":"ImageObject","inLanguage":"ru-RU","@id":"https:\/\/conventocefalu.com\/ru\/%d0%bd%d0%b0%d0%b7%d0%bd%d0%b0%d1%87%d0%b5%d0%bd%d0%b8%d1%8f\/#primaryimage","url":"https:\/\/conventocefalu.com\/wp-content\/uploads\/2019\/04\/Creative_Commons_logo.png","contentUrl":"https:\/\/conventocefalu.com\/wp-content\/uploads\/2019\/04\/Creative_Commons_logo.png","width":1920,"height":896},{"@type":"BreadcrumbList","@id":"https:\/\/conventocefalu.com\/ru\/%d0%bd%d0%b0%d0%b7%d0%bd%d0%b0%d1%87%d0%b5%d0%bd%d0%b8%d1%8f\/#breadcrumb","itemListElement":[{"@type":"ListItem","position":1,"name":"Home","item":"https:\/\/conventocefalu.com\/ru\/"},{"@type":"ListItem","position":2,"name":"\u041d\u0430\u0437\u043d\u0430\u0447\u0435\u043d\u0438\u044f"}]},{"@type":"WebSite","@id":"https:\/\/conventocefalu.com\/ru\/#website","url":"https:\/\/conventocefalu.com\/ru\/","name":"Collegio di Maria","description":"Camere vista mare in Bed and Breakfast a Cefal\u00f9, Sicilia.","potentialAction":[{"@type":"SearchAction","target":{"@type":"EntryPoint","urlTemplate":"https:\/\/conventocefalu.com\/ru\/?s={search_term_string}"},"query-input":{"@type":"PropertyValueSpecification","valueRequired":true,"valueName":"search_term_string"}}],"inLanguage":"ru-RU"}]}},"_links":{"self":[{"href":"https:\/\/conventocefalu.com\/ru\/wp-json\/wp\/v2\/pages\/11718"}],"collection":[{"href":"https:\/\/conventocefalu.com\/ru\/wp-json\/wp\/v2\/pages"}],"about":[{"href":"https:\/\/conventocefalu.com\/ru\/wp-json\/wp\/v2\/types\/page"}],"author":[{"embeddable":true,"href":"https:\/\/conventocefalu.com\/ru\/wp-json\/wp\/v2\/users\/1"}],"replies":[{"embeddable":true,"href":"https:\/\/conventocefalu.com\/ru\/wp-json\/wp\/v2\/comments?post=11718"}],"version-history":[{"count":0,"href":"https:\/\/conventocefalu.com\/ru\/wp-json\/wp\/v2\/pages\/11718\/revisions"}],"wp:featuredmedia":[{"embeddable":true,"href":"https:\/\/conventocefalu.com\/ru\/wp-json\/wp\/v2\/media\/11124"}],"wp:attachment":[{"href":"https:\/\/conventocefalu.com\/ru\/wp-json\/wp\/v2\/media?parent=11718"}],"curies":[{"name":"wp","href":"https:\/\/api.w.org\/{rel}","templated":true}]}}