{"id":12142,"date":"2019-04-04T17:46:09","date_gmt":"2019-04-04T17:46:09","guid":{"rendered":"https:\/\/www.conventocefalu.com\/termini-condizioni\/"},"modified":"2019-04-16T08:12:25","modified_gmt":"2019-04-16T08:12:25","slug":"termes-conditions","status":"publish","type":"page","link":"https:\/\/conventocefalu.com\/fr\/termes-conditions\/","title":{"rendered":"Termes &#038; Conditions"},"content":{"rendered":"<div class=\"wpb-content-wrapper\"><p>[vc_row][vc_column][vc_column_text]<\/p>\n<h5>Pr\u00e9alables<\/h5>\n<p>Le site www.conventocefalu.com (ci-apr\u00e8s, le site) est la propri\u00e9t\u00e9 de la Congr\u00e9gation des Soeurs Coll\u00e9gines de la Sainte Famille bas\u00e9e \u00e0 Palerme, via Evangelista Di Blasi, 165, P.Iva IT 97060280829 (ci-apr\u00e8s d\u00e9nomm\u00e9e ).<\/p>\n<p>Ce document (ci-apr\u00e8s, les conditions g\u00e9n\u00e9rales) d\u00e9finit les conditions d&rsquo;utilisation du site et des services de r\u00e9servation correspondants. Les pr\u00e9sentes conditions g\u00e9n\u00e9rales, ainsi que les politiques de confidentialit\u00e9 adopt\u00e9es par la soci\u00e9t\u00e9, sont consid\u00e9r\u00e9es comme connues et pleinement accept\u00e9es par l&rsquo;utilisateur qui navigue et utilise le site.Il n&rsquo;est pas possible de faire une r\u00e9servation sans connaissance pr\u00e9alable et l&rsquo;acceptation des conditions g\u00e9n\u00e9rales.<\/p>\n<p>Le terme utilisateur est utilis\u00e9 ici pour d\u00e9signer toutes les personnes et \/ ou soci\u00e9t\u00e9s qui acc\u00e8dent au site ou utilisent ses services.<\/p>\n<h5>Champ d&rsquo;application<\/h5>\n<p>Les pr\u00e9sentes conditions g\u00e9n\u00e9rales s&rsquo;appliquent \u00e0 toutes les visites en ligne et les r\u00e9servations effectu\u00e9es via le site.<\/p>\n<h5>Proc\u00e9dure de r\u00e9servation<\/h5>\n<p>Sur le site, les utilisateurs peuvent rechercher une disponibilit\u00e9 en fonction des dates choisies par l&rsquo;utilisateur. Pour chaque r\u00e9servation individuelle, le site Web pr\u00e9cisera clairement et pr\u00e9cis\u00e9ment les m\u00e9thodes et les conditions de r\u00e9servation.<\/p>\n<p>Une fois que l&rsquo;utilisateur a trouv\u00e9 la solution adapt\u00e9e \u00e0 ses besoins, il doit saisir ses propres informations pour l&rsquo;attribution de la r\u00e9servation, ainsi que les donn\u00e9es de carte de cr\u00e9dit ou Paypal n\u00e9cessaires pour permettre le d\u00e9bit complet et le montant demand\u00e9 \u00e0 l&rsquo;avance. le service choisi. L&rsquo;utilisateur est responsable de la v\u00e9racit\u00e9 et de l&rsquo;exactitude des informations sp\u00e9cifi\u00e9es sur le site.<\/p>\n<h5>Paiement et m\u00e9thodes de paiement<\/h5>\n<p>Le paiement de la taxe de r\u00e9servation, TVA comprise, est factur\u00e9 \u00e0 l&rsquo;avance. L&rsquo;Utilisateur, en cliquant sur le bouton \u00ab\u00a0Confirmer la r\u00e9servation\u00a0\u00bb, autorise, pour sa part, la transaction aux conditions sp\u00e9cifi\u00e9es.<\/p>\n<p>La conclusion r\u00e9ussie de la r\u00e9servation est sujette au r\u00e9sultat positif de la transaction via la carte de cr\u00e9dit \/ Paypal (condition suspensive). Jusqu&rsquo;au moment de la transaction, l&rsquo;achat des services demand\u00e9s ne sera pas consid\u00e9r\u00e9 comme termin\u00e9.<\/p>\n<p>Une fois la condition suspensive remplie et la transaction termin\u00e9e, la propri\u00e9t\u00e9 enverra un e-mail de confirmation \u00e0 l&rsquo;utilisateur contenant tous les d\u00e9tails de la r\u00e9servation confirm\u00e9e, les conditions de vente, les conditions d&rsquo;annulation, les p\u00e9nalit\u00e9s et toutes les r\u00e9f\u00e9rences n\u00e9cessaires. pour la gestion ult\u00e9rieure de la m\u00eame chose.<\/p>\n<p>La Propri\u00e9t\u00e9 d\u00e9cline toute responsabilit\u00e9 pour toute utilisation non autoris\u00e9e ou inappropri\u00e9e de la carte de cr\u00e9dit de l&rsquo;Utilisateur et pour toutes cons\u00e9quences dommageables pouvant d\u00e9couler de transactions effectu\u00e9es par carte de cr\u00e9dit, qui ne sont pas li\u00e9es \u00e0 sa sph\u00e8re de contr\u00f4le.<\/p>\n<p>La propri\u00e9t\u00e9 d\u00e9cline toute responsabilit\u00e9 dans le cas o\u00f9, lors de la r\u00e9servation, l&rsquo;utilisateur encourrait des erreurs et \/ ou des erreurs techniques. Dans ce cas, la r\u00e9servation ne sera pas consid\u00e9r\u00e9e comme r\u00e9ussie.<\/p>\n<h5>Modification et annulation de la r\u00e9servation<\/h5>\n<p>La modification ou l&rsquo;annulation de la r\u00e9servation se fait en envoyant un courrier \u00e9lectronique \u00e0 l&rsquo;adresse info@conventocefalu.com. Les conditions relatives \u00e0 l&rsquo;annulation et \u00e0 la modification de la r\u00e9servation varient en fonction du type de s\u00e9jour achet\u00e9. L&rsquo;utilisateur peut modifier ou annuler la r\u00e9servation exclusivement si cela est pr\u00e9vu au moment de l&rsquo;achat et aux conditions \u00e9tablies en relation avec la r\u00e9servation individuelle et sp\u00e9cifi\u00e9es en d\u00e9tail \u00e0 la fois au moment de l&rsquo;achat et dans l&rsquo;e-mail de confirmation de r\u00e9servation.<\/p>\n<h5>Exclusion du droit de r\u00e9tractation<\/h5>\n<p>Ai sensi dell\u2019art. 55, comma 1, lett. b) del D.Lgs. 6 settembre 2005, n. 206 (il\u00a0<strong>Codice del Consumo<\/strong>), il diritto di recesso previsto a tutela dei consumatori in caso di contratti e proposte contrattuali a distanza ovvero negoziati fuori dai locali commerciali (articoli 64 e seguenti) non si applica ai contratti relativi all\u2019alloggio quando all\u2019atto della conclusione del contratto il professionista si impegna a fornire tali prestazioni ad una data determinata o in un periodo prestabilito. Pertanto l\u2019Utente, fatto salvo quanto previsto in materia di cancellazione della prenotazione, non ha diritto di recesso.<\/p>\n<h5>Forza maggiore<\/h5>\n<p>La Propriet\u00e0 e l\u2019Utente non saranno responsabili l\u2019uno nei confronti dell\u2019altro per perdite, danni o ritardi causati da scioperi, agitazioni sindacali, serrate, caso fortuito, incendi, adeguamento e disposizioni di legge, ordini o regolamenti governativi, insurrezioni, stato di guerra od atti simili, elementi naturali, embargo forza maggiore o qualsiasi altra causa al di fuori del proprio ragionevole controllo.<\/p>\n<h5>Esclusione dalla garanzia e dalla responsabilit\u00e0<\/h5>\n<p>Selon l&rsquo;art. 55, paragraphe 1, lett. b) du d\u00e9cret l\u00e9gislatif du 6 septembre 2005, n. 206 (Code de la consommation), le droit de r\u00e9tractation pr\u00e9vu pour la protection des consommateurs en cas de contrats et de propositions contractuelles \u00e0 distance ou n\u00e9goci\u00e9s en dehors des locaux de l&rsquo;entreprise (articles 64 et suivants) ne s&rsquo;applique pas aux contrats relatifs au logement lorsque acte de conclusion du contrat, le professionnel s\u2019engage \u00e0 fournir ces services \u00e0 une date pr\u00e9cise ou dans un d\u00e9lai pr\u00e9\u00e9tabli. Par cons\u00e9quent, l&rsquo;utilisateur, sans pr\u00e9judice des dispositions relatives \u00e0 l&rsquo;annulation de la r\u00e9servation, ne dispose d&rsquo;aucun droit de r\u00e9tractation.<\/p>\n<p>La propri\u00e9t\u00e9 ne s&rsquo;engage pas \u00e0 contr\u00f4ler et ne contr\u00f4le pas auparavant l&rsquo;absence de virus ou d&rsquo;\u00e9l\u00e9ments dans le contenu susceptibles de modifier le logiciel ou le mat\u00e9riel informatique des utilisateurs ou des personnes visitant les sites. Par cons\u00e9quent, vous ne serez pas responsable des dommages qui en r\u00e9sulteraient.<\/p>\n<h5>Loi applicable et juridiction exclusive<\/h5>\n<p>Le pr\u00e9sent site et les pr\u00e9sentes conditions g\u00e9n\u00e9rales sont enti\u00e8rement soumis au droit italien, qui r\u00e9git sa conclusion, son ex\u00e9cution et sa r\u00e9siliation, et sur la base duquel ils seront interpr\u00e9t\u00e9s, \u00e9galement dans le but de r\u00e9soudre les litiges qui en d\u00e9coulent.<\/p>\n<p>L&rsquo;Utilisateur accepte la comp\u00e9tence exclusive de l&rsquo;autorit\u00e9 judiciaire italienne pour la r\u00e9solution de tout litige concernant, \u00e0 titre d&rsquo;exemple non limitatif, la validit\u00e9, l&rsquo;application, l&rsquo;interpr\u00e9tation et l&rsquo;ex\u00e9cution des dispositions des Conditions g\u00e9n\u00e9rales, reconnaissant \u00e9galement la comp\u00e9tence mani\u00e8re exclusive et contraignante du pouvoir judiciaire du tribunal de Palerme.<\/p>\n<h5>Langue des conditions g\u00e9n\u00e9rales<\/h5>\n<p>Le texte original des conditions g\u00e9n\u00e9rales a \u00e9t\u00e9 r\u00e9dig\u00e9 en italien. Le texte original en italien peut avoir \u00e9t\u00e9 traduit dans d&rsquo;autres langues. Les versions traduites sont non officielles et simplement \u00e0 des fins d&rsquo;illustration et, par cons\u00e9quent, sans valeur juridique. En cas de litige ou de conflit concernant son application ou son interpr\u00e9tation, il sera fait r\u00e9f\u00e9rence exclusivement dans chaque lieu et lieu et \u00e0 toutes fins juridiques uniquement \u00e0 la version r\u00e9dig\u00e9e en italien.<\/p>\n<h5>Dispositions finales<\/h5>\n<p>La nullit\u00e9 d&rsquo;une ou plusieurs clauses ou partie de celles-ci n&rsquo;implique pas la nullit\u00e9 des Conditions g\u00e9n\u00e9rales ou de la partie restante de la clause elle-m\u00eame.<\/p>\n<p>La r\u00e9servation est personnelle et ne peut \u00eatre transf\u00e9r\u00e9e librement sans le consentement pr\u00e9alable de la propri\u00e9t\u00e9.<\/p>\n<p>Toute communication concernant les pr\u00e9sentes Conditions g\u00e9n\u00e9rales et \/ ou l&rsquo;utilisation du Site doit \u00eatre faite en envoyant un courrier \u00e9lectronique \u00e0 l&rsquo;adresse suivante: info@conventocefalu.com.<\/p>\n<p>Les pr\u00e9sentes conditions g\u00e9n\u00e9rales ont \u00e9t\u00e9 r\u00e9dig\u00e9es le 15 avril 2019. La propri\u00e9t\u00e9 se r\u00e9serve le droit de modifier les conditions g\u00e9n\u00e9rales en informant les utilisateurs du site. L&rsquo;utilisateur est donc invit\u00e9 \u00e0 consulter les conditions g\u00e9n\u00e9rales avant chaque acc\u00e8s et \/ ou ou r\u00e9servation.<\/p>\n<div><\/div>\n<p>[\/vc_column_text][\/vc_column][\/vc_row]<\/p>\n<\/div>","protected":false},"excerpt":{"rendered":"<p>[vc_row][vc_column][vc_column_text] Pr\u00e9alables Le site www.conventocefalu.com (ci-apr\u00e8s, le site) est la propri\u00e9t\u00e9 de la Congr\u00e9gation des Soeurs Coll\u00e9gines de la Sainte Famille bas\u00e9e \u00e0 Palerme, via Evangelista Di Blasi, 165, P.Iva IT 97060280829 (ci-apr\u00e8s d\u00e9nomm\u00e9e ). Ce document (ci-apr\u00e8s, les conditions g\u00e9n\u00e9rales) d\u00e9finit les conditions d&rsquo;utilisation du site et des services de r\u00e9servation correspondants. Les pr\u00e9sentes [&hellip;]<\/p>\n","protected":false},"author":1,"featured_media":11057,"parent":0,"menu_order":0,"comment_status":"open","ping_status":"open","template":"template-single-hotel-modern.php","meta":{"footnotes":""},"class_list":["post-12142","page","type-page","status-publish","has-post-thumbnail","hentry"],"yoast_head":"<!-- This site is optimized with the Yoast SEO plugin v27.4 - https:\/\/yoast.com\/product\/yoast-seo-wordpress\/ -->\n<title>Termes &amp; Conditions - Couvent de Cefalu B&amp;B<\/title>\n<meta name=\"description\" content=\"Termes et Conditions du Convento Collegio di Maria de Cefal\u00f9, Sicile.\" \/>\n<meta name=\"robots\" content=\"index, follow, max-snippet:-1, max-image-preview:large, max-video-preview:-1\" \/>\n<link rel=\"canonical\" href=\"https:\/\/conventocefalu.com\/fr\/termes-conditions\/\" \/>\n<meta property=\"og:locale\" content=\"fr_FR\" \/>\n<meta property=\"og:type\" content=\"article\" \/>\n<meta property=\"og:title\" content=\"Termes &amp; Conditions - Couvent de Cefalu B&amp;B\" \/>\n<meta property=\"og:description\" content=\"Termes et Conditions du Convento Collegio di Maria de Cefal\u00f9, Sicile.\" \/>\n<meta property=\"og:url\" content=\"https:\/\/conventocefalu.com\/fr\/termes-conditions\/\" \/>\n<meta property=\"og:site_name\" content=\"Couvent de Cefalu B&amp;B\" \/>\n<meta property=\"article:publisher\" content=\"https:\/\/www.facebook.com\/ConventoCefalu\" \/>\n<meta property=\"article:modified_time\" content=\"2019-04-16T08:12:25+00:00\" \/>\n<meta property=\"og:image\" content=\"https:\/\/conventocefalu.com\/wp-content\/uploads\/2019\/04\/DSCN9541-e1554559023710.jpg\" \/>\n\t<meta property=\"og:image:width\" content=\"600\" \/>\n\t<meta property=\"og:image:height\" content=\"450\" \/>\n\t<meta property=\"og:image:type\" content=\"image\/jpeg\" \/>\n<meta name=\"twitter:card\" content=\"summary_large_image\" \/>\n<meta name=\"twitter:label1\" content=\"Dur\u00e9e de lecture estim\u00e9e\" \/>\n\t<meta name=\"twitter:data1\" content=\"6 minutes\" \/>\n<script type=\"application\/ld+json\" class=\"yoast-schema-graph\">{\"@context\":\"https:\\\/\\\/schema.org\",\"@graph\":[{\"@type\":\"WebPage\",\"@id\":\"https:\\\/\\\/conventocefalu.com\\\/fr\\\/termes-conditions\\\/\",\"url\":\"https:\\\/\\\/conventocefalu.com\\\/fr\\\/termes-conditions\\\/\",\"name\":\"Termes & Conditions - Couvent de Cefalu B&amp;B\",\"isPartOf\":{\"@id\":\"https:\\\/\\\/conventocefalu.com\\\/fr\\\/#website\"},\"primaryImageOfPage\":{\"@id\":\"https:\\\/\\\/conventocefalu.com\\\/fr\\\/termes-conditions\\\/#primaryimage\"},\"image\":{\"@id\":\"https:\\\/\\\/conventocefalu.com\\\/fr\\\/termes-conditions\\\/#primaryimage\"},\"thumbnailUrl\":\"https:\\\/\\\/conventocefalu.com\\\/wp-content\\\/uploads\\\/2019\\\/04\\\/DSCN9541-e1554559023710.jpg\",\"datePublished\":\"2019-04-04T17:46:09+00:00\",\"dateModified\":\"2019-04-16T08:12:25+00:00\",\"description\":\"Termes et Conditions du Convento Collegio di Maria de Cefal\u00f9, Sicile.\",\"breadcrumb\":{\"@id\":\"https:\\\/\\\/conventocefalu.com\\\/fr\\\/termes-conditions\\\/#breadcrumb\"},\"inLanguage\":\"fr-FR\",\"potentialAction\":[{\"@type\":\"ReadAction\",\"target\":[\"https:\\\/\\\/conventocefalu.com\\\/fr\\\/termes-conditions\\\/\"]}]},{\"@type\":\"ImageObject\",\"inLanguage\":\"fr-FR\",\"@id\":\"https:\\\/\\\/conventocefalu.com\\\/fr\\\/termes-conditions\\\/#primaryimage\",\"url\":\"https:\\\/\\\/conventocefalu.com\\\/wp-content\\\/uploads\\\/2019\\\/04\\\/DSCN9541-e1554559023710.jpg\",\"contentUrl\":\"https:\\\/\\\/conventocefalu.com\\\/wp-content\\\/uploads\\\/2019\\\/04\\\/DSCN9541-e1554559023710.jpg\",\"width\":600,\"height\":450,\"caption\":\"Plage blanche du couvent de Cefal\u00f9, Sicile\"},{\"@type\":\"BreadcrumbList\",\"@id\":\"https:\\\/\\\/conventocefalu.com\\\/fr\\\/termes-conditions\\\/#breadcrumb\",\"itemListElement\":[{\"@type\":\"ListItem\",\"position\":1,\"name\":\"Home\",\"item\":\"https:\\\/\\\/conventocefalu.com\\\/fr\\\/\"},{\"@type\":\"ListItem\",\"position\":2,\"name\":\"Termes &#038; Conditions\"}]},{\"@type\":\"WebSite\",\"@id\":\"https:\\\/\\\/conventocefalu.com\\\/fr\\\/#website\",\"url\":\"https:\\\/\\\/conventocefalu.com\\\/fr\\\/\",\"name\":\"Collegio di Maria\",\"description\":\"Chambres vue mer dans lit et petit d\u00e9jeun\u00e9 - bed and breakfast - \u00e0 Cefalu, en Sicile.\",\"potentialAction\":[{\"@type\":\"SearchAction\",\"target\":{\"@type\":\"EntryPoint\",\"urlTemplate\":\"https:\\\/\\\/conventocefalu.com\\\/fr\\\/?s={search_term_string}\"},\"query-input\":{\"@type\":\"PropertyValueSpecification\",\"valueRequired\":true,\"valueName\":\"search_term_string\"}}],\"inLanguage\":\"fr-FR\"}]}<\/script>\n<!-- \/ Yoast SEO plugin. -->","yoast_head_json":{"title":"Termes & Conditions - Couvent de Cefalu B&amp;B","description":"Termes et Conditions du Convento Collegio di Maria de Cefal\u00f9, Sicile.","robots":{"index":"index","follow":"follow","max-snippet":"max-snippet:-1","max-image-preview":"max-image-preview:large","max-video-preview":"max-video-preview:-1"},"canonical":"https:\/\/conventocefalu.com\/fr\/termes-conditions\/","og_locale":"fr_FR","og_type":"article","og_title":"Termes & Conditions - Couvent de Cefalu B&amp;B","og_description":"Termes et Conditions du Convento Collegio di Maria de Cefal\u00f9, Sicile.","og_url":"https:\/\/conventocefalu.com\/fr\/termes-conditions\/","og_site_name":"Couvent de Cefalu B&amp;B","article_publisher":"https:\/\/www.facebook.com\/ConventoCefalu","article_modified_time":"2019-04-16T08:12:25+00:00","og_image":[{"width":600,"height":450,"url":"https:\/\/conventocefalu.com\/wp-content\/uploads\/2019\/04\/DSCN9541-e1554559023710.jpg","type":"image\/jpeg"}],"twitter_card":"summary_large_image","twitter_misc":{"Dur\u00e9e de lecture estim\u00e9e":"6 minutes"},"schema":{"@context":"https:\/\/schema.org","@graph":[{"@type":"WebPage","@id":"https:\/\/conventocefalu.com\/fr\/termes-conditions\/","url":"https:\/\/conventocefalu.com\/fr\/termes-conditions\/","name":"Termes & Conditions - Couvent de Cefalu B&amp;B","isPartOf":{"@id":"https:\/\/conventocefalu.com\/fr\/#website"},"primaryImageOfPage":{"@id":"https:\/\/conventocefalu.com\/fr\/termes-conditions\/#primaryimage"},"image":{"@id":"https:\/\/conventocefalu.com\/fr\/termes-conditions\/#primaryimage"},"thumbnailUrl":"https:\/\/conventocefalu.com\/wp-content\/uploads\/2019\/04\/DSCN9541-e1554559023710.jpg","datePublished":"2019-04-04T17:46:09+00:00","dateModified":"2019-04-16T08:12:25+00:00","description":"Termes et Conditions du Convento Collegio di Maria de Cefal\u00f9, Sicile.","breadcrumb":{"@id":"https:\/\/conventocefalu.com\/fr\/termes-conditions\/#breadcrumb"},"inLanguage":"fr-FR","potentialAction":[{"@type":"ReadAction","target":["https:\/\/conventocefalu.com\/fr\/termes-conditions\/"]}]},{"@type":"ImageObject","inLanguage":"fr-FR","@id":"https:\/\/conventocefalu.com\/fr\/termes-conditions\/#primaryimage","url":"https:\/\/conventocefalu.com\/wp-content\/uploads\/2019\/04\/DSCN9541-e1554559023710.jpg","contentUrl":"https:\/\/conventocefalu.com\/wp-content\/uploads\/2019\/04\/DSCN9541-e1554559023710.jpg","width":600,"height":450,"caption":"Plage blanche du couvent de Cefal\u00f9, Sicile"},{"@type":"BreadcrumbList","@id":"https:\/\/conventocefalu.com\/fr\/termes-conditions\/#breadcrumb","itemListElement":[{"@type":"ListItem","position":1,"name":"Home","item":"https:\/\/conventocefalu.com\/fr\/"},{"@type":"ListItem","position":2,"name":"Termes &#038; Conditions"}]},{"@type":"WebSite","@id":"https:\/\/conventocefalu.com\/fr\/#website","url":"https:\/\/conventocefalu.com\/fr\/","name":"Collegio di Maria","description":"Chambres vue mer dans lit et petit d\u00e9jeun\u00e9 - bed and breakfast - \u00e0 Cefalu, en Sicile.","potentialAction":[{"@type":"SearchAction","target":{"@type":"EntryPoint","urlTemplate":"https:\/\/conventocefalu.com\/fr\/?s={search_term_string}"},"query-input":{"@type":"PropertyValueSpecification","valueRequired":true,"valueName":"search_term_string"}}],"inLanguage":"fr-FR"}]}},"_links":{"self":[{"href":"https:\/\/conventocefalu.com\/fr\/wp-json\/wp\/v2\/pages\/12142"}],"collection":[{"href":"https:\/\/conventocefalu.com\/fr\/wp-json\/wp\/v2\/pages"}],"about":[{"href":"https:\/\/conventocefalu.com\/fr\/wp-json\/wp\/v2\/types\/page"}],"author":[{"embeddable":true,"href":"https:\/\/conventocefalu.com\/fr\/wp-json\/wp\/v2\/users\/1"}],"replies":[{"embeddable":true,"href":"https:\/\/conventocefalu.com\/fr\/wp-json\/wp\/v2\/comments?post=12142"}],"version-history":[{"count":0,"href":"https:\/\/conventocefalu.com\/fr\/wp-json\/wp\/v2\/pages\/12142\/revisions"}],"wp:featuredmedia":[{"embeddable":true,"href":"https:\/\/conventocefalu.com\/fr\/wp-json\/wp\/v2\/media\/11057"}],"wp:attachment":[{"href":"https:\/\/conventocefalu.com\/fr\/wp-json\/wp\/v2\/media?parent=12142"}],"curies":[{"name":"wp","href":"https:\/\/api.w.org\/{rel}","templated":true}]}}