{"id":12000,"date":"2015-01-26T09:02:14","date_gmt":"2015-01-26T09:02:14","guid":{"rendered":"https:\/\/www.conventocefalu.com\/privacy-cookies\/"},"modified":"2019-04-15T18:15:33","modified_gmt":"2019-04-15T18:15:33","slug":"confidentialite-et-cookies","status":"publish","type":"page","link":"https:\/\/conventocefalu.com\/fr\/confidentialite-et-cookies\/","title":{"rendered":"Confidentialit\u00e9 et cookies"},"content":{"rendered":"<div class=\"wpb-content-wrapper\"><p>[vc_row][vc_column][vc_column_text]<\/p>\n<h3>Politique de Confidentialit\u00e9<\/h3>\n<p><strong>Informations sur le traitement des donn\u00e9es \u00e0 caract\u00e8re personnel conform\u00e9ment au code de confidentialit\u00e9 et au r\u00e8glement europ\u00e9en sur la confidentialit\u00e9 (GDPR)<\/strong><\/p>\n<p>Le site www.conventocefalu.com appartient \u00e0 la Congr\u00e9gation des Soeurs Coll\u00e9gines de la Sainte-Famille bas\u00e9e \u00e0 Palerme, Via Evangelista Di Blasi, 165, P.Iva IT 97060280829. La propri\u00e9t\u00e9 est le responsable du traitement des donn\u00e9es. Cette politique de confidentialit\u00e9 a \u00e9t\u00e9 con\u00e7ue pour communiquer nos pratiques en mati\u00e8re de collecte, d&rsquo;utilisation et de divulgation de donn\u00e9es personnelles. Veuillez lire attentivement ces informations avant d\u2019utiliser ou d\u2019envoyer des informations sur le site.<\/p>\n<p>Veuillez noter que, conform\u00e9ment \u00e0 l&rsquo;art. 13 du d\u00e9cret l\u00e9gislatif no. 196\/2003 (ci-apr\u00e8s le Code de la vie priv\u00e9e) et de l&rsquo;art. 13 du r\u00e8glement de l&rsquo;UE n. 2016\/679 (ci-apr\u00e8s GDPR), \u00e9tablissant des dispositions pour la protection des personnes et des autres sujets li\u00e9s au traitement des donn\u00e9es \u00e0 caract\u00e8re personnel, les donn\u00e9es \u00e0 caract\u00e8re personnel fournies seront trait\u00e9es conform\u00e9ment \u00e0 la l\u00e9gislation susmentionn\u00e9e et aux obligations de confidentialit\u00e9 conform\u00e9ment \u00e0 la disposition l\u00e9gislative .<\/p>\n<p>The information you provide may be used for marketing and \/ or promotional purposes only with your specific consent. In any case, it is specified that any refusal to provide consent to the processing of data for promotional and marketing purposes does not affect the provision of services or the use of the Site.<\/p>\n<p>Pour toute communication, suggestion ou plainte concernant la pr\u00e9sente politique de confidentialit\u00e9, ainsi que pour l&rsquo;exercice des droits en vertu de l&rsquo;art. 7 du d\u00e9cret l\u00e9gislatif du 30 juin 2003 n. 196 et conform\u00e9ment \u00e0 l&rsquo;art. 15 GDPR, nous vous invitons \u00e0 nous contacter \u00e0 l&rsquo;adresse \u00e9lectronique suivante: info@conventocefalu.com.<\/p>\n<p>La propri\u00e9t\u00e9 peut parfois mettre \u00e0 jour cette d\u00e9claration de confidentialit\u00e9 et vous conseille donc de visiter cette page r\u00e9guli\u00e8rement pour conna\u00eetre les derni\u00e8res modifications.<\/p>\n<h3>Cookies<\/h3>\n<div>\n<p>Cette politique de cookie explique ce que sont les cookies et comment nous les utilisons. Vous devriez lire cette politique pour comprendre ce que sont les cookies, comment nous les utilisons, les types de cookies que nous utilisons, les informations que nous recueillons \u00e0 l&rsquo;aide de cookies, comment ces informations sont utilis\u00e9es et comment contr\u00f4ler les pr\u00e9f\u00e9rences en mati\u00e8re de cookies.<\/p>\n<p>Pour plus d&rsquo;informations sur la mani\u00e8re dont nous utilisons, stockons et stockons vos informations personnelles en toute s\u00e9curit\u00e9, veuillez consulter notre Politique de confidentialit\u00e9. Vous pouvez modifier ou retirer votre consentement de la d\u00e9claration de cookie sur notre site \u00e0 tout moment.<\/p>\n<p>Plus d&rsquo;informations sur qui nous sommes, comment vous pouvez nous contacter et comment nous traitons les donn\u00e9es personnelles dans notre Politique de confidentialit\u00e9.<\/p>\n<p>Votre consentement s&rsquo;applique au domaine suivant: www.conventocefalu.com<\/p>\n<\/div>\n<h3>Que sont les cookies?<\/h3>\n<div>\n<p>Les cookies sont de petits fichiers texte utilis\u00e9s pour stocker de petites informations. Les cookies sont stock\u00e9s sur votre appareil lorsque le site Web est t\u00e9l\u00e9charg\u00e9 sur votre navigateur. Ces cookies nous aident \u00e0 faire en sorte que le site Web fonctionne correctement, \u00e0 le s\u00e9curiser davantage, \u00e0 offrir une meilleure exp\u00e9rience utilisateur, \u00e0 comprendre le fonctionnement du site Web et \u00e0 analyser ce qui fonctionne et les points \u00e0 am\u00e9liorer.<\/p>\n<\/div>\n<h3>Comment utilisons-nous les cookies?<\/h3>\n<div>\n<p>Comme la plupart des services en ligne, notre site Web utilise des cookies pour diverses raisons. Les cookies du site sont principalement n\u00e9cessaires pour que le site fonctionne correctement et ne collecte aucune donn\u00e9e personnelle identifiable.<\/p>\n<p>Les cookies tiers utilis\u00e9s sur nos sites Web sont principalement utilis\u00e9s pour comprendre le fonctionnement du site Web, pour interagir avec notre site Web, pour maintenir nos services s\u00e9curis\u00e9s, pour vous proposer des publicit\u00e9s qui vous int\u00e9ressent et, d&rsquo;une mani\u00e8re g\u00e9n\u00e9rale, pour fournir une am\u00e9lioration et un meilleur utilisateur. exp\u00e9rience et aider \u00e0 acc\u00e9l\u00e9rer les interactions futures avec notre site Web.<\/p>\n<\/div>\n<h3>Quels types de cookies utilisons-nous?<\/h3>\n<div>\n<p>Points essentiels: Certains cookies sont essentiels pour pouvoir profiter de toutes les fonctionnalit\u00e9s de notre site. Ils nous permettent de maintenir des sessions utilisateur et de pr\u00e9venir les menaces de s\u00e9curit\u00e9. Ils ne collectent ni ne stockent aucune information personnelle. Par exemple, ces cookies vous permettent d&rsquo;acc\u00e9der \u00e0 votre compte, d&rsquo;ajouter des produits au panier et de passer en toute s\u00e9curit\u00e9.<\/p>\n<p>Statistics: These cookies store information such as the number of visitors to the website, the number of unique visitors, which pages of the website have been visited, the source of the visit, etc. This data helps us understand and analyze the performance of the website and where it needs improvement.<\/p>\n<p>Fonctionnel: Ce sont des cookies qui aident certaines fonctionnalit\u00e9s non essentielles sur notre site Web. Ces fonctionnalit\u00e9s incluent l\u2019incorporation de contenu tel que la vid\u00e9o ou le partage de contenu sur le site Web sur des plates-formes de m\u00e9dias sociaux.<\/p>\n<p>Pr\u00e9f\u00e9rences: Ces cookies nous aident \u00e0 m\u00e9moriser vos param\u00e8tres de navigation et vos pr\u00e9f\u00e9rences, telles que les pr\u00e9f\u00e9rences de langue, afin d&rsquo;avoir une exp\u00e9rience meilleure et efficace des visites futures sur le site.<\/p>\n\n<\/div>\n<h3>Comment puis-je v\u00e9rifier les pr\u00e9f\u00e9rences en mati\u00e8re de cookies?<\/h3>\n<div>\n<p>Si vous d\u00e9cidez de modifier vos pr\u00e9f\u00e9rences ult\u00e9rieurement via la session de navigation, vous pouvez cliquer sur l&rsquo;onglet \u00ab\u00a0Confidentialit\u00e9 et cookies\u00a0\u00bb \u00e0 l&rsquo;\u00e9cran. Cela montrera \u00e0 nouveau la notification de consentement qui vous permet de modifier vos pr\u00e9f\u00e9rences ou de retirer votre consentement compl\u00e8tement.<\/p>\n<p>En outre, diff\u00e9rents navigateurs proposent diff\u00e9rentes m\u00e9thodes pour bloquer et supprimer les cookies utilis\u00e9s par les sites Web. Vous pouvez modifier les param\u00e8tres de votre navigateur pour bloquer \/ supprimer les cookies. Pour en savoir plus sur la gestion et la suppression des cookies, visitez wikipedia.org, www.allaboutcookies.org.<\/p>\n<\/div>\n<p>[\/vc_column_text][\/vc_column][\/vc_row]<\/p>\n<\/div>","protected":false},"excerpt":{"rendered":"<p>[vc_row][vc_column][vc_column_text] Politique de Confidentialit\u00e9 Informations sur le traitement des donn\u00e9es \u00e0 caract\u00e8re personnel conform\u00e9ment au code de confidentialit\u00e9 et au r\u00e8glement europ\u00e9en sur la confidentialit\u00e9 (GDPR) Le site www.conventocefalu.com appartient \u00e0 la Congr\u00e9gation des Soeurs Coll\u00e9gines de la Sainte-Famille bas\u00e9e \u00e0 Palerme, Via Evangelista Di Blasi, 165, P.Iva IT 97060280829. La propri\u00e9t\u00e9 est le responsable [&hellip;]<\/p>\n","protected":false},"author":1,"featured_media":11057,"parent":0,"menu_order":0,"comment_status":"open","ping_status":"open","template":"template-single-hotel-modern.php","meta":{"footnotes":""},"class_list":["post-12000","page","type-page","status-publish","has-post-thumbnail","hentry"],"yoast_head":"<!-- This site is optimized with the Yoast SEO plugin v27.3 - https:\/\/yoast.com\/product\/yoast-seo-wordpress\/ -->\n<title>Confidentialit\u00e9 et cookies - Couvent de Cefalu B&amp;B<\/title>\n<meta name=\"description\" content=\"Confidentialit\u00e9 et cookies du Couvent Collegio di Maria de Cefal\u00f9, Sicile.\" \/>\n<meta name=\"robots\" content=\"index, follow, max-snippet:-1, max-image-preview:large, max-video-preview:-1\" \/>\n<link rel=\"canonical\" href=\"https:\/\/conventocefalu.com\/fr\/confidentialite-et-cookies\/\" \/>\n<meta property=\"og:locale\" content=\"fr_FR\" \/>\n<meta property=\"og:type\" content=\"article\" \/>\n<meta property=\"og:title\" content=\"Confidentialit\u00e9 et cookies - Couvent de Cefalu B&amp;B\" \/>\n<meta property=\"og:description\" content=\"Confidentialit\u00e9 et cookies du Couvent Collegio di Maria de Cefal\u00f9, Sicile.\" \/>\n<meta property=\"og:url\" content=\"https:\/\/conventocefalu.com\/fr\/confidentialite-et-cookies\/\" \/>\n<meta property=\"og:site_name\" content=\"Couvent de Cefalu B&amp;B\" \/>\n<meta property=\"article:publisher\" content=\"https:\/\/www.facebook.com\/ConventoCefalu\" \/>\n<meta property=\"article:modified_time\" content=\"2019-04-15T18:15:33+00:00\" \/>\n<meta property=\"og:image\" content=\"https:\/\/conventocefalu.com\/wp-content\/uploads\/2019\/04\/DSCN9541-e1554559023710.jpg\" \/>\n\t<meta property=\"og:image:width\" content=\"600\" \/>\n\t<meta property=\"og:image:height\" content=\"450\" \/>\n\t<meta property=\"og:image:type\" content=\"image\/jpeg\" \/>\n<meta name=\"twitter:card\" content=\"summary_large_image\" \/>\n<meta name=\"twitter:label1\" content=\"Dur\u00e9e de lecture estim\u00e9e\" \/>\n\t<meta name=\"twitter:data1\" content=\"5 minutes\" \/>\n<script type=\"application\/ld+json\" class=\"yoast-schema-graph\">{\"@context\":\"https:\\\/\\\/schema.org\",\"@graph\":[{\"@type\":\"WebPage\",\"@id\":\"https:\\\/\\\/conventocefalu.com\\\/fr\\\/confidentialite-et-cookies\\\/\",\"url\":\"https:\\\/\\\/conventocefalu.com\\\/fr\\\/confidentialite-et-cookies\\\/\",\"name\":\"Confidentialit\u00e9 et cookies - Couvent de Cefalu B&amp;B\",\"isPartOf\":{\"@id\":\"https:\\\/\\\/conventocefalu.com\\\/fr\\\/#website\"},\"primaryImageOfPage\":{\"@id\":\"https:\\\/\\\/conventocefalu.com\\\/fr\\\/confidentialite-et-cookies\\\/#primaryimage\"},\"image\":{\"@id\":\"https:\\\/\\\/conventocefalu.com\\\/fr\\\/confidentialite-et-cookies\\\/#primaryimage\"},\"thumbnailUrl\":\"https:\\\/\\\/conventocefalu.com\\\/wp-content\\\/uploads\\\/2019\\\/04\\\/DSCN9541-e1554559023710.jpg\",\"datePublished\":\"2015-01-26T09:02:14+00:00\",\"dateModified\":\"2019-04-15T18:15:33+00:00\",\"description\":\"Confidentialit\u00e9 et cookies du Couvent Collegio di Maria de Cefal\u00f9, Sicile.\",\"breadcrumb\":{\"@id\":\"https:\\\/\\\/conventocefalu.com\\\/fr\\\/confidentialite-et-cookies\\\/#breadcrumb\"},\"inLanguage\":\"fr-FR\",\"potentialAction\":[{\"@type\":\"ReadAction\",\"target\":[\"https:\\\/\\\/conventocefalu.com\\\/fr\\\/confidentialite-et-cookies\\\/\"]}]},{\"@type\":\"ImageObject\",\"inLanguage\":\"fr-FR\",\"@id\":\"https:\\\/\\\/conventocefalu.com\\\/fr\\\/confidentialite-et-cookies\\\/#primaryimage\",\"url\":\"https:\\\/\\\/conventocefalu.com\\\/wp-content\\\/uploads\\\/2019\\\/04\\\/DSCN9541-e1554559023710.jpg\",\"contentUrl\":\"https:\\\/\\\/conventocefalu.com\\\/wp-content\\\/uploads\\\/2019\\\/04\\\/DSCN9541-e1554559023710.jpg\",\"width\":600,\"height\":450,\"caption\":\"Plage blanche du couvent de Cefal\u00f9, Sicile\"},{\"@type\":\"BreadcrumbList\",\"@id\":\"https:\\\/\\\/conventocefalu.com\\\/fr\\\/confidentialite-et-cookies\\\/#breadcrumb\",\"itemListElement\":[{\"@type\":\"ListItem\",\"position\":1,\"name\":\"Home\",\"item\":\"https:\\\/\\\/conventocefalu.com\\\/fr\\\/\"},{\"@type\":\"ListItem\",\"position\":2,\"name\":\"Confidentialit\u00e9 et cookies\"}]},{\"@type\":\"WebSite\",\"@id\":\"https:\\\/\\\/conventocefalu.com\\\/fr\\\/#website\",\"url\":\"https:\\\/\\\/conventocefalu.com\\\/fr\\\/\",\"name\":\"Collegio di Maria\",\"description\":\"Chambres vue mer dans lit et petit d\u00e9jeun\u00e9 - bed and breakfast - \u00e0 Cefalu, en Sicile.\",\"potentialAction\":[{\"@type\":\"SearchAction\",\"target\":{\"@type\":\"EntryPoint\",\"urlTemplate\":\"https:\\\/\\\/conventocefalu.com\\\/fr\\\/?s={search_term_string}\"},\"query-input\":{\"@type\":\"PropertyValueSpecification\",\"valueRequired\":true,\"valueName\":\"search_term_string\"}}],\"inLanguage\":\"fr-FR\"}]}<\/script>\n<!-- \/ Yoast SEO plugin. -->","yoast_head_json":{"title":"Confidentialit\u00e9 et cookies - Couvent de Cefalu B&amp;B","description":"Confidentialit\u00e9 et cookies du Couvent Collegio di Maria de Cefal\u00f9, Sicile.","robots":{"index":"index","follow":"follow","max-snippet":"max-snippet:-1","max-image-preview":"max-image-preview:large","max-video-preview":"max-video-preview:-1"},"canonical":"https:\/\/conventocefalu.com\/fr\/confidentialite-et-cookies\/","og_locale":"fr_FR","og_type":"article","og_title":"Confidentialit\u00e9 et cookies - Couvent de Cefalu B&amp;B","og_description":"Confidentialit\u00e9 et cookies du Couvent Collegio di Maria de Cefal\u00f9, Sicile.","og_url":"https:\/\/conventocefalu.com\/fr\/confidentialite-et-cookies\/","og_site_name":"Couvent de Cefalu B&amp;B","article_publisher":"https:\/\/www.facebook.com\/ConventoCefalu","article_modified_time":"2019-04-15T18:15:33+00:00","og_image":[{"width":600,"height":450,"url":"https:\/\/conventocefalu.com\/wp-content\/uploads\/2019\/04\/DSCN9541-e1554559023710.jpg","type":"image\/jpeg"}],"twitter_card":"summary_large_image","twitter_misc":{"Dur\u00e9e de lecture estim\u00e9e":"5 minutes"},"schema":{"@context":"https:\/\/schema.org","@graph":[{"@type":"WebPage","@id":"https:\/\/conventocefalu.com\/fr\/confidentialite-et-cookies\/","url":"https:\/\/conventocefalu.com\/fr\/confidentialite-et-cookies\/","name":"Confidentialit\u00e9 et cookies - Couvent de Cefalu B&amp;B","isPartOf":{"@id":"https:\/\/conventocefalu.com\/fr\/#website"},"primaryImageOfPage":{"@id":"https:\/\/conventocefalu.com\/fr\/confidentialite-et-cookies\/#primaryimage"},"image":{"@id":"https:\/\/conventocefalu.com\/fr\/confidentialite-et-cookies\/#primaryimage"},"thumbnailUrl":"https:\/\/conventocefalu.com\/wp-content\/uploads\/2019\/04\/DSCN9541-e1554559023710.jpg","datePublished":"2015-01-26T09:02:14+00:00","dateModified":"2019-04-15T18:15:33+00:00","description":"Confidentialit\u00e9 et cookies du Couvent Collegio di Maria de Cefal\u00f9, Sicile.","breadcrumb":{"@id":"https:\/\/conventocefalu.com\/fr\/confidentialite-et-cookies\/#breadcrumb"},"inLanguage":"fr-FR","potentialAction":[{"@type":"ReadAction","target":["https:\/\/conventocefalu.com\/fr\/confidentialite-et-cookies\/"]}]},{"@type":"ImageObject","inLanguage":"fr-FR","@id":"https:\/\/conventocefalu.com\/fr\/confidentialite-et-cookies\/#primaryimage","url":"https:\/\/conventocefalu.com\/wp-content\/uploads\/2019\/04\/DSCN9541-e1554559023710.jpg","contentUrl":"https:\/\/conventocefalu.com\/wp-content\/uploads\/2019\/04\/DSCN9541-e1554559023710.jpg","width":600,"height":450,"caption":"Plage blanche du couvent de Cefal\u00f9, Sicile"},{"@type":"BreadcrumbList","@id":"https:\/\/conventocefalu.com\/fr\/confidentialite-et-cookies\/#breadcrumb","itemListElement":[{"@type":"ListItem","position":1,"name":"Home","item":"https:\/\/conventocefalu.com\/fr\/"},{"@type":"ListItem","position":2,"name":"Confidentialit\u00e9 et cookies"}]},{"@type":"WebSite","@id":"https:\/\/conventocefalu.com\/fr\/#website","url":"https:\/\/conventocefalu.com\/fr\/","name":"Collegio di Maria","description":"Chambres vue mer dans lit et petit d\u00e9jeun\u00e9 - bed and breakfast - \u00e0 Cefalu, en Sicile.","potentialAction":[{"@type":"SearchAction","target":{"@type":"EntryPoint","urlTemplate":"https:\/\/conventocefalu.com\/fr\/?s={search_term_string}"},"query-input":{"@type":"PropertyValueSpecification","valueRequired":true,"valueName":"search_term_string"}}],"inLanguage":"fr-FR"}]}},"_links":{"self":[{"href":"https:\/\/conventocefalu.com\/fr\/wp-json\/wp\/v2\/pages\/12000"}],"collection":[{"href":"https:\/\/conventocefalu.com\/fr\/wp-json\/wp\/v2\/pages"}],"about":[{"href":"https:\/\/conventocefalu.com\/fr\/wp-json\/wp\/v2\/types\/page"}],"author":[{"embeddable":true,"href":"https:\/\/conventocefalu.com\/fr\/wp-json\/wp\/v2\/users\/1"}],"replies":[{"embeddable":true,"href":"https:\/\/conventocefalu.com\/fr\/wp-json\/wp\/v2\/comments?post=12000"}],"version-history":[{"count":0,"href":"https:\/\/conventocefalu.com\/fr\/wp-json\/wp\/v2\/pages\/12000\/revisions"}],"wp:featuredmedia":[{"embeddable":true,"href":"https:\/\/conventocefalu.com\/fr\/wp-json\/wp\/v2\/media\/11057"}],"wp:attachment":[{"href":"https:\/\/conventocefalu.com\/fr\/wp-json\/wp\/v2\/media?parent=12000"}],"curies":[{"name":"wp","href":"https:\/\/api.w.org\/{rel}","templated":true}]}}