{"id":11955,"date":"2019-04-05T15:51:52","date_gmt":"2019-04-05T15:51:52","guid":{"rendered":"https:\/\/www.conventocefalu.com\/login\/"},"modified":"2019-04-15T16:45:12","modified_gmt":"2019-04-15T16:45:12","slug":"se-connecter","status":"publish","type":"page","link":"https:\/\/conventocefalu.com\/fr\/se-connecter\/","title":{"rendered":"Se Connecter | Collegio di Maria"},"content":{"rendered":"\n<figure class=\"wp-block-image is-resized\"><img loading=\"lazy\" decoding=\"async\" src=\"https:\/\/www.conventocefalu.com\/wp-content\/uploads\/2019\/03\/Convento-di-Cefalu-in-formula-di-Bed-and-Breakfast-nel-centro-storico-di-Cefalu-Sicilia-1024x1024.png\" alt=\"Convento di Cefalu in formula di Bed and Breakfast nel centro storico di Cefalu, Sicilia\" class=\"wp-image-2416\" width=\"459\" height=\"459\"\/><\/figure>\n","protected":false},"excerpt":{"rendered":"","protected":false},"author":1,"featured_media":10912,"parent":0,"menu_order":0,"comment_status":"closed","ping_status":"closed","template":"template-login.php","meta":{"footnotes":""},"class_list":["post-11955","page","type-page","status-publish","has-post-thumbnail","hentry"],"yoast_head":"<!-- This site is optimized with the Yoast SEO plugin v27.3 - https:\/\/yoast.com\/product\/yoast-seo-wordpress\/ -->\n<title>Se Connecter | Collegio di Maria - Couvent de Cefalu B&amp;B<\/title>\n<meta name=\"description\" content=\"Connectez-vous au Coll\u00e8ge de Marie de Cefal\u00f9. Le plus beau couvent d&#039;Italie directement sur la plage de Cefal\u00f9 en Sicile.\" \/>\n<meta name=\"robots\" content=\"index, follow, max-snippet:-1, max-image-preview:large, max-video-preview:-1\" \/>\n<link rel=\"canonical\" href=\"https:\/\/conventocefalu.com\/fr\/se-connecter\/\" \/>\n<meta property=\"og:locale\" content=\"fr_FR\" \/>\n<meta property=\"og:type\" content=\"article\" \/>\n<meta property=\"og:title\" content=\"Se Connecter | Collegio di Maria - Couvent de Cefalu B&amp;B\" \/>\n<meta property=\"og:description\" content=\"Connectez-vous au Coll\u00e8ge de Marie de Cefal\u00f9. Le plus beau couvent d&#039;Italie directement sur la plage de Cefal\u00f9 en Sicile.\" \/>\n<meta property=\"og:url\" content=\"https:\/\/conventocefalu.com\/fr\/se-connecter\/\" \/>\n<meta property=\"og:site_name\" content=\"Couvent de Cefalu B&amp;B\" \/>\n<meta property=\"article:publisher\" content=\"https:\/\/www.facebook.com\/ConventoCefalu\" \/>\n<meta property=\"article:modified_time\" content=\"2019-04-15T16:45:12+00:00\" \/>\n<meta property=\"og:image\" content=\"https:\/\/conventocefalu.com\/wp-content\/uploads\/2019\/03\/Convento-di-Cefalu--e1554559450593.jpg\" \/>\n\t<meta property=\"og:image:width\" content=\"900\" \/>\n\t<meta property=\"og:image:height\" content=\"612\" \/>\n\t<meta property=\"og:image:type\" content=\"image\/jpeg\" \/>\n<meta name=\"twitter:card\" content=\"summary_large_image\" \/>\n<script type=\"application\/ld+json\" class=\"yoast-schema-graph\">{\"@context\":\"https:\\\/\\\/schema.org\",\"@graph\":[{\"@type\":\"WebPage\",\"@id\":\"https:\\\/\\\/conventocefalu.com\\\/fr\\\/se-connecter\\\/\",\"url\":\"https:\\\/\\\/conventocefalu.com\\\/fr\\\/se-connecter\\\/\",\"name\":\"Se Connecter | Collegio di Maria - Couvent de Cefalu B&amp;B\",\"isPartOf\":{\"@id\":\"https:\\\/\\\/conventocefalu.com\\\/fr\\\/#website\"},\"primaryImageOfPage\":{\"@id\":\"https:\\\/\\\/conventocefalu.com\\\/fr\\\/se-connecter\\\/#primaryimage\"},\"image\":{\"@id\":\"https:\\\/\\\/conventocefalu.com\\\/fr\\\/se-connecter\\\/#primaryimage\"},\"thumbnailUrl\":\"https:\\\/\\\/conventocefalu.com\\\/wp-content\\\/uploads\\\/2019\\\/03\\\/Convento-di-Cefalu--e1554559450593.jpg\",\"datePublished\":\"2019-04-05T15:51:52+00:00\",\"dateModified\":\"2019-04-15T16:45:12+00:00\",\"description\":\"Connectez-vous au Coll\u00e8ge de Marie de Cefal\u00f9. Le plus beau couvent d'Italie directement sur la plage de Cefal\u00f9 en Sicile.\",\"breadcrumb\":{\"@id\":\"https:\\\/\\\/conventocefalu.com\\\/fr\\\/se-connecter\\\/#breadcrumb\"},\"inLanguage\":\"fr-FR\",\"potentialAction\":[{\"@type\":\"ReadAction\",\"target\":[\"https:\\\/\\\/conventocefalu.com\\\/fr\\\/se-connecter\\\/\"]}]},{\"@type\":\"ImageObject\",\"inLanguage\":\"fr-FR\",\"@id\":\"https:\\\/\\\/conventocefalu.com\\\/fr\\\/se-connecter\\\/#primaryimage\",\"url\":\"https:\\\/\\\/conventocefalu.com\\\/wp-content\\\/uploads\\\/2019\\\/03\\\/Convento-di-Cefalu--e1554559450593.jpg\",\"contentUrl\":\"https:\\\/\\\/conventocefalu.com\\\/wp-content\\\/uploads\\\/2019\\\/03\\\/Convento-di-Cefalu--e1554559450593.jpg\",\"width\":900,\"height\":612,\"caption\":\"Couvent de Cefalu, Sicile | Photo de Tam\u00e1s Szab\u00f3 de Kolozsv\u00e1r, Roumanie\"},{\"@type\":\"BreadcrumbList\",\"@id\":\"https:\\\/\\\/conventocefalu.com\\\/fr\\\/se-connecter\\\/#breadcrumb\",\"itemListElement\":[{\"@type\":\"ListItem\",\"position\":1,\"name\":\"Home\",\"item\":\"https:\\\/\\\/conventocefalu.com\\\/fr\\\/\"},{\"@type\":\"ListItem\",\"position\":2,\"name\":\"Se Connecter | Collegio di Maria\"}]},{\"@type\":\"WebSite\",\"@id\":\"https:\\\/\\\/conventocefalu.com\\\/fr\\\/#website\",\"url\":\"https:\\\/\\\/conventocefalu.com\\\/fr\\\/\",\"name\":\"Collegio di Maria\",\"description\":\"Chambres vue mer dans lit et petit d\u00e9jeun\u00e9 - bed and breakfast - \u00e0 Cefalu, en Sicile.\",\"potentialAction\":[{\"@type\":\"SearchAction\",\"target\":{\"@type\":\"EntryPoint\",\"urlTemplate\":\"https:\\\/\\\/conventocefalu.com\\\/fr\\\/?s={search_term_string}\"},\"query-input\":{\"@type\":\"PropertyValueSpecification\",\"valueRequired\":true,\"valueName\":\"search_term_string\"}}],\"inLanguage\":\"fr-FR\"}]}<\/script>\n<!-- \/ Yoast SEO plugin. -->","yoast_head_json":{"title":"Se Connecter | Collegio di Maria - Couvent de Cefalu B&amp;B","description":"Connectez-vous au Coll\u00e8ge de Marie de Cefal\u00f9. Le plus beau couvent d'Italie directement sur la plage de Cefal\u00f9 en Sicile.","robots":{"index":"index","follow":"follow","max-snippet":"max-snippet:-1","max-image-preview":"max-image-preview:large","max-video-preview":"max-video-preview:-1"},"canonical":"https:\/\/conventocefalu.com\/fr\/se-connecter\/","og_locale":"fr_FR","og_type":"article","og_title":"Se Connecter | Collegio di Maria - Couvent de Cefalu B&amp;B","og_description":"Connectez-vous au Coll\u00e8ge de Marie de Cefal\u00f9. Le plus beau couvent d'Italie directement sur la plage de Cefal\u00f9 en Sicile.","og_url":"https:\/\/conventocefalu.com\/fr\/se-connecter\/","og_site_name":"Couvent de Cefalu B&amp;B","article_publisher":"https:\/\/www.facebook.com\/ConventoCefalu","article_modified_time":"2019-04-15T16:45:12+00:00","og_image":[{"width":900,"height":612,"url":"https:\/\/conventocefalu.com\/wp-content\/uploads\/2019\/03\/Convento-di-Cefalu--e1554559450593.jpg","type":"image\/jpeg"}],"twitter_card":"summary_large_image","schema":{"@context":"https:\/\/schema.org","@graph":[{"@type":"WebPage","@id":"https:\/\/conventocefalu.com\/fr\/se-connecter\/","url":"https:\/\/conventocefalu.com\/fr\/se-connecter\/","name":"Se Connecter | Collegio di Maria - Couvent de Cefalu B&amp;B","isPartOf":{"@id":"https:\/\/conventocefalu.com\/fr\/#website"},"primaryImageOfPage":{"@id":"https:\/\/conventocefalu.com\/fr\/se-connecter\/#primaryimage"},"image":{"@id":"https:\/\/conventocefalu.com\/fr\/se-connecter\/#primaryimage"},"thumbnailUrl":"https:\/\/conventocefalu.com\/wp-content\/uploads\/2019\/03\/Convento-di-Cefalu--e1554559450593.jpg","datePublished":"2019-04-05T15:51:52+00:00","dateModified":"2019-04-15T16:45:12+00:00","description":"Connectez-vous au Coll\u00e8ge de Marie de Cefal\u00f9. Le plus beau couvent d'Italie directement sur la plage de Cefal\u00f9 en Sicile.","breadcrumb":{"@id":"https:\/\/conventocefalu.com\/fr\/se-connecter\/#breadcrumb"},"inLanguage":"fr-FR","potentialAction":[{"@type":"ReadAction","target":["https:\/\/conventocefalu.com\/fr\/se-connecter\/"]}]},{"@type":"ImageObject","inLanguage":"fr-FR","@id":"https:\/\/conventocefalu.com\/fr\/se-connecter\/#primaryimage","url":"https:\/\/conventocefalu.com\/wp-content\/uploads\/2019\/03\/Convento-di-Cefalu--e1554559450593.jpg","contentUrl":"https:\/\/conventocefalu.com\/wp-content\/uploads\/2019\/03\/Convento-di-Cefalu--e1554559450593.jpg","width":900,"height":612,"caption":"Couvent de Cefalu, Sicile | Photo de Tam\u00e1s Szab\u00f3 de Kolozsv\u00e1r, Roumanie"},{"@type":"BreadcrumbList","@id":"https:\/\/conventocefalu.com\/fr\/se-connecter\/#breadcrumb","itemListElement":[{"@type":"ListItem","position":1,"name":"Home","item":"https:\/\/conventocefalu.com\/fr\/"},{"@type":"ListItem","position":2,"name":"Se Connecter | Collegio di Maria"}]},{"@type":"WebSite","@id":"https:\/\/conventocefalu.com\/fr\/#website","url":"https:\/\/conventocefalu.com\/fr\/","name":"Collegio di Maria","description":"Chambres vue mer dans lit et petit d\u00e9jeun\u00e9 - bed and breakfast - \u00e0 Cefalu, en Sicile.","potentialAction":[{"@type":"SearchAction","target":{"@type":"EntryPoint","urlTemplate":"https:\/\/conventocefalu.com\/fr\/?s={search_term_string}"},"query-input":{"@type":"PropertyValueSpecification","valueRequired":true,"valueName":"search_term_string"}}],"inLanguage":"fr-FR"}]}},"_links":{"self":[{"href":"https:\/\/conventocefalu.com\/fr\/wp-json\/wp\/v2\/pages\/11955"}],"collection":[{"href":"https:\/\/conventocefalu.com\/fr\/wp-json\/wp\/v2\/pages"}],"about":[{"href":"https:\/\/conventocefalu.com\/fr\/wp-json\/wp\/v2\/types\/page"}],"author":[{"embeddable":true,"href":"https:\/\/conventocefalu.com\/fr\/wp-json\/wp\/v2\/users\/1"}],"replies":[{"embeddable":true,"href":"https:\/\/conventocefalu.com\/fr\/wp-json\/wp\/v2\/comments?post=11955"}],"version-history":[{"count":0,"href":"https:\/\/conventocefalu.com\/fr\/wp-json\/wp\/v2\/pages\/11955\/revisions"}],"wp:featuredmedia":[{"embeddable":true,"href":"https:\/\/conventocefalu.com\/fr\/wp-json\/wp\/v2\/media\/10912"}],"wp:attachment":[{"href":"https:\/\/conventocefalu.com\/fr\/wp-json\/wp\/v2\/media?parent=11955"}],"curies":[{"name":"wp","href":"https:\/\/api.w.org\/{rel}","templated":true}]}}