{"id":11872,"date":"2019-03-11T07:43:54","date_gmt":"2019-03-11T07:43:54","guid":{"rendered":"https:\/\/www.conventocefalu.com\/contatti\/"},"modified":"2019-08-09T12:06:12","modified_gmt":"2019-08-09T12:06:12","slug":"contacts","status":"publish","type":"page","link":"https:\/\/conventocefalu.com\/fr\/contacts\/","title":{"rendered":"Contacts"},"content":{"rendered":"<div class=\"wpb-content-wrapper\"><p>[vc_row][vc_column width=\u00a0\u00bb5\/6&Prime;][vc_column_text]<\/p>\n<div class=\"st-contact\">\n<div class=\"tlid-input input\">\n<div class=\"source-wrap\">\n<div class=\"input-full-height-wrapper tlid-input-full-height-wrapper\">\n<div class=\"source-input\">\n<div class=\"source-footer-wrap source-or-target-footer\">\n<div class=\"character-count tlid-character-count\"><\/div>\n<div class=\"source-footer\">\n<div class=\"src-tts left-positioned ttsbutton jfk-button-flat source-or-target-footer-button jfk-button\" tabindex=\"0\" role=\"button\" aria-label=\"Listen\" data-tooltip=\"Listen\" aria-pressed=\"false\" data-tooltip-align=\"t,c\" aria-hidden=\"false\" aria-disabled=\"false\">\n<div class=\"jfk-button-img\">Au Couvent de Cefal\u00f9, nous accordons une grande importance \u00e0 nos invit\u00e9s et \u00e0 leur temps. <span class=\"tlid-translation translation\" lang=\"it\"><span class=\"\" tabindex=\"-1\" title=\"\" contenteditable=\"false\">Nous nous effor\u00e7ons d&rsquo;offrir la commodit\u00e9 \u00e0 tout moment de la journ\u00e9e<\/span><\/span>.<\/div>\n<\/div>\n<\/div>\n<\/div>\n<\/div>\n<\/div>\n<\/div>\n<\/div>\n<\/div>\n<p>[\/vc_column_text][\/vc_column][vc_column width=\u00a0\u00bb1\/6&Prime;][\/vc_column][\/vc_row][vc_row][vc_column][vc_empty_space height=\u00a0\u00bb40px\u00a0\u00bb][vc_separator][vc_empty_space height=\u00a0\u00bb40px\u00a0\u00bb][\/vc_column][\/vc_row][vc_row][vc_column width=\u00a0\u00bb5\/6&Prime;]    <div class=\"content-text padding-0 st-default\">\r\n        <div class=\"st-text-center\">\r\n            <h2 class=\"text-center  style-4 \">Adresse<\/h2>\r\n            <div class=\"box__separator  hidden-thumb \"><\/div>\r\n            <div class=\"text-center\">Congregazione delle Suore Collegine della Sacra Famiglia<\/p>\n<p>Piazza Marina 3, Cefalu, Palerme, Italie<\/p>\n<p>P. Iva 02875880821\u00a0\u2013 T. 0921421229<\/div>\r\n        <\/div>\r\n    <\/div>\r\n[\/vc_column][vc_column width=\u00a0\u00bb1\/6&Prime;][vc_btn title=\u00a0\u00bbCOMMENT Y ARRIVER\u00a0\u00bb color=\u00a0\u00bbblack\u00a0\u00bb align=\u00a0\u00bbcenter\u00a0\u00bb el_class=\u00a0\u00bbst-contact-button\u00a0\u00bb link=\u00a0\u00bburl:https%3A%2F%2Fwww.google.com%2Fmaps%2Fdir%2F38.2159677%2C15.2420067%2FCollegio%2Bdi%2BMaria%2C%2BPiazza%2BMarina%2C%2B3%2C%2B90015%2BCefal%25C3%25B9%2BPA%2F%4038.1151377%2C14.0717217%2C9z%2Fdata%3D!3m1!4b1!4m17!1m6!3m5!1s0x0%3A0x918e0a9dcdee87b4!2sCollegio%2Bdi%2BMaria!8m2!3d38.0403642!4d14.0199011!4m9!1m1!4e1!1m5!1m1!1s0x13173be813e55665%3A0x918e0a9dcdee87b4!2m2!1d14.0199011!2d38.0403642!3e3||target:%20_blank|\u00a0\u00bb][\/vc_column][\/vc_row][vc_row][vc_column][vc_empty_space height=\u00a0\u00bb10px\u00a0\u00bb][\/vc_column][\/vc_row][vc_row full_width=\u00a0\u00bbstretch_row_content_no_spaces\u00a0\u00bb row_fullwidth=\u00a0\u00bbyes\u00a0\u00bb][vc_column css=\u00a0\u00bb.vc_custom_1551759021304{padding-right: 0px !important;padding-left: 0px !important;}\u00a0\u00bb][vc_gmaps link=\u00a0\u00bb#E-8_JTNDaWZyYW1lJTIwc3JjJTNEJTIyaHR0cHMlM0ElMkYlMkZ3d3cuZ29vZ2xlLmNvbSUyRm1hcHMlMkZlbWJlZCUzRnBiJTNEJTIxMW0xNCUyMTFtOCUyMTFtMyUyMTFkMTI1NjkuMTUzODg5Njk4NjkxJTIxMmQxNC4wMTk5MDExJTIxM2QzOC4wNDAzNjQyJTIxM20yJTIxMWkxMDI0JTIxMmk3NjglMjE0ZjEzLjElMjEzbTMlMjExbTIlMjExczB4MCUyNTNBMHg5MThlMGE5ZGNkZWU4N2I0JTIxMnNDb2xsZWdpbyUyQmRpJTJCTWFyaWElMjE1ZTAlMjEzbTIlMjExc2VuJTIxMnNpdCUyMTR2MTU1NDM3OTIxNjY5OCUyMTVtMiUyMTFzZW4lMjEyc2l0JTIyJTIwd2lkdGglM0QlMjI2MDAlMjIlMjBoZWlnaHQlM0QlMjI0NTAlMjIlMjBmcmFtZWJvcmRlciUzRCUyMjAlMjIlMjBzdHlsZSUzRCUyMmJvcmRlciUzQTAlMjIlMjBhbGxvd2Z1bGxzY3JlZW4lM0UlM0MlMkZpZnJhbWUlM0U=\u00a0\u00bb][vc_empty_space height=\u00a0\u00bb60px\u00a0\u00bb][\/vc_column][\/vc_row][vc_row][vc_column width=\u00a0\u00bb1\/2&Prime;]    <div class=\"content-text padding-0 st-default\">\r\n        <div class=\"st-text-center\">\r\n            <h2 class=\"text-center  style-4 \">Nous aimerions avoir de vos nouvelles<\/h2>\r\n            <div class=\"box__separator  hidden-thumb \"><\/div>\r\n            <div class=\"text-center\">Envoyez-nous un message et nous vous r\u00e9pondrons d\u00e8s que possible<\/div>\r\n        <\/div>\r\n    <\/div>\r\n\n<div class=\"wpcf7 no-js\" id=\"wpcf7-f12460-o1\" lang=\"fr-FR\" dir=\"ltr\" data-wpcf7-id=\"12460\">\n<div class=\"screen-reader-response\"><p role=\"status\" aria-live=\"polite\" aria-atomic=\"true\"><\/p> <ul><\/ul><\/div>\n<form action=\"\/fr\/wp-json\/wp\/v2\/pages\/11872#wpcf7-f12460-o1\" method=\"post\" class=\"wpcf7-form init\" aria-label=\"Formulaire de contact\" novalidate=\"novalidate\" data-status=\"init\">\n<fieldset class=\"hidden-fields-container\"><input type=\"hidden\" name=\"_wpcf7\" value=\"12460\" \/><input type=\"hidden\" name=\"_wpcf7_version\" value=\"6.1.5\" \/><input type=\"hidden\" name=\"_wpcf7_locale\" value=\"fr_FR\" \/><input type=\"hidden\" name=\"_wpcf7_unit_tag\" value=\"wpcf7-f12460-o1\" \/><input type=\"hidden\" name=\"_wpcf7_container_post\" value=\"0\" \/><input type=\"hidden\" name=\"_wpcf7_posted_data_hash\" value=\"\" \/><input type=\"hidden\" name=\"_wpcf7_recaptcha_response\" value=\"\" \/>\n<\/fieldset>\n<form class=\"st-form-contact\">\n\t<p><span class=\"wpcf7-form-control-wrap\" data-name=\"name-st\"><input size=\"40\" maxlength=\"400\" class=\"wpcf7-form-control wpcf7-text wpcf7-validates-as-required name-st\" aria-required=\"true\" aria-invalid=\"false\" placeholder=\"Nom\" value=\"\" type=\"text\" name=\"name-st\" \/><\/span><br \/>\n<span class=\"wpcf7-form-control-wrap\" data-name=\"email-st\"><input size=\"40\" maxlength=\"400\" class=\"wpcf7-form-control wpcf7-email wpcf7-validates-as-required wpcf7-text wpcf7-validates-as-email email-st\" aria-required=\"true\" aria-invalid=\"false\" placeholder=\"Email\" value=\"\" type=\"email\" name=\"email-st\" \/><\/span><br \/>\n<span class=\"wpcf7-form-control-wrap\" data-name=\"message-st\"><textarea cols=\"40\" rows=\"10\" maxlength=\"2000\" class=\"wpcf7-form-control wpcf7-textarea wpcf7-validates-as-required message-st\" aria-required=\"true\" aria-invalid=\"false\" placeholder=\"Message\" name=\"message-st\"><\/textarea><\/span><br \/>\n<input class=\"wpcf7-form-control wpcf7-submit has-spinner st-send-button\" type=\"submit\" value=\"Envoyer un message\" \/>\n\t<\/p>\n<\/form><div class=\"wpcf7-response-output\" aria-hidden=\"true\"><\/div>\n<\/form>\n<\/div>\n[\/vc_column][vc_column width=\u00a0\u00bb1\/2&Prime;][vc_single_image image=\u00a0\u00bb10997&Prime; img_size=\u00a0\u00bbfull\u00a0\u00bb alignment=\u00a0\u00bbcenter\u00a0\u00bb][vc_empty_space height=\u00a0\u00bb30px\u00a0\u00bb]<a href=\"https:\/\/web.whatsapp.com\/send?phone=+393291411371&amp;text=J'ai besoin d'informations pour des vacances ``\" class=\"btn btn-default btn-normal \">Contactez-nous avec Whatsapp<\/a>[\/vc_column][\/vc_row]<\/p>\n<\/div>","protected":false},"excerpt":{"rendered":"<p>[vc_row][vc_column width=\u00a0\u00bb5\/6&Prime;][vc_column_text] Au Couvent de Cefal\u00f9, nous accordons une grande importance \u00e0 nos invit\u00e9s et \u00e0 leur temps. Nous nous effor\u00e7ons d&rsquo;offrir la commodit\u00e9 \u00e0 tout moment de la journ\u00e9e. [\/vc_column_text][\/vc_column][vc_column width=\u00a0\u00bb1\/6&Prime;][\/vc_column][\/vc_row][vc_row][vc_column][vc_empty_space height=\u00a0\u00bb40px\u00a0\u00bb][vc_separator][vc_empty_space height=\u00a0\u00bb40px\u00a0\u00bb][\/vc_column][\/vc_row][vc_row][vc_column width=\u00a0\u00bb5\/6&Prime;][\/vc_column][vc_column width=\u00a0\u00bb1\/6&Prime;][vc_btn title=\u00a0\u00bbCOMMENT Y ARRIVER\u00a0\u00bb color=\u00a0\u00bbblack\u00a0\u00bb align=\u00a0\u00bbcenter\u00a0\u00bb el_class=\u00a0\u00bbst-contact-button\u00a0\u00bb link=\u00a0\u00bburl:https%3A%2F%2Fwww.google.com%2Fmaps%2Fdir%2F38.2159677%2C15.2420067%2FCollegio%2Bdi%2BMaria%2C%2BPiazza%2BMarina%2C%2B3%2C%2B90015%2BCefal%25C3%25B9%2BPA%2F%4038.1151377%2C14.0717217%2C9z%2Fdata%3D!3m1!4b1!4m17!1m6!3m5!1s0x0%3A0x918e0a9dcdee87b4!2sCollegio%2Bdi%2BMaria!8m2!3d38.0403642!4d14.0199011!4m9!1m1!4e1!1m5!1m1!1s0x13173be813e55665%3A0x918e0a9dcdee87b4!2m2!1d14.0199011!2d38.0403642!3e3||target:%20_blank|\u00a0\u00bb][\/vc_column][\/vc_row][vc_row][vc_column][vc_empty_space height=\u00a0\u00bb10px\u00a0\u00bb][\/vc_column][\/vc_row][vc_row full_width=\u00a0\u00bbstretch_row_content_no_spaces\u00a0\u00bb row_fullwidth=\u00a0\u00bbyes\u00a0\u00bb][vc_column css=\u00a0\u00bb.vc_custom_1551759021304{padding-right: 0px !important;padding-left: 0px !important;}\u00a0\u00bb][vc_gmaps link=\u00a0\u00bb#E-8_JTNDaWZyYW1lJTIwc3JjJTNEJTIyaHR0cHMlM0ElMkYlMkZ3d3cuZ29vZ2xlLmNvbSUyRm1hcHMlMkZlbWJlZCUzRnBiJTNEJTIxMW0xNCUyMTFtOCUyMTFtMyUyMTFkMTI1NjkuMTUzODg5Njk4NjkxJTIxMmQxNC4wMTk5MDExJTIxM2QzOC4wNDAzNjQyJTIxM20yJTIxMWkxMDI0JTIxMmk3NjglMjE0ZjEzLjElMjEzbTMlMjExbTIlMjExczB4MCUyNTNBMHg5MThlMGE5ZGNkZWU4N2I0JTIxMnNDb2xsZWdpbyUyQmRpJTJCTWFyaWElMjE1ZTAlMjEzbTIlMjExc2VuJTIxMnNpdCUyMTR2MTU1NDM3OTIxNjY5OCUyMTVtMiUyMTFzZW4lMjEyc2l0JTIyJTIwd2lkdGglM0QlMjI2MDAlMjIlMjBoZWlnaHQlM0QlMjI0NTAlMjIlMjBmcmFtZWJvcmRlciUzRCUyMjAlMjIlMjBzdHlsZSUzRCUyMmJvcmRlciUzQTAlMjIlMjBhbGxvd2Z1bGxzY3JlZW4lM0UlM0MlMkZpZnJhbWUlM0U=\u00a0\u00bb][vc_empty_space height=\u00a0\u00bb60px\u00a0\u00bb][\/vc_column][\/vc_row][vc_row][vc_column width=\u00a0\u00bb1\/2&Prime;][\/vc_column][vc_column width=\u00a0\u00bb1\/2&Prime;][vc_single_image [&hellip;]<\/p>\n","protected":false},"author":1,"featured_media":10932,"parent":0,"menu_order":0,"comment_status":"closed","ping_status":"closed","template":"template-single-hotel-modern.php","meta":{"footnotes":""},"class_list":["post-11872","page","type-page","status-publish","has-post-thumbnail","hentry"],"yoast_head":"<!-- This site is optimized with the Yoast SEO plugin v27.3 - https:\/\/yoast.com\/product\/yoast-seo-wordpress\/ -->\n<title>Contacts - Couvent de Cefalu B&amp;B<\/title>\n<meta name=\"description\" content=\"Contacts du Coll\u00e8gio di Maria de Cefal\u00f9, Comment s&#039;y rendre, t\u00e9l\u00e9phone, email et application du couvent situ\u00e9s sur la plage et sur la mer de Cefal\u00f9\" \/>\n<meta name=\"robots\" content=\"index, follow, max-snippet:-1, max-image-preview:large, max-video-preview:-1\" \/>\n<link rel=\"canonical\" href=\"https:\/\/conventocefalu.com\/fr\/contacts\/\" \/>\n<meta property=\"og:locale\" content=\"fr_FR\" \/>\n<meta property=\"og:type\" content=\"article\" \/>\n<meta property=\"og:title\" content=\"Contacts - Couvent de Cefalu B&amp;B\" \/>\n<meta property=\"og:description\" content=\"Contacts du Coll\u00e8gio di Maria de Cefal\u00f9, Comment s&#039;y rendre, t\u00e9l\u00e9phone, email et application du couvent situ\u00e9s sur la plage et sur la mer de Cefal\u00f9\" \/>\n<meta property=\"og:url\" content=\"https:\/\/conventocefalu.com\/fr\/contacts\/\" \/>\n<meta property=\"og:site_name\" content=\"Couvent de Cefalu B&amp;B\" \/>\n<meta property=\"article:publisher\" content=\"https:\/\/www.facebook.com\/ConventoCefalu\" \/>\n<meta property=\"article:modified_time\" content=\"2019-08-09T12:06:12+00:00\" \/>\n<meta property=\"og:image\" content=\"https:\/\/conventocefalu.com\/wp-content\/uploads\/2019\/03\/Convento-di-Cefal\u00f9.-La-spiaggia-del-Convento-in-inverno.-Camere-Vista-Mare-e-Spiaggia-a-Cefal\u00f9-e1554559374734.jpg\" \/>\n\t<meta property=\"og:image:width\" content=\"750\" \/>\n\t<meta property=\"og:image:height\" content=\"563\" \/>\n\t<meta property=\"og:image:type\" content=\"image\/jpeg\" \/>\n<meta name=\"twitter:card\" content=\"summary_large_image\" \/>\n<meta name=\"twitter:label1\" content=\"Dur\u00e9e de lecture estim\u00e9e\" \/>\n\t<meta name=\"twitter:data1\" content=\"2 minutes\" \/>\n<script type=\"application\/ld+json\" class=\"yoast-schema-graph\">{\"@context\":\"https:\\\/\\\/schema.org\",\"@graph\":[{\"@type\":\"WebPage\",\"@id\":\"https:\\\/\\\/conventocefalu.com\\\/fr\\\/contacts\\\/\",\"url\":\"https:\\\/\\\/conventocefalu.com\\\/fr\\\/contacts\\\/\",\"name\":\"Contacts - Couvent de Cefalu B&amp;B\",\"isPartOf\":{\"@id\":\"https:\\\/\\\/conventocefalu.com\\\/fr\\\/#website\"},\"primaryImageOfPage\":{\"@id\":\"https:\\\/\\\/conventocefalu.com\\\/fr\\\/contacts\\\/#primaryimage\"},\"image\":{\"@id\":\"https:\\\/\\\/conventocefalu.com\\\/fr\\\/contacts\\\/#primaryimage\"},\"thumbnailUrl\":\"https:\\\/\\\/conventocefalu.com\\\/wp-content\\\/uploads\\\/2019\\\/03\\\/Convento-di-Cefal\u00f9.-La-spiaggia-del-Convento-in-inverno.-Camere-Vista-Mare-e-Spiaggia-a-Cefal\u00f9-e1554559374734.jpg\",\"datePublished\":\"2019-03-11T07:43:54+00:00\",\"dateModified\":\"2019-08-09T12:06:12+00:00\",\"description\":\"Contacts du Coll\u00e8gio di Maria de Cefal\u00f9, Comment s'y rendre, t\u00e9l\u00e9phone, email et application du couvent situ\u00e9s sur la plage et sur la mer de Cefal\u00f9\",\"breadcrumb\":{\"@id\":\"https:\\\/\\\/conventocefalu.com\\\/fr\\\/contacts\\\/#breadcrumb\"},\"inLanguage\":\"fr-FR\",\"potentialAction\":[{\"@type\":\"ReadAction\",\"target\":[\"https:\\\/\\\/conventocefalu.com\\\/fr\\\/contacts\\\/\"]}]},{\"@type\":\"ImageObject\",\"inLanguage\":\"fr-FR\",\"@id\":\"https:\\\/\\\/conventocefalu.com\\\/fr\\\/contacts\\\/#primaryimage\",\"url\":\"https:\\\/\\\/conventocefalu.com\\\/wp-content\\\/uploads\\\/2019\\\/03\\\/Convento-di-Cefal\u00f9.-La-spiaggia-del-Convento-in-inverno.-Camere-Vista-Mare-e-Spiaggia-a-Cefal\u00f9-e1554559374734.jpg\",\"contentUrl\":\"https:\\\/\\\/conventocefalu.com\\\/wp-content\\\/uploads\\\/2019\\\/03\\\/Convento-di-Cefal\u00f9.-La-spiaggia-del-Convento-in-inverno.-Camere-Vista-Mare-e-Spiaggia-a-Cefal\u00f9-e1554559374734.jpg\",\"width\":750,\"height\":563,\"caption\":\"Couvent de Cefal\u00f9. Plage du couvent en hiver. Chambres avec vue sur la mer et la plage \u00e0 Cefal\u00f9\"},{\"@type\":\"BreadcrumbList\",\"@id\":\"https:\\\/\\\/conventocefalu.com\\\/fr\\\/contacts\\\/#breadcrumb\",\"itemListElement\":[{\"@type\":\"ListItem\",\"position\":1,\"name\":\"Home\",\"item\":\"https:\\\/\\\/conventocefalu.com\\\/fr\\\/\"},{\"@type\":\"ListItem\",\"position\":2,\"name\":\"Contacts\"}]},{\"@type\":\"WebSite\",\"@id\":\"https:\\\/\\\/conventocefalu.com\\\/fr\\\/#website\",\"url\":\"https:\\\/\\\/conventocefalu.com\\\/fr\\\/\",\"name\":\"Collegio di Maria\",\"description\":\"Chambres vue mer dans lit et petit d\u00e9jeun\u00e9 - bed and breakfast - \u00e0 Cefalu, en Sicile.\",\"potentialAction\":[{\"@type\":\"SearchAction\",\"target\":{\"@type\":\"EntryPoint\",\"urlTemplate\":\"https:\\\/\\\/conventocefalu.com\\\/fr\\\/?s={search_term_string}\"},\"query-input\":{\"@type\":\"PropertyValueSpecification\",\"valueRequired\":true,\"valueName\":\"search_term_string\"}}],\"inLanguage\":\"fr-FR\"}]}<\/script>\n<!-- \/ Yoast SEO plugin. -->","yoast_head_json":{"title":"Contacts - Couvent de Cefalu B&amp;B","description":"Contacts du Coll\u00e8gio di Maria de Cefal\u00f9, Comment s'y rendre, t\u00e9l\u00e9phone, email et application du couvent situ\u00e9s sur la plage et sur la mer de Cefal\u00f9","robots":{"index":"index","follow":"follow","max-snippet":"max-snippet:-1","max-image-preview":"max-image-preview:large","max-video-preview":"max-video-preview:-1"},"canonical":"https:\/\/conventocefalu.com\/fr\/contacts\/","og_locale":"fr_FR","og_type":"article","og_title":"Contacts - Couvent de Cefalu B&amp;B","og_description":"Contacts du Coll\u00e8gio di Maria de Cefal\u00f9, Comment s'y rendre, t\u00e9l\u00e9phone, email et application du couvent situ\u00e9s sur la plage et sur la mer de Cefal\u00f9","og_url":"https:\/\/conventocefalu.com\/fr\/contacts\/","og_site_name":"Couvent de Cefalu B&amp;B","article_publisher":"https:\/\/www.facebook.com\/ConventoCefalu","article_modified_time":"2019-08-09T12:06:12+00:00","og_image":[{"width":750,"height":563,"url":"https:\/\/conventocefalu.com\/wp-content\/uploads\/2019\/03\/Convento-di-Cefal\u00f9.-La-spiaggia-del-Convento-in-inverno.-Camere-Vista-Mare-e-Spiaggia-a-Cefal\u00f9-e1554559374734.jpg","type":"image\/jpeg"}],"twitter_card":"summary_large_image","twitter_misc":{"Dur\u00e9e de lecture estim\u00e9e":"2 minutes"},"schema":{"@context":"https:\/\/schema.org","@graph":[{"@type":"WebPage","@id":"https:\/\/conventocefalu.com\/fr\/contacts\/","url":"https:\/\/conventocefalu.com\/fr\/contacts\/","name":"Contacts - Couvent de Cefalu B&amp;B","isPartOf":{"@id":"https:\/\/conventocefalu.com\/fr\/#website"},"primaryImageOfPage":{"@id":"https:\/\/conventocefalu.com\/fr\/contacts\/#primaryimage"},"image":{"@id":"https:\/\/conventocefalu.com\/fr\/contacts\/#primaryimage"},"thumbnailUrl":"https:\/\/conventocefalu.com\/wp-content\/uploads\/2019\/03\/Convento-di-Cefal\u00f9.-La-spiaggia-del-Convento-in-inverno.-Camere-Vista-Mare-e-Spiaggia-a-Cefal\u00f9-e1554559374734.jpg","datePublished":"2019-03-11T07:43:54+00:00","dateModified":"2019-08-09T12:06:12+00:00","description":"Contacts du Coll\u00e8gio di Maria de Cefal\u00f9, Comment s'y rendre, t\u00e9l\u00e9phone, email et application du couvent situ\u00e9s sur la plage et sur la mer de Cefal\u00f9","breadcrumb":{"@id":"https:\/\/conventocefalu.com\/fr\/contacts\/#breadcrumb"},"inLanguage":"fr-FR","potentialAction":[{"@type":"ReadAction","target":["https:\/\/conventocefalu.com\/fr\/contacts\/"]}]},{"@type":"ImageObject","inLanguage":"fr-FR","@id":"https:\/\/conventocefalu.com\/fr\/contacts\/#primaryimage","url":"https:\/\/conventocefalu.com\/wp-content\/uploads\/2019\/03\/Convento-di-Cefal\u00f9.-La-spiaggia-del-Convento-in-inverno.-Camere-Vista-Mare-e-Spiaggia-a-Cefal\u00f9-e1554559374734.jpg","contentUrl":"https:\/\/conventocefalu.com\/wp-content\/uploads\/2019\/03\/Convento-di-Cefal\u00f9.-La-spiaggia-del-Convento-in-inverno.-Camere-Vista-Mare-e-Spiaggia-a-Cefal\u00f9-e1554559374734.jpg","width":750,"height":563,"caption":"Couvent de Cefal\u00f9. Plage du couvent en hiver. Chambres avec vue sur la mer et la plage \u00e0 Cefal\u00f9"},{"@type":"BreadcrumbList","@id":"https:\/\/conventocefalu.com\/fr\/contacts\/#breadcrumb","itemListElement":[{"@type":"ListItem","position":1,"name":"Home","item":"https:\/\/conventocefalu.com\/fr\/"},{"@type":"ListItem","position":2,"name":"Contacts"}]},{"@type":"WebSite","@id":"https:\/\/conventocefalu.com\/fr\/#website","url":"https:\/\/conventocefalu.com\/fr\/","name":"Collegio di Maria","description":"Chambres vue mer dans lit et petit d\u00e9jeun\u00e9 - bed and breakfast - \u00e0 Cefalu, en Sicile.","potentialAction":[{"@type":"SearchAction","target":{"@type":"EntryPoint","urlTemplate":"https:\/\/conventocefalu.com\/fr\/?s={search_term_string}"},"query-input":{"@type":"PropertyValueSpecification","valueRequired":true,"valueName":"search_term_string"}}],"inLanguage":"fr-FR"}]}},"_links":{"self":[{"href":"https:\/\/conventocefalu.com\/fr\/wp-json\/wp\/v2\/pages\/11872"}],"collection":[{"href":"https:\/\/conventocefalu.com\/fr\/wp-json\/wp\/v2\/pages"}],"about":[{"href":"https:\/\/conventocefalu.com\/fr\/wp-json\/wp\/v2\/types\/page"}],"author":[{"embeddable":true,"href":"https:\/\/conventocefalu.com\/fr\/wp-json\/wp\/v2\/users\/1"}],"replies":[{"embeddable":true,"href":"https:\/\/conventocefalu.com\/fr\/wp-json\/wp\/v2\/comments?post=11872"}],"version-history":[{"count":0,"href":"https:\/\/conventocefalu.com\/fr\/wp-json\/wp\/v2\/pages\/11872\/revisions"}],"wp:featuredmedia":[{"embeddable":true,"href":"https:\/\/conventocefalu.com\/fr\/wp-json\/wp\/v2\/media\/10932"}],"wp:attachment":[{"href":"https:\/\/conventocefalu.com\/fr\/wp-json\/wp\/v2\/media?parent=11872"}],"curies":[{"name":"wp","href":"https:\/\/api.w.org\/{rel}","templated":true}]}}