{"id":11707,"date":"2019-04-15T11:24:51","date_gmt":"2019-04-15T11:24:51","guid":{"rendered":"https:\/\/www.conventocefalu.com\/?page_id=11707"},"modified":"2019-05-09T07:48:33","modified_gmt":"2019-05-09T07:48:33","slug":"attributions","status":"publish","type":"page","link":"https:\/\/conventocefalu.com\/fr\/attributions\/","title":{"rendered":"Attributions"},"content":{"rendered":"<div class=\"wpb-content-wrapper\"><p>[vc_row][vc_column][vc_empty_space height=\u00a0\u00bb40px\u00a0\u00bb]    <div class=\"content-text padding-0 st-default\">\r\n        <div class=\"st-text-center\">\r\n            <h2 class=\"text-center  style-3 \">Attributions<\/h2>\r\n            <div class=\"box__separator  hidden-thumb \"><\/div>\r\n            <div class=\"text-center\">Certaines images du site sont du type <em>Creative Commons<\/em><\/div>\r\n        <\/div>\r\n    <\/div>\r\n[vc_empty_space height=\u00a0\u00bb60px\u00a0\u00bb][\/vc_column][\/vc_row][vc_row][vc_column css=\u00a0\u00bb.vc_custom_1551322125345{padding-right: 0px !important;padding-left: 0px !important;}\u00a0\u00bb]\r\n\t    <div class=\"row list-group  st-gallery-grid\">\r\n\t    \t\t\t        <div class=\"item  col-lg-3 col-md-3 col-sm-3 col-xs-12\">\r\n\t\t            <div class=\"thumbnail\">\r\n\t\t                <a class=\"galleryItem\" href=\"https:\/\/conventocefalu.com\/wp-content\/uploads\/2019\/04\/640px-View_of_Cefalu_from_above_44945905581-e1554558803911.jpg\" data-group=\"grid\" title=\"\"><img decoding=\"async\" class=\"group list-group-image\" src=\"https:\/\/conventocefalu.com\/wp-content\/uploads\/2019\/04\/640px-View_of_Cefalu_from_above_44945905581-e1554558803911.jpg\" alt=\"640px-View_of_Cefalu_from_above_(44945905581)\" \/><\/a>\r\n\t\t            <\/div>\r\n\t\t        <\/div>\r\n\t\t    \t\t        <div class=\"item  col-lg-3 col-md-3 col-sm-3 col-xs-12\">\r\n\t\t            <div class=\"thumbnail\">\r\n\t\t                <a class=\"galleryItem\" href=\"https:\/\/conventocefalu.com\/wp-content\/uploads\/2019\/04\/640px-Cefal\u00f9_2-e1554558785918.jpg\" data-group=\"grid\" title=\"\"><img decoding=\"async\" class=\"group list-group-image\" src=\"https:\/\/conventocefalu.com\/wp-content\/uploads\/2019\/04\/640px-Cefal\u00f9_2-e1554558785918.jpg\" alt=\"640px-Cefal\u00f9_(2)\" \/><\/a>\r\n\t\t            <\/div>\r\n\t\t        <\/div>\r\n\t\t    \t\t        <div class=\"item  col-lg-3 col-md-3 col-sm-3 col-xs-12\">\r\n\t\t            <div class=\"thumbnail\">\r\n\t\t                <a class=\"galleryItem\" href=\"https:\/\/conventocefalu.com\/wp-content\/uploads\/2019\/04\/1200px-Cefal\u00f9_dal_monte-e1554558765752.jpg\" data-group=\"grid\" title=\"\"><img decoding=\"async\" class=\"group list-group-image\" src=\"https:\/\/conventocefalu.com\/wp-content\/uploads\/2019\/04\/1200px-Cefal\u00f9_dal_monte-e1554558765752.jpg\" alt=\"1200px-Cefal\u00f9_dal_monte\" \/><\/a>\r\n\t\t            <\/div>\r\n\t\t        <\/div>\r\n\t\t    \t\t        <div class=\"item  col-lg-3 col-md-3 col-sm-3 col-xs-12\">\r\n\t\t            <div class=\"thumbnail\">\r\n\t\t                <a class=\"galleryItem\" href=\"https:\/\/conventocefalu.com\/wp-content\/uploads\/2019\/03\/La-spiaggia-di-Cefal\u00f9-Foto-di-Matthias-S\u00fc\u00dfen.jpg\" data-group=\"grid\" title=\"\"><img decoding=\"async\" class=\"group list-group-image\" src=\"https:\/\/conventocefalu.com\/wp-content\/uploads\/2019\/03\/La-spiaggia-di-Cefal\u00f9-Foto-di-Matthias-S\u00fc\u00dfen.jpg\" alt=\"La spiaggia di Cefal\u00f9 - Foto di Matthias S\u00fc\u00dfen\" \/><\/a>\r\n\t\t            <\/div>\r\n\t\t        <\/div>\r\n\t\t    \t    <\/div>\r\n\t    <script type=\"text\/javascript\">\r\n\t    \tjQuery(function($) {\r\n\t    \t\tvar groups = {};\r\n\t\t\t\t$('.list-group.st-gallery-grid .item').each(function() {\r\n\t\t\t\t    var id = parseInt($(this).attr('data-group'), 10);\r\n\t\t\t\t\tif(!groups[id]) {\r\n\t\t\t\t    \tgroups[id] = [];\r\n\t\t\t\t\t}\r\n\r\n\t\t\t\t\tgroups[id].push( this );\r\n\t\t\t\t});\r\n\r\n\r\n\t\t\t\t$.each(groups, function() {\r\n\r\n\t\t\t\t  $(this).find(\".galleryItem\").magnificPopup({\r\n\t\t\t\t      type: 'image',\r\n\t\t\t\t      closeOnContentClick: true,\r\n\t\t\t\t      closeBtnInside: false,\r\n\t\t\t\t      gallery: { enabled:true }\r\n\t\t\t\t  })\r\n\t\t\t\t});\r\n\r\n\t\t    });\r\n\t    <\/script>\r\n[\/vc_column][\/vc_row][vc_row][vc_column][vc_column_text]<\/p>\n<p style=\"text-align: center;\">Le site contient des images soumises \u00e0 licence CC:<\/p>\n<p style=\"text-align: center;\"><a href=\"https:\/\/it.wikipedia.org\/wiki\/File:View_of_Cefalu_from_above_(44945905581).jpg\" target=\"_blank\" rel=\"noopener noreferrer\">Photo 1<\/a> | <a href=\"https:\/\/commons.wikimedia.org\/wiki\/File:Cefal%C3%B9_(2).jpg\" target=\"_blank\" rel=\"noopener noreferrer\">Photo 2<\/a> | <a href=\"https:\/\/upload.wikimedia.org\/wikipedia\/commons\/thumb\/3\/32\/Cefal%C3%B9_dal_monte.JPG\/1200px-Cefal%C3%B9_dal_monte.JPG\" target=\"_blank\" rel=\"noopener noreferrer\">Photo 3<\/a> | <a href=\"https:\/\/commons.wikimedia.org\/wiki\/File:Cefalu_msu2017-0809.jpg\" target=\"_blank\" rel=\"noopener noreferrer\">Photo 4<\/a><\/p>\n<p>[\/vc_column_text][vc_empty_space][\/vc_column][\/vc_row][vc_row][vc_column][vc_cta h2=\u00a0\u00bb\u00a0\u00bb h4=\u00a0\u00bbMentions l\u00e9gales\u00a0\u00bb]Toutes les images ont \u00e9t\u00e9 s\u00e9lectionn\u00e9es et ins\u00e9r\u00e9es dans le respect des droits (photos marqu\u00e9es pour la r\u00e9utilisation &#8211; CCO Creative Commons). Si une erreur est commise, les ajustements demand\u00e9s par les propri\u00e9taires l\u00e9gitimes seront effectu\u00e9s d\u00e8s que possible.[\/vc_cta][\/vc_column][\/vc_row]<\/p>\n<\/div>","protected":false},"excerpt":{"rendered":"<p>[vc_row][vc_column][vc_empty_space height=\u00a0\u00bb40px\u00a0\u00bb][vc_empty_space height=\u00a0\u00bb60px\u00a0\u00bb][\/vc_column][\/vc_row][vc_row][vc_column css=\u00a0\u00bb.vc_custom_1551322125345{padding-right: 0px !important;padding-left: 0px !important;}\u00a0\u00bb][\/vc_column][\/vc_row][vc_row][vc_column][vc_column_text] Le site contient des images soumises \u00e0 licence CC: Photo 1 | Photo 2 | Photo 3 | Photo 4 [\/vc_column_text][vc_empty_space][\/vc_column][\/vc_row][vc_row][vc_column][vc_cta h2=\u00a0\u00bb\u00a0\u00bb h4=\u00a0\u00bbMentions l\u00e9gales\u00a0\u00bb]Toutes les images ont \u00e9t\u00e9 s\u00e9lectionn\u00e9es et ins\u00e9r\u00e9es dans le respect des droits (photos marqu\u00e9es pour la r\u00e9utilisation &#8211; CCO Creative Commons). Si une [&hellip;]<\/p>\n","protected":false},"author":1,"featured_media":11122,"parent":0,"menu_order":0,"comment_status":"closed","ping_status":"closed","template":"template-single-hotel-modern.php","meta":{"footnotes":""},"class_list":["post-11707","page","type-page","status-publish","has-post-thumbnail","hentry"],"_links":{"self":[{"href":"https:\/\/conventocefalu.com\/fr\/wp-json\/wp\/v2\/pages\/11707"}],"collection":[{"href":"https:\/\/conventocefalu.com\/fr\/wp-json\/wp\/v2\/pages"}],"about":[{"href":"https:\/\/conventocefalu.com\/fr\/wp-json\/wp\/v2\/types\/page"}],"author":[{"embeddable":true,"href":"https:\/\/conventocefalu.com\/fr\/wp-json\/wp\/v2\/users\/1"}],"replies":[{"embeddable":true,"href":"https:\/\/conventocefalu.com\/fr\/wp-json\/wp\/v2\/comments?post=11707"}],"version-history":[{"count":0,"href":"https:\/\/conventocefalu.com\/fr\/wp-json\/wp\/v2\/pages\/11707\/revisions"}],"wp:featuredmedia":[{"embeddable":true,"href":"https:\/\/conventocefalu.com\/fr\/wp-json\/wp\/v2\/media\/11122"}],"wp:attachment":[{"href":"https:\/\/conventocefalu.com\/fr\/wp-json\/wp\/v2\/media?parent=11707"}],"curies":[{"name":"wp","href":"https:\/\/api.w.org\/{rel}","templated":true}]}}