{"id":12157,"date":"2019-04-04T17:46:09","date_gmt":"2019-04-04T17:46:09","guid":{"rendered":"https:\/\/www.conventocefalu.com\/termini-condizioni\/"},"modified":"2019-04-16T08:55:03","modified_gmt":"2019-04-16T08:55:03","slug":"terminos-y-condiciones","status":"publish","type":"page","link":"https:\/\/conventocefalu.com\/es\/terminos-y-condiciones\/","title":{"rendered":"T\u00e9rminos y condiciones"},"content":{"rendered":"<div class=\"wpb-content-wrapper\"><p>[vc_row][vc_column][vc_column_text]<\/p>\n<h5>Condiciones previas<\/h5>\n<p>El sitio www.conventocefalu.com (en adelante, el Sitio) es propiedad de la Congregaci\u00f3n de las Hermanas Colegiadas de la Sagrada Familia con sede en Palermo, en la v\u00eda Evangelista Di Blasi, 165, P.Iva IT 97060280829, (en adelante, la Propiedad). ).<\/p>\n<p>Este documento (en adelante, las Condiciones Generales) define los t\u00e9rminos y condiciones para el uso del Sitio y los servicios de reserva relativos. Estas Condiciones Generales, junto con las pol\u00edticas de privacidad adoptadas por la Compa\u00f1\u00eda, se consideran conocidas y totalmente aceptadas por el Usuario que navega y utiliza el Sitio. No es posible realizar ninguna reserva sin el previo conocimiento y aceptaci\u00f3n de las Condiciones Generales.<\/p>\n<p>El t\u00e9rmino Usuario se usa aqu\u00ed para referirse a todas las personas y \/ o empresas que acceden al Sitio o utilizan sus servicios.<\/p>\n<h5>\u00c1mbito de aplicaci\u00f3n<\/h5>\n<p>Estas Condiciones Generales se aplican a todas las visitas en l\u00ednea y las reservas realizadas a trav\u00e9s del Sitio.<\/p>\n<h5>Procedimiento de reserva<\/h5>\n<p>A trav\u00e9s del Sitio, los Usuarios pueden buscar la disponibilidad seg\u00fan las fechas elegidas por el Usuario. Para cada reserva individual, el sitio web especificar\u00e1 de manera clara y precisa los m\u00e9todos y condiciones de reserva.<\/p>\n<p>Una vez que el usuario ha encontrado la soluci\u00f3n adecuada para sus necesidades, debe ingresar sus propios datos para la atribuci\u00f3n de la reserva, as\u00ed como la tarjeta de cr\u00e9dito o los datos de PayPal necesarios para permitir el d\u00e9bito completo y anticipar el monto solicitado. El servicio elegido. El Usuario es responsable de la veracidad y exactitud de la informaci\u00f3n especificada en el Sitio.<\/p>\n<h5>Formas de pago y pago.<\/h5>\n<p>El pago de la tarifa de la reserva, incluido el IVA, se cobra por adelantado. El usuario, al hacer clic en el bot\u00f3n \u00abConfirmar reserva\u00bb, autoriza, por su parte, la transacci\u00f3n a las condiciones especificadas.<\/p>\n<p>La conclusi\u00f3n exitosa de la reserva est\u00e1 sujeta al resultado positivo de la transacci\u00f3n a trav\u00e9s de la tarjeta de cr\u00e9dito \/ Paypal (la Condici\u00f3n de Suspensi\u00f3n). Hasta el momento de la transacci\u00f3n, la compra de los servicios solicitados no se considerar\u00e1 completada.<\/p>\n<p>Despu\u00e9s del cumplimiento de la Condici\u00f3n de suspensi\u00f3n y la finalizaci\u00f3n de la transacci\u00f3n, la Propiedad enviar\u00e1 un correo electr\u00f3nico de confirmaci\u00f3n al Usuario con todos los detalles de la reserva confirmada, las condiciones de venta, los t\u00e9rminos de cancelaci\u00f3n y las sanciones y todas las referencias necesarias. Para la posterior gesti\u00f3n del mismo.<\/p>\n<p>La Propiedad declina toda responsabilidad por el uso no autorizado o incorrecto de la tarjeta de cr\u00e9dito del Usuario y por las consecuencias perjudiciales que puedan surgir de las transacciones realizadas con tarjeta de cr\u00e9dito que no est\u00e9n relacionadas con su esfera de control.<\/p>\n<p>La Propiedad declina toda responsabilidad en el caso de que, durante la reserva, el Usuario deba incurrir en errores o errores t\u00e9cnicos. En este caso, la reserva no ser\u00e1 considerada exitosa.<\/p>\n<h5>Modificaci\u00f3n y cancelaci\u00f3n de la reserva.<\/h5>\n<p>La modificaci\u00f3n o cancelaci\u00f3n de la reserva se realiza mediante el env\u00edo de un correo electr\u00f3nico a la direcci\u00f3n info@conventocefalu.com. Las condiciones relacionadas con la cancelaci\u00f3n y modificaci\u00f3n de la reserva var\u00edan seg\u00fan el tipo de estancia comprada. El Usuario puede modificar o cancelar la reserva exclusivamente si se establece en el momento de la compra y en las condiciones establecidas en relaci\u00f3n con la reserva individual y se especifica en detalle al momento de la compra y en el correo electr\u00f3nico de confirmaci\u00f3n de la reserva.<\/p>\n<h5>Exclusi\u00f3n del derecho de desistimiento.<\/h5>\n<p>Seg\u00fan el art. 55, p\u00e1rrafo 1, lett. b) del Decreto Legislativo 6 de septiembre de 2005, n. 206 (el C\u00f3digo del Consumidor), el derecho de desistimiento previsto para la protecci\u00f3n de los consumidores en el caso de contratos y propuestas contractuales a distancia o negociadas fuera de los locales comerciales (art\u00edculos 64 y siguientes) no se aplica a los contratos de alojamiento cuando el En el momento de la conclusi\u00f3n del contrato, el profesional se compromete a proporcionar estos servicios en una fecha espec\u00edfica o en un per\u00edodo preestablecido. Por lo tanto, el Usuario, sin perjuicio de las disposiciones relativas a la cancelaci\u00f3n de la reserva, no tiene derecho de desistimiento.<\/p>\n<h5>Fuerza mayor<\/h5>\n<p>La Propiedad y el Usuario no ser\u00e1n responsables entre s\u00ed por p\u00e9rdidas, da\u00f1os o demoras causadas por huelgas, disturbios laborales, cierres patronales, circunstancias imprevisibles, incendios, disposiciones legales y de adaptaci\u00f3n, \u00f3rdenes o regulaciones gubernamentales, insurrecciones, Estado de guerra o actos similares, elementos naturales, embargo de fuerza mayor o cualquier otra causa fuera de su control razonable.<\/p>\n<h5>Exclusi\u00f3n de garant\u00eda y responsabilidad<\/h5>\n<p>La Propiedad no garantiza la confiabilidad, ni la disponibilidad ni la continuidad de los servicios puestos a disposici\u00f3n del Usuario. Por lo tanto, declina toda responsabilidad por cualquier da\u00f1o de cualquier naturaleza debido a la falta de disponibilidad, confiabilidad o continuidad de su sitio web y sus servicios, aunque har\u00e1 todo lo posible para facilitar, en la medida de lo posible, asistencia t\u00e9cnica a la persona interesada.<\/p>\n<p>La Propiedad no se compromete a controlar ni controla previamente la ausencia de virus o elementos en los contenidos que puedan causar cambios en el software o hardware de los usuarios o de las personas que visitan los sitios. Por lo tanto, usted no ser\u00e1 responsable por cualquier da\u00f1o que resulte de ellos.<\/p>\n<h5>Ley aplicable y jurisdicci\u00f3n exclusiva.<\/h5>\n<p>Este Sitio y estas Condiciones Generales est\u00e1n totalmente sujetos a la ley italiana, que rige su conclusi\u00f3n, ejecuci\u00f3n y terminaci\u00f3n, y en base a la cual se interpretar\u00e1n, tambi\u00e9n con el prop\u00f3sito de resolver disputas que surjan de ellas.<\/p>\n<p>El Usuario acepta la jurisdicci\u00f3n exclusiva de la Autoridad Judicial italiana para resolver cualquier disputa relativa, a modo de ejemplo, pero no limitado a, la validez, aplicaci\u00f3n, interpretaci\u00f3n y ejecuci\u00f3n de las disposiciones de las Condiciones Generales, reconociendo tambi\u00e9n la competencia en V\u00eda exclusiva y vinculante del Poder Judicial del Tribunal de Palermo.<\/p>\n<h5>Idioma de las Condiciones Generales<\/h5>\n<p>El texto original de las Condiciones Generales ha sido escrito en italiano. El texto original en italiano puede haber sido traducido a otros idiomas. Las versiones traducidas son no oficiales y meramente con fines ilustrativos y, por lo tanto, sin valor legal. En caso de disputas o conflictos relacionados con su aplicaci\u00f3n o interpretaci\u00f3n, se har\u00e1 referencia exclusivamente en cada lugar y lugar y, para todos los fines legales, solo a la versi\u00f3n redactada en italiano.<\/p>\n<h5>Disposiciones finales<\/h5>\n<p>La nulidad de una o m\u00e1s cl\u00e1usulas o parte de ellas, no implica la nulidad de las Condiciones Generales o de la parte restante de la misma cl\u00e1usula.<\/p>\n<p>La reserva es personal y no se puede transferir libremente sin el consentimiento previo de la Propiedad.<\/p>\n<p>Cualquier comunicaci\u00f3n relacionada con estas Condiciones Generales y \/ o el uso del Sitio debe realizarse enviando un correo electr\u00f3nico a la siguiente direcci\u00f3n: info@conventocefalu.com.<\/p>\n<p>Estas Condiciones Generales se redactaron el 15 de abril de 2019. La Propiedad se reserva el derecho de modificar las Condiciones Generales, informando a los usuarios en el Sitio. Por lo tanto, se invita al Usuario a consultar las Condiciones Generales antes de cada acceso y \/ o o reserva.<\/p>\n<div><\/div>\n<p>[\/vc_column_text][\/vc_column][\/vc_row]<\/p>\n<\/div>","protected":false},"excerpt":{"rendered":"<p>[vc_row][vc_column][vc_column_text] Condiciones previas El sitio www.conventocefalu.com (en adelante, el Sitio) es propiedad de la Congregaci\u00f3n de las Hermanas Colegiadas de la Sagrada Familia con sede en Palermo, en la v\u00eda Evangelista Di Blasi, 165, P.Iva IT 97060280829, (en adelante, la Propiedad). ). Este documento (en adelante, las Condiciones Generales) define los t\u00e9rminos y condiciones para [&hellip;]<\/p>\n","protected":false},"author":1,"featured_media":11060,"parent":0,"menu_order":0,"comment_status":"open","ping_status":"open","template":"template-single-hotel-modern.php","meta":{"footnotes":""},"class_list":["post-12157","page","type-page","status-publish","has-post-thumbnail","hentry"],"yoast_head":"<!-- This site is optimized with the Yoast SEO plugin v27.3 - https:\/\/yoast.com\/product\/yoast-seo-wordpress\/ -->\n<title>T\u00e9rminos y condiciones - Convento de Cefal\u00f9 B&amp;B<\/title>\n<meta name=\"description\" content=\"T\u00e9rminos y condiciones del Convento Collegio di Maria de Cefal\u00f9, Sicilia.\" \/>\n<meta name=\"robots\" content=\"index, follow, max-snippet:-1, max-image-preview:large, max-video-preview:-1\" \/>\n<link rel=\"canonical\" href=\"https:\/\/conventocefalu.com\/es\/terminos-y-condiciones\/\" \/>\n<meta property=\"og:locale\" content=\"es_ES\" \/>\n<meta property=\"og:type\" content=\"article\" \/>\n<meta property=\"og:title\" content=\"T\u00e9rminos y condiciones - Convento de Cefal\u00f9 B&amp;B\" \/>\n<meta property=\"og:description\" content=\"T\u00e9rminos y condiciones del Convento Collegio di Maria de Cefal\u00f9, Sicilia.\" \/>\n<meta property=\"og:url\" content=\"https:\/\/conventocefalu.com\/es\/terminos-y-condiciones\/\" \/>\n<meta property=\"og:site_name\" content=\"Convento de Cefal\u00f9 B&amp;B\" \/>\n<meta property=\"article:publisher\" content=\"https:\/\/www.facebook.com\/ConventoCefalu\" \/>\n<meta property=\"article:modified_time\" content=\"2019-04-16T08:55:03+00:00\" \/>\n<meta property=\"og:image\" content=\"https:\/\/conventocefalu.com\/wp-content\/uploads\/2019\/04\/DSCN9541-e1554559023710.jpg\" \/>\n\t<meta property=\"og:image:width\" content=\"600\" \/>\n\t<meta property=\"og:image:height\" content=\"450\" \/>\n\t<meta property=\"og:image:type\" content=\"image\/jpeg\" \/>\n<meta name=\"twitter:card\" content=\"summary_large_image\" \/>\n<meta name=\"twitter:label1\" content=\"Tiempo de lectura\" \/>\n\t<meta name=\"twitter:data1\" content=\"6 minutos\" \/>\n<script type=\"application\/ld+json\" class=\"yoast-schema-graph\">{\"@context\":\"https:\\\/\\\/schema.org\",\"@graph\":[{\"@type\":\"WebPage\",\"@id\":\"https:\\\/\\\/conventocefalu.com\\\/es\\\/terminos-y-condiciones\\\/\",\"url\":\"https:\\\/\\\/conventocefalu.com\\\/es\\\/terminos-y-condiciones\\\/\",\"name\":\"T\u00e9rminos y condiciones - Convento de Cefal\u00f9 B&amp;B\",\"isPartOf\":{\"@id\":\"https:\\\/\\\/conventocefalu.com\\\/es\\\/#website\"},\"primaryImageOfPage\":{\"@id\":\"https:\\\/\\\/conventocefalu.com\\\/es\\\/terminos-y-condiciones\\\/#primaryimage\"},\"image\":{\"@id\":\"https:\\\/\\\/conventocefalu.com\\\/es\\\/terminos-y-condiciones\\\/#primaryimage\"},\"thumbnailUrl\":\"https:\\\/\\\/conventocefalu.com\\\/wp-content\\\/uploads\\\/2019\\\/04\\\/DSCN9541-e1554559023710.jpg\",\"datePublished\":\"2019-04-04T17:46:09+00:00\",\"dateModified\":\"2019-04-16T08:55:03+00:00\",\"description\":\"T\u00e9rminos y condiciones del Convento Collegio di Maria de Cefal\u00f9, Sicilia.\",\"breadcrumb\":{\"@id\":\"https:\\\/\\\/conventocefalu.com\\\/es\\\/terminos-y-condiciones\\\/#breadcrumb\"},\"inLanguage\":\"es\",\"potentialAction\":[{\"@type\":\"ReadAction\",\"target\":[\"https:\\\/\\\/conventocefalu.com\\\/es\\\/terminos-y-condiciones\\\/\"]}]},{\"@type\":\"ImageObject\",\"inLanguage\":\"es\",\"@id\":\"https:\\\/\\\/conventocefalu.com\\\/es\\\/terminos-y-condiciones\\\/#primaryimage\",\"url\":\"https:\\\/\\\/conventocefalu.com\\\/wp-content\\\/uploads\\\/2019\\\/04\\\/DSCN9541-e1554559023710.jpg\",\"contentUrl\":\"https:\\\/\\\/conventocefalu.com\\\/wp-content\\\/uploads\\\/2019\\\/04\\\/DSCN9541-e1554559023710.jpg\",\"width\":600,\"height\":450,\"caption\":\"Playa Blanca del Convento de Cefal\u00f9, Sicilia.\"},{\"@type\":\"BreadcrumbList\",\"@id\":\"https:\\\/\\\/conventocefalu.com\\\/es\\\/terminos-y-condiciones\\\/#breadcrumb\",\"itemListElement\":[{\"@type\":\"ListItem\",\"position\":1,\"name\":\"Home\",\"item\":\"https:\\\/\\\/conventocefalu.com\\\/es\\\/\"},{\"@type\":\"ListItem\",\"position\":2,\"name\":\"T\u00e9rminos y condiciones\"}]},{\"@type\":\"WebSite\",\"@id\":\"https:\\\/\\\/conventocefalu.com\\\/es\\\/#website\",\"url\":\"https:\\\/\\\/conventocefalu.com\\\/es\\\/\",\"name\":\"Collegio di Maria\",\"description\":\"Habitaciones con vista al mar en Bed and Breakfast en Cefalu, Sicilia.\",\"potentialAction\":[{\"@type\":\"SearchAction\",\"target\":{\"@type\":\"EntryPoint\",\"urlTemplate\":\"https:\\\/\\\/conventocefalu.com\\\/es\\\/?s={search_term_string}\"},\"query-input\":{\"@type\":\"PropertyValueSpecification\",\"valueRequired\":true,\"valueName\":\"search_term_string\"}}],\"inLanguage\":\"es\"}]}<\/script>\n<!-- \/ Yoast SEO plugin. -->","yoast_head_json":{"title":"T\u00e9rminos y condiciones - Convento de Cefal\u00f9 B&amp;B","description":"T\u00e9rminos y condiciones del Convento Collegio di Maria de Cefal\u00f9, Sicilia.","robots":{"index":"index","follow":"follow","max-snippet":"max-snippet:-1","max-image-preview":"max-image-preview:large","max-video-preview":"max-video-preview:-1"},"canonical":"https:\/\/conventocefalu.com\/es\/terminos-y-condiciones\/","og_locale":"es_ES","og_type":"article","og_title":"T\u00e9rminos y condiciones - Convento de Cefal\u00f9 B&amp;B","og_description":"T\u00e9rminos y condiciones del Convento Collegio di Maria de Cefal\u00f9, Sicilia.","og_url":"https:\/\/conventocefalu.com\/es\/terminos-y-condiciones\/","og_site_name":"Convento de Cefal\u00f9 B&amp;B","article_publisher":"https:\/\/www.facebook.com\/ConventoCefalu","article_modified_time":"2019-04-16T08:55:03+00:00","og_image":[{"width":600,"height":450,"url":"https:\/\/conventocefalu.com\/wp-content\/uploads\/2019\/04\/DSCN9541-e1554559023710.jpg","type":"image\/jpeg"}],"twitter_card":"summary_large_image","twitter_misc":{"Tiempo de lectura":"6 minutos"},"schema":{"@context":"https:\/\/schema.org","@graph":[{"@type":"WebPage","@id":"https:\/\/conventocefalu.com\/es\/terminos-y-condiciones\/","url":"https:\/\/conventocefalu.com\/es\/terminos-y-condiciones\/","name":"T\u00e9rminos y condiciones - Convento de Cefal\u00f9 B&amp;B","isPartOf":{"@id":"https:\/\/conventocefalu.com\/es\/#website"},"primaryImageOfPage":{"@id":"https:\/\/conventocefalu.com\/es\/terminos-y-condiciones\/#primaryimage"},"image":{"@id":"https:\/\/conventocefalu.com\/es\/terminos-y-condiciones\/#primaryimage"},"thumbnailUrl":"https:\/\/conventocefalu.com\/wp-content\/uploads\/2019\/04\/DSCN9541-e1554559023710.jpg","datePublished":"2019-04-04T17:46:09+00:00","dateModified":"2019-04-16T08:55:03+00:00","description":"T\u00e9rminos y condiciones del Convento Collegio di Maria de Cefal\u00f9, Sicilia.","breadcrumb":{"@id":"https:\/\/conventocefalu.com\/es\/terminos-y-condiciones\/#breadcrumb"},"inLanguage":"es","potentialAction":[{"@type":"ReadAction","target":["https:\/\/conventocefalu.com\/es\/terminos-y-condiciones\/"]}]},{"@type":"ImageObject","inLanguage":"es","@id":"https:\/\/conventocefalu.com\/es\/terminos-y-condiciones\/#primaryimage","url":"https:\/\/conventocefalu.com\/wp-content\/uploads\/2019\/04\/DSCN9541-e1554559023710.jpg","contentUrl":"https:\/\/conventocefalu.com\/wp-content\/uploads\/2019\/04\/DSCN9541-e1554559023710.jpg","width":600,"height":450,"caption":"Playa Blanca del Convento de Cefal\u00f9, Sicilia."},{"@type":"BreadcrumbList","@id":"https:\/\/conventocefalu.com\/es\/terminos-y-condiciones\/#breadcrumb","itemListElement":[{"@type":"ListItem","position":1,"name":"Home","item":"https:\/\/conventocefalu.com\/es\/"},{"@type":"ListItem","position":2,"name":"T\u00e9rminos y condiciones"}]},{"@type":"WebSite","@id":"https:\/\/conventocefalu.com\/es\/#website","url":"https:\/\/conventocefalu.com\/es\/","name":"Collegio di Maria","description":"Habitaciones con vista al mar en Bed and Breakfast en Cefalu, Sicilia.","potentialAction":[{"@type":"SearchAction","target":{"@type":"EntryPoint","urlTemplate":"https:\/\/conventocefalu.com\/es\/?s={search_term_string}"},"query-input":{"@type":"PropertyValueSpecification","valueRequired":true,"valueName":"search_term_string"}}],"inLanguage":"es"}]}},"_links":{"self":[{"href":"https:\/\/conventocefalu.com\/es\/wp-json\/wp\/v2\/pages\/12157"}],"collection":[{"href":"https:\/\/conventocefalu.com\/es\/wp-json\/wp\/v2\/pages"}],"about":[{"href":"https:\/\/conventocefalu.com\/es\/wp-json\/wp\/v2\/types\/page"}],"author":[{"embeddable":true,"href":"https:\/\/conventocefalu.com\/es\/wp-json\/wp\/v2\/users\/1"}],"replies":[{"embeddable":true,"href":"https:\/\/conventocefalu.com\/es\/wp-json\/wp\/v2\/comments?post=12157"}],"version-history":[{"count":0,"href":"https:\/\/conventocefalu.com\/es\/wp-json\/wp\/v2\/pages\/12157\/revisions"}],"wp:featuredmedia":[{"embeddable":true,"href":"https:\/\/conventocefalu.com\/es\/wp-json\/wp\/v2\/media\/11060"}],"wp:attachment":[{"href":"https:\/\/conventocefalu.com\/es\/wp-json\/wp\/v2\/media?parent=12157"}],"curies":[{"name":"wp","href":"https:\/\/api.w.org\/{rel}","templated":true}]}}