{"id":12016,"date":"2015-01-26T09:02:14","date_gmt":"2015-01-26T09:02:14","guid":{"rendered":"https:\/\/www.conventocefalu.com\/privacy-cookies\/"},"modified":"2019-04-15T18:14:17","modified_gmt":"2019-04-15T18:14:17","slug":"privacidad-y-cookies","status":"publish","type":"page","link":"https:\/\/conventocefalu.com\/es\/privacidad-y-cookies\/","title":{"rendered":"Privacidad y Cookies"},"content":{"rendered":"<div class=\"wpb-content-wrapper\"><p>[vc_row][vc_column][vc_column_text]<\/p>\n<h3>Pol\u00edtica de privacidad<\/h3>\n<p><strong>Informaci\u00f3n sobre el procesamiento de datos personales de conformidad con el C\u00f3digo de privacidad y el Reglamento europeo de privacidad (GDPR)<\/strong><\/p>\n<p>Il sito\u00a0<u>www.conventocefalu.com<\/u> \u00e8 di propriet\u00e0 della Congregazione delle Suore Collegine della Sacra Famiglia con sede in Palermo, in via Evangelista Di Blasi, 165, P.Iva IT 97060280829. La Propriet\u00e0 \u00e8 il soggetto titolare del trattamento dei dati. Questa Privacy Policy \u00e8 stata progettata per comunicarLe le nostre pratiche in materia di raccolta, utilizzo e divulgazione di dati personali. Si prega di leggere attentamente la presente informativa prima di utilizzare o inviare informazioni al Sito.<\/p>\n<p>Tenga en cuenta que, de conformidad con el art. 13 del Decreto Legislativo n. 196\/2003 (en adelante el C\u00f3digo de Privacidad) y del art. 13 del Reglamento de la UE n. 2016\/679 (en lo sucesivo, GDPR), que establece disposiciones para la protecci\u00f3n de las personas y otros sujetos relacionados con el procesamiento de datos personales, los datos personales proporcionados se procesar\u00e1n de conformidad con la legislaci\u00f3n mencionada y las obligaciones de confidencialidad de acuerdo con la disposici\u00f3n legislativa.<\/p>\n<p>La informaci\u00f3n que proporcione puede usarse para fines de marketing y \/ o promocionales solo con su consentimiento espec\u00edfico. En cualquier caso, se especifica que cualquier negativa a dar consentimiento para el procesamiento de datos con fines promocionales y de marketing no afecta la prestaci\u00f3n de servicios o el uso del Sitio.<\/p>\n<p>Para cualquier comunicaci\u00f3n, sugerencia o queja relacionada con esta Pol\u00edtica de privacidad, as\u00ed como para el ejercicio de los derechos en virtud del art. 7 del Decreto Legislativo 30 de junio de 2003 n. 196 y en virtud del art. 15 GDPR, lo invitamos a contactarnos a la siguiente direcci\u00f3n de correo electr\u00f3nico: info@conventocefalu.com.<\/p>\n<p>La Propiedad puede ocasionalmente actualizar esta declaraci\u00f3n de privacidad y, por lo tanto, le recomienda que visite esta p\u00e1gina regularmente para conocer los \u00faltimos cambios.<\/p>\n<h3>Cookies<\/h3>\n<div>\n<p>Esta pol\u00edtica de cookies explica qu\u00e9 son las cookies y c\u00f3mo las usamos. Debe leer esta pol\u00edtica para comprender qu\u00e9 son las cookies, c\u00f3mo las utilizamos, los tipos de cookies que utilizamos, la informaci\u00f3n que recopilamos mediante cookies y c\u00f3mo se utiliza esa informaci\u00f3n y c\u00f3mo controlar las preferencias de cookies.<\/p>\n<p>Para obtener m\u00e1s informaci\u00f3n sobre c\u00f3mo usamos, almacenamos y almacenamos su informaci\u00f3n personal de manera segura, consulte nuestra Pol\u00edtica de privacidad. Puede modificar o revocar su consentimiento de la declaraci\u00f3n de cookies en nuestro sitio web en cualquier momento.<\/p>\n<p>M\u00e1s informaci\u00f3n sobre qui\u00e9nes somos, c\u00f3mo puede contactarnos y c\u00f3mo tratamos los datos personales en nuestra Pol\u00edtica de privacidad.<\/p>\n<p>Su consentimiento se aplica al siguiente dominio: www.conventocefalu.com<\/p>\n<\/div>\n<h3>\u00bfQu\u00e9 son las cookies?<\/h3>\n<div>\n<p>Las cookies son peque\u00f1os archivos de texto que se utilizan para almacenar informaci\u00f3n peque\u00f1a. Las cookies se almacenan en su dispositivo cuando el sitio web se carga en su navegador. Estas cookies nos ayudan a hacer que el sitio web funcione correctamente, a que sea m\u00e1s seguro, a proporcionar una mejor experiencia de usuario, a comprender c\u00f3mo funciona el sitio web y a analizar qu\u00e9 funciona y d\u00f3nde debe mejorarse.<\/p>\n<\/div>\n<h3>\u00bfC\u00f3mo utilizamos las cookies?<\/h3>\n<div>\n<p>Como la mayor\u00eda de los servicios en l\u00ednea, nuestro sitio web utiliza cookies por una variedad de razones. Las cookies del sitio son generalmente necesarias para que el sitio funcione correctamente y no recopile ning\u00fan dato personal identificable.<\/p>\n<p>Las cookies de terceros que se utilizan en nuestros sitios web se utilizan principalmente para comprender c\u00f3mo funciona el sitio web, c\u00f3mo interactuar con nuestro sitio web, mantener nuestros servicios seguros, proporcionar anuncios que sean relevantes para usted y, en general, proporcionar una mejora y una mejor experiencia de usuario y ayuda para acelerar futuras interacciones con nuestro sitio web.<\/p>\n<\/div>\n<h3>\u00bfQu\u00e9 tipos de cookies utilizamos?<\/h3>\n<div>\n<p>Elementos esenciales: algunas cookies son esenciales para poder experimentar la funcionalidad completa de nuestro sitio. Nos permiten mantener sesiones de usuario y prevenir amenazas de seguridad. No recogen ni almacenan ninguna informaci\u00f3n personal. Por ejemplo, estas cookies le permiten acceder a su cuenta y agregar productos al carrito y realizar el pago de forma segura.<\/p>\n<p>Estad\u00edsticas: estas cookies almacenan informaci\u00f3n como el n\u00famero de visitantes al sitio web, el n\u00famero de visitantes \u00fanicos, las p\u00e1ginas del sitio web visitadas, la fuente de la visita, etc. Estos datos nos ayudan a comprender y analizar el rendimiento del sitio web y d\u00f3nde debe mejorarse.<\/p>\n<p>Funcional: estas son cookies que ayudan a ciertas caracter\u00edsticas no esenciales en nuestro sitio web. Estas caracter\u00edsticas incluyen la incorporaci\u00f3n de contenido como video o compartir contenido en el sitio web en las plataformas de redes sociales.<\/p>\n<p>Preferencias: estas cookies nos ayudan a memorizar la configuraci\u00f3n y preferencias de navegaci\u00f3n, como las preferencias de idioma, para tener una experiencia mejor y m\u00e1s eficiente en futuras visitas al sitio web.<\/p>\n\n<\/div>\n<h3>\u00bfC\u00f3mo puedo consultar las preferencias de cookies?<\/h3>\n<div>\n<p>Si decide cambiar sus preferencias m\u00e1s tarde a trav\u00e9s de la sesi\u00f3n de navegaci\u00f3n, puede hacer clic en la pesta\u00f1a \u00abPrivacidad y cookies\u00bb en la pantalla. Esto mostrar\u00e1 nuevamente el aviso de consentimiento que le permite cambiar sus preferencias o retirar su consentimiento por completo.<\/p>\n<p>Adem\u00e1s de esto, los diferentes navegadores ofrecen diferentes m\u00e9todos para bloquear y eliminar las cookies utilizadas por los sitios web. Puede cambiar la configuraci\u00f3n de su navegador para bloquear \/ eliminar cookies. Para obtener m\u00e1s informaci\u00f3n sobre c\u00f3mo administrar y eliminar las cookies, visite wikipedia.org, www.allaboutcookies.org.<\/p>\n<\/div>\n<p>[\/vc_column_text][\/vc_column][\/vc_row]<\/p>\n<\/div>","protected":false},"excerpt":{"rendered":"<p>[vc_row][vc_column][vc_column_text] Pol\u00edtica de privacidad Informaci\u00f3n sobre el procesamiento de datos personales de conformidad con el C\u00f3digo de privacidad y el Reglamento europeo de privacidad (GDPR) Il sito\u00a0www.conventocefalu.com \u00e8 di propriet\u00e0 della Congregazione delle Suore Collegine della Sacra Famiglia con sede in Palermo, in via Evangelista Di Blasi, 165, P.Iva IT 97060280829. La Propriet\u00e0 \u00e8 il [&hellip;]<\/p>\n","protected":false},"author":1,"featured_media":11060,"parent":0,"menu_order":0,"comment_status":"open","ping_status":"open","template":"template-single-hotel-modern.php","meta":{"footnotes":""},"class_list":["post-12016","page","type-page","status-publish","has-post-thumbnail","hentry"],"yoast_head":"<!-- This site is optimized with the Yoast SEO plugin v27.4 - https:\/\/yoast.com\/product\/yoast-seo-wordpress\/ -->\n<title>Privacidad y Cookies - Convento de Cefal\u00f9 B&amp;B<\/title>\n<meta name=\"description\" content=\"Privacidad y cookies del Convento Collegio di Maria de Cefal\u00f9, Sicilia.\" \/>\n<meta name=\"robots\" content=\"index, follow, max-snippet:-1, max-image-preview:large, max-video-preview:-1\" \/>\n<link rel=\"canonical\" href=\"https:\/\/conventocefalu.com\/es\/privacidad-y-cookies\/\" \/>\n<meta property=\"og:locale\" content=\"es_ES\" \/>\n<meta property=\"og:type\" content=\"article\" \/>\n<meta property=\"og:title\" content=\"Privacidad y Cookies - Convento de Cefal\u00f9 B&amp;B\" \/>\n<meta property=\"og:description\" content=\"Privacidad y cookies del Convento Collegio di Maria de Cefal\u00f9, Sicilia.\" \/>\n<meta property=\"og:url\" content=\"https:\/\/conventocefalu.com\/es\/privacidad-y-cookies\/\" \/>\n<meta property=\"og:site_name\" content=\"Convento de Cefal\u00f9 B&amp;B\" \/>\n<meta property=\"article:publisher\" content=\"https:\/\/www.facebook.com\/ConventoCefalu\" \/>\n<meta property=\"article:modified_time\" content=\"2019-04-15T18:14:17+00:00\" \/>\n<meta property=\"og:image\" content=\"https:\/\/conventocefalu.com\/wp-content\/uploads\/2019\/04\/DSCN9541-e1554559023710.jpg\" \/>\n\t<meta property=\"og:image:width\" content=\"600\" \/>\n\t<meta property=\"og:image:height\" content=\"450\" \/>\n\t<meta property=\"og:image:type\" content=\"image\/jpeg\" \/>\n<meta name=\"twitter:card\" content=\"summary_large_image\" \/>\n<meta name=\"twitter:label1\" content=\"Tiempo de lectura\" \/>\n\t<meta name=\"twitter:data1\" content=\"5 minutos\" \/>\n<script type=\"application\/ld+json\" class=\"yoast-schema-graph\">{\"@context\":\"https:\\\/\\\/schema.org\",\"@graph\":[{\"@type\":\"WebPage\",\"@id\":\"https:\\\/\\\/conventocefalu.com\\\/es\\\/privacidad-y-cookies\\\/\",\"url\":\"https:\\\/\\\/conventocefalu.com\\\/es\\\/privacidad-y-cookies\\\/\",\"name\":\"Privacidad y Cookies - Convento de Cefal\u00f9 B&amp;B\",\"isPartOf\":{\"@id\":\"https:\\\/\\\/conventocefalu.com\\\/es\\\/#website\"},\"primaryImageOfPage\":{\"@id\":\"https:\\\/\\\/conventocefalu.com\\\/es\\\/privacidad-y-cookies\\\/#primaryimage\"},\"image\":{\"@id\":\"https:\\\/\\\/conventocefalu.com\\\/es\\\/privacidad-y-cookies\\\/#primaryimage\"},\"thumbnailUrl\":\"https:\\\/\\\/conventocefalu.com\\\/wp-content\\\/uploads\\\/2019\\\/04\\\/DSCN9541-e1554559023710.jpg\",\"datePublished\":\"2015-01-26T09:02:14+00:00\",\"dateModified\":\"2019-04-15T18:14:17+00:00\",\"description\":\"Privacidad y cookies del Convento Collegio di Maria de Cefal\u00f9, Sicilia.\",\"breadcrumb\":{\"@id\":\"https:\\\/\\\/conventocefalu.com\\\/es\\\/privacidad-y-cookies\\\/#breadcrumb\"},\"inLanguage\":\"es\",\"potentialAction\":[{\"@type\":\"ReadAction\",\"target\":[\"https:\\\/\\\/conventocefalu.com\\\/es\\\/privacidad-y-cookies\\\/\"]}]},{\"@type\":\"ImageObject\",\"inLanguage\":\"es\",\"@id\":\"https:\\\/\\\/conventocefalu.com\\\/es\\\/privacidad-y-cookies\\\/#primaryimage\",\"url\":\"https:\\\/\\\/conventocefalu.com\\\/wp-content\\\/uploads\\\/2019\\\/04\\\/DSCN9541-e1554559023710.jpg\",\"contentUrl\":\"https:\\\/\\\/conventocefalu.com\\\/wp-content\\\/uploads\\\/2019\\\/04\\\/DSCN9541-e1554559023710.jpg\",\"width\":600,\"height\":450,\"caption\":\"Playa Blanca del Convento de Cefal\u00f9, Sicilia.\"},{\"@type\":\"BreadcrumbList\",\"@id\":\"https:\\\/\\\/conventocefalu.com\\\/es\\\/privacidad-y-cookies\\\/#breadcrumb\",\"itemListElement\":[{\"@type\":\"ListItem\",\"position\":1,\"name\":\"Home\",\"item\":\"https:\\\/\\\/conventocefalu.com\\\/es\\\/\"},{\"@type\":\"ListItem\",\"position\":2,\"name\":\"Privacidad y Cookies\"}]},{\"@type\":\"WebSite\",\"@id\":\"https:\\\/\\\/conventocefalu.com\\\/es\\\/#website\",\"url\":\"https:\\\/\\\/conventocefalu.com\\\/es\\\/\",\"name\":\"Collegio di Maria\",\"description\":\"Habitaciones con vista al mar en Bed and Breakfast en Cefalu, Sicilia.\",\"potentialAction\":[{\"@type\":\"SearchAction\",\"target\":{\"@type\":\"EntryPoint\",\"urlTemplate\":\"https:\\\/\\\/conventocefalu.com\\\/es\\\/?s={search_term_string}\"},\"query-input\":{\"@type\":\"PropertyValueSpecification\",\"valueRequired\":true,\"valueName\":\"search_term_string\"}}],\"inLanguage\":\"es\"}]}<\/script>\n<!-- \/ Yoast SEO plugin. -->","yoast_head_json":{"title":"Privacidad y Cookies - Convento de Cefal\u00f9 B&amp;B","description":"Privacidad y cookies del Convento Collegio di Maria de Cefal\u00f9, Sicilia.","robots":{"index":"index","follow":"follow","max-snippet":"max-snippet:-1","max-image-preview":"max-image-preview:large","max-video-preview":"max-video-preview:-1"},"canonical":"https:\/\/conventocefalu.com\/es\/privacidad-y-cookies\/","og_locale":"es_ES","og_type":"article","og_title":"Privacidad y Cookies - Convento de Cefal\u00f9 B&amp;B","og_description":"Privacidad y cookies del Convento Collegio di Maria de Cefal\u00f9, Sicilia.","og_url":"https:\/\/conventocefalu.com\/es\/privacidad-y-cookies\/","og_site_name":"Convento de Cefal\u00f9 B&amp;B","article_publisher":"https:\/\/www.facebook.com\/ConventoCefalu","article_modified_time":"2019-04-15T18:14:17+00:00","og_image":[{"width":600,"height":450,"url":"https:\/\/conventocefalu.com\/wp-content\/uploads\/2019\/04\/DSCN9541-e1554559023710.jpg","type":"image\/jpeg"}],"twitter_card":"summary_large_image","twitter_misc":{"Tiempo de lectura":"5 minutos"},"schema":{"@context":"https:\/\/schema.org","@graph":[{"@type":"WebPage","@id":"https:\/\/conventocefalu.com\/es\/privacidad-y-cookies\/","url":"https:\/\/conventocefalu.com\/es\/privacidad-y-cookies\/","name":"Privacidad y Cookies - Convento de Cefal\u00f9 B&amp;B","isPartOf":{"@id":"https:\/\/conventocefalu.com\/es\/#website"},"primaryImageOfPage":{"@id":"https:\/\/conventocefalu.com\/es\/privacidad-y-cookies\/#primaryimage"},"image":{"@id":"https:\/\/conventocefalu.com\/es\/privacidad-y-cookies\/#primaryimage"},"thumbnailUrl":"https:\/\/conventocefalu.com\/wp-content\/uploads\/2019\/04\/DSCN9541-e1554559023710.jpg","datePublished":"2015-01-26T09:02:14+00:00","dateModified":"2019-04-15T18:14:17+00:00","description":"Privacidad y cookies del Convento Collegio di Maria de Cefal\u00f9, Sicilia.","breadcrumb":{"@id":"https:\/\/conventocefalu.com\/es\/privacidad-y-cookies\/#breadcrumb"},"inLanguage":"es","potentialAction":[{"@type":"ReadAction","target":["https:\/\/conventocefalu.com\/es\/privacidad-y-cookies\/"]}]},{"@type":"ImageObject","inLanguage":"es","@id":"https:\/\/conventocefalu.com\/es\/privacidad-y-cookies\/#primaryimage","url":"https:\/\/conventocefalu.com\/wp-content\/uploads\/2019\/04\/DSCN9541-e1554559023710.jpg","contentUrl":"https:\/\/conventocefalu.com\/wp-content\/uploads\/2019\/04\/DSCN9541-e1554559023710.jpg","width":600,"height":450,"caption":"Playa Blanca del Convento de Cefal\u00f9, Sicilia."},{"@type":"BreadcrumbList","@id":"https:\/\/conventocefalu.com\/es\/privacidad-y-cookies\/#breadcrumb","itemListElement":[{"@type":"ListItem","position":1,"name":"Home","item":"https:\/\/conventocefalu.com\/es\/"},{"@type":"ListItem","position":2,"name":"Privacidad y Cookies"}]},{"@type":"WebSite","@id":"https:\/\/conventocefalu.com\/es\/#website","url":"https:\/\/conventocefalu.com\/es\/","name":"Collegio di Maria","description":"Habitaciones con vista al mar en Bed and Breakfast en Cefalu, Sicilia.","potentialAction":[{"@type":"SearchAction","target":{"@type":"EntryPoint","urlTemplate":"https:\/\/conventocefalu.com\/es\/?s={search_term_string}"},"query-input":{"@type":"PropertyValueSpecification","valueRequired":true,"valueName":"search_term_string"}}],"inLanguage":"es"}]}},"_links":{"self":[{"href":"https:\/\/conventocefalu.com\/es\/wp-json\/wp\/v2\/pages\/12016"}],"collection":[{"href":"https:\/\/conventocefalu.com\/es\/wp-json\/wp\/v2\/pages"}],"about":[{"href":"https:\/\/conventocefalu.com\/es\/wp-json\/wp\/v2\/types\/page"}],"author":[{"embeddable":true,"href":"https:\/\/conventocefalu.com\/es\/wp-json\/wp\/v2\/users\/1"}],"replies":[{"embeddable":true,"href":"https:\/\/conventocefalu.com\/es\/wp-json\/wp\/v2\/comments?post=12016"}],"version-history":[{"count":0,"href":"https:\/\/conventocefalu.com\/es\/wp-json\/wp\/v2\/pages\/12016\/revisions"}],"wp:featuredmedia":[{"embeddable":true,"href":"https:\/\/conventocefalu.com\/es\/wp-json\/wp\/v2\/media\/11060"}],"wp:attachment":[{"href":"https:\/\/conventocefalu.com\/es\/wp-json\/wp\/v2\/media?parent=12016"}],"curies":[{"name":"wp","href":"https:\/\/api.w.org\/{rel}","templated":true}]}}