{"id":11967,"date":"2019-04-05T15:51:52","date_gmt":"2019-04-05T15:51:52","guid":{"rendered":"https:\/\/www.conventocefalu.com\/login\/"},"modified":"2019-04-15T16:52:10","modified_gmt":"2019-04-15T16:52:10","slug":"inicio-de-sesion-de-usuario","status":"publish","type":"page","link":"https:\/\/conventocefalu.com\/es\/inicio-de-sesion-de-usuario\/","title":{"rendered":"Inicio de sesi\u00f3n de usuario | Collegio di Maria"},"content":{"rendered":"\n<figure class=\"wp-block-image is-resized\"><img loading=\"lazy\" decoding=\"async\" src=\"https:\/\/www.conventocefalu.com\/wp-content\/uploads\/2019\/03\/Convento-di-Cefalu-in-formula-di-Bed-and-Breakfast-nel-centro-storico-di-Cefalu-Sicilia-1024x1024.png\" alt=\"Convento di Cefalu in formula di Bed and Breakfast nel centro storico di Cefalu, Sicilia\" class=\"wp-image-2416\" width=\"459\" height=\"459\"\/><\/figure>\n","protected":false},"excerpt":{"rendered":"","protected":false},"author":1,"featured_media":10915,"parent":0,"menu_order":0,"comment_status":"closed","ping_status":"closed","template":"template-login.php","meta":{"footnotes":""},"class_list":["post-11967","page","type-page","status-publish","has-post-thumbnail","hentry"],"yoast_head":"<!-- This site is optimized with the Yoast SEO plugin v27.4 - https:\/\/yoast.com\/product\/yoast-seo-wordpress\/ -->\n<title>Inicio de sesi\u00f3n de usuario | Collegio di Maria - Convento de Cefal\u00f9 B&amp;B<\/title>\n<meta name=\"description\" content=\"Acceder en el Colegio de Mar\u00eda de Cefal\u00fa. El convento m\u00e1s bello de Italia, directamente en la playa de Cefal\u00fa en Sicilia.\" \/>\n<meta name=\"robots\" content=\"index, follow, max-snippet:-1, max-image-preview:large, max-video-preview:-1\" \/>\n<link rel=\"canonical\" href=\"https:\/\/conventocefalu.com\/es\/inicio-de-sesion-de-usuario\/\" \/>\n<meta property=\"og:locale\" content=\"es_ES\" \/>\n<meta property=\"og:type\" content=\"article\" \/>\n<meta property=\"og:title\" content=\"Inicio de sesi\u00f3n de usuario | Collegio di Maria - Convento de Cefal\u00f9 B&amp;B\" \/>\n<meta property=\"og:description\" content=\"Acceder en el Colegio de Mar\u00eda de Cefal\u00fa. El convento m\u00e1s bello de Italia, directamente en la playa de Cefal\u00fa en Sicilia.\" \/>\n<meta property=\"og:url\" content=\"https:\/\/conventocefalu.com\/es\/inicio-de-sesion-de-usuario\/\" \/>\n<meta property=\"og:site_name\" content=\"Convento de Cefal\u00f9 B&amp;B\" \/>\n<meta property=\"article:publisher\" content=\"https:\/\/www.facebook.com\/ConventoCefalu\" \/>\n<meta property=\"article:modified_time\" content=\"2019-04-15T16:52:10+00:00\" \/>\n<meta property=\"og:image\" content=\"https:\/\/conventocefalu.com\/wp-content\/uploads\/2019\/03\/Convento-di-Cefalu--e1554559450593.jpg\" \/>\n\t<meta property=\"og:image:width\" content=\"900\" \/>\n\t<meta property=\"og:image:height\" content=\"612\" \/>\n\t<meta property=\"og:image:type\" content=\"image\/jpeg\" \/>\n<meta name=\"twitter:card\" content=\"summary_large_image\" \/>\n<script type=\"application\/ld+json\" class=\"yoast-schema-graph\">{\"@context\":\"https:\\\/\\\/schema.org\",\"@graph\":[{\"@type\":\"WebPage\",\"@id\":\"https:\\\/\\\/conventocefalu.com\\\/es\\\/inicio-de-sesion-de-usuario\\\/\",\"url\":\"https:\\\/\\\/conventocefalu.com\\\/es\\\/inicio-de-sesion-de-usuario\\\/\",\"name\":\"Inicio de sesi\u00f3n de usuario | Collegio di Maria - Convento de Cefal\u00f9 B&amp;B\",\"isPartOf\":{\"@id\":\"https:\\\/\\\/conventocefalu.com\\\/es\\\/#website\"},\"primaryImageOfPage\":{\"@id\":\"https:\\\/\\\/conventocefalu.com\\\/es\\\/inicio-de-sesion-de-usuario\\\/#primaryimage\"},\"image\":{\"@id\":\"https:\\\/\\\/conventocefalu.com\\\/es\\\/inicio-de-sesion-de-usuario\\\/#primaryimage\"},\"thumbnailUrl\":\"https:\\\/\\\/conventocefalu.com\\\/wp-content\\\/uploads\\\/2019\\\/03\\\/Convento-di-Cefalu--e1554559450593.jpg\",\"datePublished\":\"2019-04-05T15:51:52+00:00\",\"dateModified\":\"2019-04-15T16:52:10+00:00\",\"description\":\"Acceder en el Colegio de Mar\u00eda de Cefal\u00fa. El convento m\u00e1s bello de Italia, directamente en la playa de Cefal\u00fa en Sicilia.\",\"breadcrumb\":{\"@id\":\"https:\\\/\\\/conventocefalu.com\\\/es\\\/inicio-de-sesion-de-usuario\\\/#breadcrumb\"},\"inLanguage\":\"es\",\"potentialAction\":[{\"@type\":\"ReadAction\",\"target\":[\"https:\\\/\\\/conventocefalu.com\\\/es\\\/inicio-de-sesion-de-usuario\\\/\"]}]},{\"@type\":\"ImageObject\",\"inLanguage\":\"es\",\"@id\":\"https:\\\/\\\/conventocefalu.com\\\/es\\\/inicio-de-sesion-de-usuario\\\/#primaryimage\",\"url\":\"https:\\\/\\\/conventocefalu.com\\\/wp-content\\\/uploads\\\/2019\\\/03\\\/Convento-di-Cefalu--e1554559450593.jpg\",\"contentUrl\":\"https:\\\/\\\/conventocefalu.com\\\/wp-content\\\/uploads\\\/2019\\\/03\\\/Convento-di-Cefalu--e1554559450593.jpg\",\"width\":900,\"height\":612,\"caption\":\"Convento de Cefalu, Sicilia | Foto de Tam\u00e1s Szab\u00f3 de Kolozsv\u00e1r, Rom\u00e1nia.\"},{\"@type\":\"BreadcrumbList\",\"@id\":\"https:\\\/\\\/conventocefalu.com\\\/es\\\/inicio-de-sesion-de-usuario\\\/#breadcrumb\",\"itemListElement\":[{\"@type\":\"ListItem\",\"position\":1,\"name\":\"Home\",\"item\":\"https:\\\/\\\/conventocefalu.com\\\/es\\\/\"},{\"@type\":\"ListItem\",\"position\":2,\"name\":\"Inicio de sesi\u00f3n de usuario | Collegio di Maria\"}]},{\"@type\":\"WebSite\",\"@id\":\"https:\\\/\\\/conventocefalu.com\\\/es\\\/#website\",\"url\":\"https:\\\/\\\/conventocefalu.com\\\/es\\\/\",\"name\":\"Collegio di Maria\",\"description\":\"Habitaciones con vista al mar en Bed and Breakfast en Cefalu, Sicilia.\",\"potentialAction\":[{\"@type\":\"SearchAction\",\"target\":{\"@type\":\"EntryPoint\",\"urlTemplate\":\"https:\\\/\\\/conventocefalu.com\\\/es\\\/?s={search_term_string}\"},\"query-input\":{\"@type\":\"PropertyValueSpecification\",\"valueRequired\":true,\"valueName\":\"search_term_string\"}}],\"inLanguage\":\"es\"}]}<\/script>\n<!-- \/ Yoast SEO plugin. -->","yoast_head_json":{"title":"Inicio de sesi\u00f3n de usuario | Collegio di Maria - Convento de Cefal\u00f9 B&amp;B","description":"Acceder en el Colegio de Mar\u00eda de Cefal\u00fa. El convento m\u00e1s bello de Italia, directamente en la playa de Cefal\u00fa en Sicilia.","robots":{"index":"index","follow":"follow","max-snippet":"max-snippet:-1","max-image-preview":"max-image-preview:large","max-video-preview":"max-video-preview:-1"},"canonical":"https:\/\/conventocefalu.com\/es\/inicio-de-sesion-de-usuario\/","og_locale":"es_ES","og_type":"article","og_title":"Inicio de sesi\u00f3n de usuario | Collegio di Maria - Convento de Cefal\u00f9 B&amp;B","og_description":"Acceder en el Colegio de Mar\u00eda de Cefal\u00fa. El convento m\u00e1s bello de Italia, directamente en la playa de Cefal\u00fa en Sicilia.","og_url":"https:\/\/conventocefalu.com\/es\/inicio-de-sesion-de-usuario\/","og_site_name":"Convento de Cefal\u00f9 B&amp;B","article_publisher":"https:\/\/www.facebook.com\/ConventoCefalu","article_modified_time":"2019-04-15T16:52:10+00:00","og_image":[{"width":900,"height":612,"url":"https:\/\/conventocefalu.com\/wp-content\/uploads\/2019\/03\/Convento-di-Cefalu--e1554559450593.jpg","type":"image\/jpeg"}],"twitter_card":"summary_large_image","schema":{"@context":"https:\/\/schema.org","@graph":[{"@type":"WebPage","@id":"https:\/\/conventocefalu.com\/es\/inicio-de-sesion-de-usuario\/","url":"https:\/\/conventocefalu.com\/es\/inicio-de-sesion-de-usuario\/","name":"Inicio de sesi\u00f3n de usuario | Collegio di Maria - Convento de Cefal\u00f9 B&amp;B","isPartOf":{"@id":"https:\/\/conventocefalu.com\/es\/#website"},"primaryImageOfPage":{"@id":"https:\/\/conventocefalu.com\/es\/inicio-de-sesion-de-usuario\/#primaryimage"},"image":{"@id":"https:\/\/conventocefalu.com\/es\/inicio-de-sesion-de-usuario\/#primaryimage"},"thumbnailUrl":"https:\/\/conventocefalu.com\/wp-content\/uploads\/2019\/03\/Convento-di-Cefalu--e1554559450593.jpg","datePublished":"2019-04-05T15:51:52+00:00","dateModified":"2019-04-15T16:52:10+00:00","description":"Acceder en el Colegio de Mar\u00eda de Cefal\u00fa. El convento m\u00e1s bello de Italia, directamente en la playa de Cefal\u00fa en Sicilia.","breadcrumb":{"@id":"https:\/\/conventocefalu.com\/es\/inicio-de-sesion-de-usuario\/#breadcrumb"},"inLanguage":"es","potentialAction":[{"@type":"ReadAction","target":["https:\/\/conventocefalu.com\/es\/inicio-de-sesion-de-usuario\/"]}]},{"@type":"ImageObject","inLanguage":"es","@id":"https:\/\/conventocefalu.com\/es\/inicio-de-sesion-de-usuario\/#primaryimage","url":"https:\/\/conventocefalu.com\/wp-content\/uploads\/2019\/03\/Convento-di-Cefalu--e1554559450593.jpg","contentUrl":"https:\/\/conventocefalu.com\/wp-content\/uploads\/2019\/03\/Convento-di-Cefalu--e1554559450593.jpg","width":900,"height":612,"caption":"Convento de Cefalu, Sicilia | Foto de Tam\u00e1s Szab\u00f3 de Kolozsv\u00e1r, Rom\u00e1nia."},{"@type":"BreadcrumbList","@id":"https:\/\/conventocefalu.com\/es\/inicio-de-sesion-de-usuario\/#breadcrumb","itemListElement":[{"@type":"ListItem","position":1,"name":"Home","item":"https:\/\/conventocefalu.com\/es\/"},{"@type":"ListItem","position":2,"name":"Inicio de sesi\u00f3n de usuario | Collegio di Maria"}]},{"@type":"WebSite","@id":"https:\/\/conventocefalu.com\/es\/#website","url":"https:\/\/conventocefalu.com\/es\/","name":"Collegio di Maria","description":"Habitaciones con vista al mar en Bed and Breakfast en Cefalu, Sicilia.","potentialAction":[{"@type":"SearchAction","target":{"@type":"EntryPoint","urlTemplate":"https:\/\/conventocefalu.com\/es\/?s={search_term_string}"},"query-input":{"@type":"PropertyValueSpecification","valueRequired":true,"valueName":"search_term_string"}}],"inLanguage":"es"}]}},"_links":{"self":[{"href":"https:\/\/conventocefalu.com\/es\/wp-json\/wp\/v2\/pages\/11967"}],"collection":[{"href":"https:\/\/conventocefalu.com\/es\/wp-json\/wp\/v2\/pages"}],"about":[{"href":"https:\/\/conventocefalu.com\/es\/wp-json\/wp\/v2\/types\/page"}],"author":[{"embeddable":true,"href":"https:\/\/conventocefalu.com\/es\/wp-json\/wp\/v2\/users\/1"}],"replies":[{"embeddable":true,"href":"https:\/\/conventocefalu.com\/es\/wp-json\/wp\/v2\/comments?post=11967"}],"version-history":[{"count":0,"href":"https:\/\/conventocefalu.com\/es\/wp-json\/wp\/v2\/pages\/11967\/revisions"}],"wp:featuredmedia":[{"embeddable":true,"href":"https:\/\/conventocefalu.com\/es\/wp-json\/wp\/v2\/media\/10915"}],"wp:attachment":[{"href":"https:\/\/conventocefalu.com\/es\/wp-json\/wp\/v2\/media?parent=11967"}],"curies":[{"name":"wp","href":"https:\/\/api.w.org\/{rel}","templated":true}]}}