{"id":11946,"date":"2019-03-11T08:13:41","date_gmt":"2019-03-11T08:13:41","guid":{"rendered":"https:\/\/www.conventocefalu.com\/galleria-delle-foto-del-convento-di-cefalu\/"},"modified":"2019-04-15T16:39:54","modified_gmt":"2019-04-15T16:39:54","slug":"galeria-de-fotos-del-convento-de-cefalu","status":"publish","type":"page","link":"https:\/\/conventocefalu.com\/es\/galeria-de-fotos-del-convento-de-cefalu\/","title":{"rendered":"Galeria"},"content":{"rendered":"<div class=\"wpb-content-wrapper\"><p>[vc_row][vc_column]    <div class=\"content-text padding-0 st-default\">\r\n        <div class=\"st-text-center\">\r\n            <h2 class=\"text-center  style-3 \">Im\u00e1genes de Cefalu<\/h2>\r\n            <div class=\"box__separator  hidden-thumb \"><\/div>\r\n            <div class=\"text-center\">Galer\u00eda de fotos de los amigos del convento de Cefal\u00f9. Env\u00edenos fotos de sus vacaciones en Cefal\u00f9 o etiqu\u00e9telas en Instagram con #conventocefalu<\/div>\r\n        <\/div>\r\n    <\/div>\r\n[vc_empty_space height=\u00bb60px\u00bb][\/vc_column][\/vc_row][vc_row][vc_column css=\u00bb.vc_custom_1551322125345{padding-right: 0px !important;padding-left: 0px !important;}\u00bb][vc_row_inner][vc_column_inner]\t\t<div class=\"list-group  st-gallery-masonry\">\r\n\t\t\t<div class=\"grid\">\r\n\t\t\t\t\t\t\t\t     <div class=\"grid-item col-lg-3 col-md-3 col-sm-3 col-xs-12\">\r\n\t\t\t\t        <div class=\"image-masony\">\r\n\t\t\t\t        \t<a class=\"galleryItem\" href=\"https:\/\/conventocefalu.com\/wp-content\/uploads\/2019\/04\/Ingress-del-Duomo-di-Cefal\u00f9\u00e0.jpg\" data-group=\"masonry\" title=\"\"><img decoding=\"async\" class=\"group list-group-image\" src=\"https:\/\/conventocefalu.com\/wp-content\/uploads\/2019\/04\/Ingress-del-Duomo-di-Cefal\u00f9\u00e0.jpg\" alt=\"Ingresso del Duomo di Cefal\u00f9\" \/><\/a>\r\n\t\t\t\t        <\/div>\r\n\t\t\t\t    <\/div>\r\n\t\t\t    \t\t\t\t     <div class=\"grid-item col-lg-3 col-md-3 col-sm-3 col-xs-12\">\r\n\t\t\t\t        <div class=\"image-masony\">\r\n\t\t\t\t        \t<a class=\"galleryItem\" href=\"https:\/\/conventocefalu.com\/wp-content\/uploads\/2019\/04\/Il-Duomo-di-Cefal\u00f9.jpg\" data-group=\"masonry\" title=\"\"><img decoding=\"async\" class=\"group list-group-image\" src=\"https:\/\/conventocefalu.com\/wp-content\/uploads\/2019\/04\/Il-Duomo-di-Cefal\u00f9.jpg\" alt=\"Il Duomo di Cefal\u00f9\" \/><\/a>\r\n\t\t\t\t        <\/div>\r\n\t\t\t\t    <\/div>\r\n\t\t\t    \t\t\t\t     <div class=\"grid-item col-lg-3 col-md-3 col-sm-3 col-xs-12\">\r\n\t\t\t\t        <div class=\"image-masony\">\r\n\t\t\t\t        \t<a class=\"galleryItem\" href=\"https:\/\/conventocefalu.com\/wp-content\/uploads\/2019\/04\/Cattedrale-di-Cefal\u00f9.jpg\" data-group=\"masonry\" title=\"\"><img decoding=\"async\" class=\"group list-group-image\" src=\"https:\/\/conventocefalu.com\/wp-content\/uploads\/2019\/04\/Cattedrale-di-Cefal\u00f9.jpg\" alt=\"Cattedrale di Cefal\u00f9\" \/><\/a>\r\n\t\t\t\t        <\/div>\r\n\t\t\t\t    <\/div>\r\n\t\t\t    \t\t\t\t     <div class=\"grid-item col-lg-3 col-md-3 col-sm-3 col-xs-12\">\r\n\t\t\t\t        <div class=\"image-masony\">\r\n\t\t\t\t        \t<a class=\"galleryItem\" href=\"https:\/\/conventocefalu.com\/wp-content\/uploads\/2019\/04\/Cristo-Pantocratore-del-Duomo-Fortezza-di-Cefal\u00f9.jpg\" data-group=\"masonry\" title=\"\"><img decoding=\"async\" class=\"group list-group-image\" src=\"https:\/\/conventocefalu.com\/wp-content\/uploads\/2019\/04\/Cristo-Pantocratore-del-Duomo-Fortezza-di-Cefal\u00f9.jpg\" alt=\"Cristo Pantocratore del Duomo Fortezza di Cefal\u00f9\" \/><\/a>\r\n\t\t\t\t        <\/div>\r\n\t\t\t\t    <\/div>\r\n\t\t\t    \t\t\t\t     <div class=\"grid-item col-lg-3 col-md-3 col-sm-3 col-xs-12\">\r\n\t\t\t\t        <div class=\"image-masony\">\r\n\t\t\t\t        \t<a class=\"galleryItem\" href=\"https:\/\/conventocefalu.com\/wp-content\/uploads\/2019\/04\/Lungomare-di-Cefal\u00f9-La-Spiaggia-con-la-vista-del-Convento-di-Cefal\u00f9.jpg\" data-group=\"masonry\" title=\"\"><img decoding=\"async\" class=\"group list-group-image\" src=\"https:\/\/conventocefalu.com\/wp-content\/uploads\/2019\/04\/Lungomare-di-Cefal\u00f9-La-Spiaggia-con-la-vista-del-Convento-di-Cefal\u00f9.jpg\" alt=\"Lungomare di Cefal\u00f9 - La Spiaggia con la vista del Convento di Cefal\u00f9\" \/><\/a>\r\n\t\t\t\t        <\/div>\r\n\t\t\t\t    <\/div>\r\n\t\t\t    \t\t\t\t     <div class=\"grid-item col-lg-3 col-md-3 col-sm-3 col-xs-12\">\r\n\t\t\t\t        <div class=\"image-masony\">\r\n\t\t\t\t        \t<a class=\"galleryItem\" href=\"https:\/\/conventocefalu.com\/wp-content\/uploads\/2019\/04\/Spiaggia-di-Cefal\u00f9-.-Sistemazione-in-hotel-nel-Convento-di-Cefal\u00f9.jpg\" data-group=\"masonry\" title=\"\"><img decoding=\"async\" class=\"group list-group-image\" src=\"https:\/\/conventocefalu.com\/wp-content\/uploads\/2019\/04\/Spiaggia-di-Cefal\u00f9-.-Sistemazione-in-hotel-nel-Convento-di-Cefal\u00f9.jpg\" alt=\"Spiaggia di Cefal\u00f9 . Sistemazione in hotel nel Convento di Cefal\u00f9\" \/><\/a>\r\n\t\t\t\t        <\/div>\r\n\t\t\t\t    <\/div>\r\n\t\t\t    \t\t\t\t     <div class=\"grid-item col-lg-3 col-md-3 col-sm-3 col-xs-12\">\r\n\t\t\t\t        <div class=\"image-masony\">\r\n\t\t\t\t        \t<a class=\"galleryItem\" href=\"https:\/\/conventocefalu.com\/wp-content\/uploads\/2019\/04\/La-spiaggia-della-Marina-vista-hotel-convento-di-Cefal\u00f9.jpg\" data-group=\"masonry\" title=\"\"><img decoding=\"async\" class=\"group list-group-image\" src=\"https:\/\/conventocefalu.com\/wp-content\/uploads\/2019\/04\/La-spiaggia-della-Marina-vista-hotel-convento-di-Cefal\u00f9.jpg\" alt=\"La spiaggia della Marina vista hotel convento di Cefal\u00f9\" \/><\/a>\r\n\t\t\t\t        <\/div>\r\n\t\t\t\t    <\/div>\r\n\t\t\t    \t\t\t\t     <div class=\"grid-item col-lg-3 col-md-3 col-sm-3 col-xs-12\">\r\n\t\t\t\t        <div class=\"image-masony\">\r\n\t\t\t\t        \t<a class=\"galleryItem\" href=\"https:\/\/conventocefalu.com\/wp-content\/uploads\/2019\/04\/Il-molo-e-la-spiaggia-del-Comvento-di-Cefal\u00f9.-Hotel-sulla-spiaggia-e-sul-mare-a-Cefal\u00f9-nel-centro-storico.jpg\" data-group=\"masonry\" title=\"\"><img decoding=\"async\" class=\"group list-group-image\" src=\"https:\/\/conventocefalu.com\/wp-content\/uploads\/2019\/04\/Il-molo-e-la-spiaggia-del-Comvento-di-Cefal\u00f9.-Hotel-sulla-spiaggia-e-sul-mare-a-Cefal\u00f9-nel-centro-storico.jpg\" alt=\"Il molo e la spiaggia del Comvento di Cefal\u00f9. Hotel sulla spiaggia e sul mare a Cefal\u00f9 nel centro storico\" \/><\/a>\r\n\t\t\t\t        <\/div>\r\n\t\t\t\t    <\/div>\r\n\t\t\t    \t\t\t\t     <div class=\"grid-item col-lg-3 col-md-3 col-sm-3 col-xs-12\">\r\n\t\t\t\t        <div class=\"image-masony\">\r\n\t\t\t\t        \t<a class=\"galleryItem\" href=\"https:\/\/conventocefalu.com\/wp-content\/uploads\/2019\/04\/Porta-Pescara-e-la-spiaggia-del-Comvento-di-Cefal\u00f9.-Hotel-sulla-spiaggia-e-sul-mare-a-Cefal\u00f9-nel-centro-storico.jpg\" data-group=\"masonry\" title=\"\"><img decoding=\"async\" class=\"group list-group-image\" src=\"https:\/\/conventocefalu.com\/wp-content\/uploads\/2019\/04\/Porta-Pescara-e-la-spiaggia-del-Comvento-di-Cefal\u00f9.-Hotel-sulla-spiaggia-e-sul-mare-a-Cefal\u00f9-nel-centro-storico.jpg\" alt=\"Porta Pescara e la spiaggia del Comvento di Cefal\u00f9. Hotel sulla spiaggia e sul mare a Cefal\u00f9 nel centro storico\" \/><\/a>\r\n\t\t\t\t        <\/div>\r\n\t\t\t\t    <\/div>\r\n\t\t\t    \t\t\t\t     <div class=\"grid-item col-lg-3 col-md-3 col-sm-3 col-xs-12\">\r\n\t\t\t\t        <div class=\"image-masony\">\r\n\t\t\t\t        \t<a class=\"galleryItem\" href=\"https:\/\/conventocefalu.com\/wp-content\/uploads\/2019\/04\/Spiaggia-e-scogli-davanti-al-Comvento-di-Cefal\u00f9.-Hotel-sulla-spiaggia-e-sul-mare-a-Cefal\u00f9-nel-centro-storico.jpg\" data-group=\"masonry\" title=\"\"><img decoding=\"async\" class=\"group list-group-image\" src=\"https:\/\/conventocefalu.com\/wp-content\/uploads\/2019\/04\/Spiaggia-e-scogli-davanti-al-Comvento-di-Cefal\u00f9.-Hotel-sulla-spiaggia-e-sul-mare-a-Cefal\u00f9-nel-centro-storico.jpg\" alt=\"Spiaggia e scogli davanti al Convento di Cefal\u00f9. Hotel sulla spiaggia e sul mare a Cefal\u00f9 nel centro storico\" \/><\/a>\r\n\t\t\t\t        <\/div>\r\n\t\t\t\t    <\/div>\r\n\t\t\t    \t\t\t\t     <div class=\"grid-item col-lg-3 col-md-3 col-sm-3 col-xs-12\">\r\n\t\t\t\t        <div class=\"image-masony\">\r\n\t\t\t\t        \t<a class=\"galleryItem\" href=\"https:\/\/conventocefalu.com\/wp-content\/uploads\/2019\/04\/Scogliera-del-Comvento-di-Cefal\u00f9.-Hotel-sulla-spiaggia-e-sul-mare-a-Cefal\u00f9-nel-centro-storico.jpg\" data-group=\"masonry\" title=\"\"><img decoding=\"async\" class=\"group list-group-image\" src=\"https:\/\/conventocefalu.com\/wp-content\/uploads\/2019\/04\/Scogliera-del-Comvento-di-Cefal\u00f9.-Hotel-sulla-spiaggia-e-sul-mare-a-Cefal\u00f9-nel-centro-storico.jpg\" alt=\"Scogliera del Comvento di Cefal\u00f9. Hotel sulla spiaggia e sul mare a Cefal\u00f9 nel centro storico\" \/><\/a>\r\n\t\t\t\t        <\/div>\r\n\t\t\t\t    <\/div>\r\n\t\t\t    \t\t\t\t     <div class=\"grid-item col-lg-3 col-md-3 col-sm-3 col-xs-12\">\r\n\t\t\t\t        <div class=\"image-masony\">\r\n\t\t\t\t        \t<a class=\"galleryItem\" href=\"https:\/\/conventocefalu.com\/wp-content\/uploads\/2019\/04\/Scogliera-della-marina-di-Cefal\u00f9.-Pestatore-sugli-scogli.jpg\" data-group=\"masonry\" title=\"\"><img decoding=\"async\" class=\"group list-group-image\" src=\"https:\/\/conventocefalu.com\/wp-content\/uploads\/2019\/04\/Scogliera-della-marina-di-Cefal\u00f9.-Pestatore-sugli-scogli.jpg\" alt=\"Scogliera della marina di Cefal\u00f9. Pestatore sugli scogli\" \/><\/a>\r\n\t\t\t\t        <\/div>\r\n\t\t\t\t    <\/div>\r\n\t\t\t    \r\n\t\t\t<\/div>\r\n\t    <\/div>\r\n\t    <script type=\"text\/javascript\">\r\n\t    \tjQuery(function($) {\r\n\t    \t\tvar $grid = $('.st-gallery-masonry .grid').masonry({\r\n\t\t\t\titemSelector: '.grid-item',\r\n\t\t\t\tpercentPosition: true,\r\n\t\t\t\t});\r\n\t\t\t\t\/\/ layout Masonry after each image loads\r\n\t\t\t\t$grid.imagesLoaded().progress( function() {\r\n\t\t\t\t$grid.masonry();\r\n\t\t\t\t});\r\n\r\n\r\n\t\t\t\tvar groups_masonry = {};\r\n\t\t\t\t$('.list-group.st-gallery-masonry .grid-item').each(function() {\r\n\t\t\t\t  var id_masonry = parseInt($(this).attr('data-group'), 10);\r\n\r\n\t\t\t\t    if(!groups_masonry[id_masonry]) {\r\n\t\t\t\t        groups_masonry[id_masonry] = [];\r\n\t\t\t\t    }\r\n\r\n\t\t\t\t  groups_masonry[id_masonry].push( this );\r\n\t\t\t\t});\r\n\r\n\r\n\t\t\t\t$.each(groups_masonry, function() {\r\n\t\t\t\t    $(this).find(\".galleryItem\").magnificPopup({\r\n\t\t\t\t        type: 'image',\r\n\t\t\t\t        closeOnContentClick: true,\r\n\t\t\t\t        closeBtnInside: false,\r\n\t\t\t\t        gallery: { enabled:true }\r\n\t\t\t\t  })\r\n\t\t\t\t});\r\n\r\n\t\t    });\r\n\t    <\/script>\r\n\t[\/vc_column_inner][\/vc_row_inner][\/vc_column][\/vc_row]<\/p>\n<\/div>","protected":false},"excerpt":{"rendered":"<p>[vc_row][vc_column][vc_empty_space height=\u00bb60px\u00bb][\/vc_column][\/vc_row][vc_row][vc_column css=\u00bb.vc_custom_1551322125345{padding-right: 0px !important;padding-left: 0px !important;}\u00bb][vc_row_inner][vc_column_inner][\/vc_column_inner][\/vc_row_inner][\/vc_column][\/vc_row]<\/p>\n","protected":false},"author":1,"featured_media":11335,"parent":0,"menu_order":0,"comment_status":"closed","ping_status":"closed","template":"template-single-hotel-modern.php","meta":{"footnotes":""},"class_list":["post-11946","page","type-page","status-publish","has-post-thumbnail","hentry"],"yoast_head":"<!-- This site is optimized with the Yoast SEO plugin v27.3 - https:\/\/yoast.com\/product\/yoast-seo-wordpress\/ -->\n<title>Galeria - Convento de Cefal\u00f9 B&amp;B<\/title>\n<meta name=\"description\" content=\"Galer\u00eda de fotos de los amigos del convento de Cefal\u00f9. Env\u00eda fotos de tus vacaciones o etiqu\u00e9talas en Instagram con el hashtag #conventocefalu\" \/>\n<meta name=\"robots\" content=\"index, follow, max-snippet:-1, max-image-preview:large, max-video-preview:-1\" \/>\n<link rel=\"canonical\" href=\"https:\/\/conventocefalu.com\/es\/galeria-de-fotos-del-convento-de-cefalu\/\" \/>\n<meta property=\"og:locale\" content=\"es_ES\" \/>\n<meta property=\"og:type\" content=\"article\" \/>\n<meta property=\"og:title\" content=\"Galeria - Convento de Cefal\u00f9 B&amp;B\" \/>\n<meta property=\"og:description\" content=\"Galer\u00eda de fotos de los amigos del convento de Cefal\u00f9. Env\u00eda fotos de tus vacaciones o etiqu\u00e9talas en Instagram con el hashtag #conventocefalu\" \/>\n<meta property=\"og:url\" content=\"https:\/\/conventocefalu.com\/es\/galeria-de-fotos-del-convento-de-cefalu\/\" \/>\n<meta property=\"og:site_name\" content=\"Convento de Cefal\u00f9 B&amp;B\" \/>\n<meta property=\"article:publisher\" content=\"https:\/\/www.facebook.com\/ConventoCefalu\" \/>\n<meta property=\"article:modified_time\" content=\"2019-04-15T16:39:54+00:00\" \/>\n<meta property=\"og:image\" content=\"https:\/\/conventocefalu.com\/wp-content\/uploads\/2019\/04\/La-scogliera-vista-dalla-terrazza-del-Convento-di-Cefal\u00f9.jpg\" \/>\n\t<meta property=\"og:image:width\" content=\"800\" \/>\n\t<meta property=\"og:image:height\" content=\"600\" \/>\n\t<meta property=\"og:image:type\" content=\"image\/jpeg\" \/>\n<meta name=\"twitter:card\" content=\"summary_large_image\" \/>\n<meta name=\"twitter:label1\" content=\"Tiempo de lectura\" \/>\n\t<meta name=\"twitter:data1\" content=\"1 minuto\" \/>\n<script type=\"application\/ld+json\" class=\"yoast-schema-graph\">{\"@context\":\"https:\\\/\\\/schema.org\",\"@graph\":[{\"@type\":\"WebPage\",\"@id\":\"https:\\\/\\\/conventocefalu.com\\\/es\\\/galeria-de-fotos-del-convento-de-cefalu\\\/\",\"url\":\"https:\\\/\\\/conventocefalu.com\\\/es\\\/galeria-de-fotos-del-convento-de-cefalu\\\/\",\"name\":\"Galeria - Convento de Cefal\u00f9 B&amp;B\",\"isPartOf\":{\"@id\":\"https:\\\/\\\/conventocefalu.com\\\/es\\\/#website\"},\"primaryImageOfPage\":{\"@id\":\"https:\\\/\\\/conventocefalu.com\\\/es\\\/galeria-de-fotos-del-convento-de-cefalu\\\/#primaryimage\"},\"image\":{\"@id\":\"https:\\\/\\\/conventocefalu.com\\\/es\\\/galeria-de-fotos-del-convento-de-cefalu\\\/#primaryimage\"},\"thumbnailUrl\":\"https:\\\/\\\/conventocefalu.com\\\/wp-content\\\/uploads\\\/2019\\\/04\\\/La-scogliera-vista-dalla-terrazza-del-Convento-di-Cefal\u00f9.jpg\",\"datePublished\":\"2019-03-11T08:13:41+00:00\",\"dateModified\":\"2019-04-15T16:39:54+00:00\",\"description\":\"Galer\u00eda de fotos de los amigos del convento de Cefal\u00f9. Env\u00eda fotos de tus vacaciones o etiqu\u00e9talas en Instagram con el hashtag #conventocefalu\",\"breadcrumb\":{\"@id\":\"https:\\\/\\\/conventocefalu.com\\\/es\\\/galeria-de-fotos-del-convento-de-cefalu\\\/#breadcrumb\"},\"inLanguage\":\"es\",\"potentialAction\":[{\"@type\":\"ReadAction\",\"target\":[\"https:\\\/\\\/conventocefalu.com\\\/es\\\/galeria-de-fotos-del-convento-de-cefalu\\\/\"]}]},{\"@type\":\"ImageObject\",\"inLanguage\":\"es\",\"@id\":\"https:\\\/\\\/conventocefalu.com\\\/es\\\/galeria-de-fotos-del-convento-de-cefalu\\\/#primaryimage\",\"url\":\"https:\\\/\\\/conventocefalu.com\\\/wp-content\\\/uploads\\\/2019\\\/04\\\/La-scogliera-vista-dalla-terrazza-del-Convento-di-Cefal\u00f9.jpg\",\"contentUrl\":\"https:\\\/\\\/conventocefalu.com\\\/wp-content\\\/uploads\\\/2019\\\/04\\\/La-scogliera-vista-dalla-terrazza-del-Convento-di-Cefal\u00f9.jpg\",\"width\":800,\"height\":600,\"caption\":\"El acantilado visto desde la terraza del Convento de Cefal\u00f9.\"},{\"@type\":\"BreadcrumbList\",\"@id\":\"https:\\\/\\\/conventocefalu.com\\\/es\\\/galeria-de-fotos-del-convento-de-cefalu\\\/#breadcrumb\",\"itemListElement\":[{\"@type\":\"ListItem\",\"position\":1,\"name\":\"Home\",\"item\":\"https:\\\/\\\/conventocefalu.com\\\/es\\\/\"},{\"@type\":\"ListItem\",\"position\":2,\"name\":\"Galeria\"}]},{\"@type\":\"WebSite\",\"@id\":\"https:\\\/\\\/conventocefalu.com\\\/es\\\/#website\",\"url\":\"https:\\\/\\\/conventocefalu.com\\\/es\\\/\",\"name\":\"Collegio di Maria\",\"description\":\"Habitaciones con vista al mar en Bed and Breakfast en Cefalu, Sicilia.\",\"potentialAction\":[{\"@type\":\"SearchAction\",\"target\":{\"@type\":\"EntryPoint\",\"urlTemplate\":\"https:\\\/\\\/conventocefalu.com\\\/es\\\/?s={search_term_string}\"},\"query-input\":{\"@type\":\"PropertyValueSpecification\",\"valueRequired\":true,\"valueName\":\"search_term_string\"}}],\"inLanguage\":\"es\"}]}<\/script>\n<!-- \/ Yoast SEO plugin. -->","yoast_head_json":{"title":"Galeria - Convento de Cefal\u00f9 B&amp;B","description":"Galer\u00eda de fotos de los amigos del convento de Cefal\u00f9. Env\u00eda fotos de tus vacaciones o etiqu\u00e9talas en Instagram con el hashtag #conventocefalu","robots":{"index":"index","follow":"follow","max-snippet":"max-snippet:-1","max-image-preview":"max-image-preview:large","max-video-preview":"max-video-preview:-1"},"canonical":"https:\/\/conventocefalu.com\/es\/galeria-de-fotos-del-convento-de-cefalu\/","og_locale":"es_ES","og_type":"article","og_title":"Galeria - Convento de Cefal\u00f9 B&amp;B","og_description":"Galer\u00eda de fotos de los amigos del convento de Cefal\u00f9. Env\u00eda fotos de tus vacaciones o etiqu\u00e9talas en Instagram con el hashtag #conventocefalu","og_url":"https:\/\/conventocefalu.com\/es\/galeria-de-fotos-del-convento-de-cefalu\/","og_site_name":"Convento de Cefal\u00f9 B&amp;B","article_publisher":"https:\/\/www.facebook.com\/ConventoCefalu","article_modified_time":"2019-04-15T16:39:54+00:00","og_image":[{"width":800,"height":600,"url":"https:\/\/conventocefalu.com\/wp-content\/uploads\/2019\/04\/La-scogliera-vista-dalla-terrazza-del-Convento-di-Cefal\u00f9.jpg","type":"image\/jpeg"}],"twitter_card":"summary_large_image","twitter_misc":{"Tiempo de lectura":"1 minuto"},"schema":{"@context":"https:\/\/schema.org","@graph":[{"@type":"WebPage","@id":"https:\/\/conventocefalu.com\/es\/galeria-de-fotos-del-convento-de-cefalu\/","url":"https:\/\/conventocefalu.com\/es\/galeria-de-fotos-del-convento-de-cefalu\/","name":"Galeria - Convento de Cefal\u00f9 B&amp;B","isPartOf":{"@id":"https:\/\/conventocefalu.com\/es\/#website"},"primaryImageOfPage":{"@id":"https:\/\/conventocefalu.com\/es\/galeria-de-fotos-del-convento-de-cefalu\/#primaryimage"},"image":{"@id":"https:\/\/conventocefalu.com\/es\/galeria-de-fotos-del-convento-de-cefalu\/#primaryimage"},"thumbnailUrl":"https:\/\/conventocefalu.com\/wp-content\/uploads\/2019\/04\/La-scogliera-vista-dalla-terrazza-del-Convento-di-Cefal\u00f9.jpg","datePublished":"2019-03-11T08:13:41+00:00","dateModified":"2019-04-15T16:39:54+00:00","description":"Galer\u00eda de fotos de los amigos del convento de Cefal\u00f9. Env\u00eda fotos de tus vacaciones o etiqu\u00e9talas en Instagram con el hashtag #conventocefalu","breadcrumb":{"@id":"https:\/\/conventocefalu.com\/es\/galeria-de-fotos-del-convento-de-cefalu\/#breadcrumb"},"inLanguage":"es","potentialAction":[{"@type":"ReadAction","target":["https:\/\/conventocefalu.com\/es\/galeria-de-fotos-del-convento-de-cefalu\/"]}]},{"@type":"ImageObject","inLanguage":"es","@id":"https:\/\/conventocefalu.com\/es\/galeria-de-fotos-del-convento-de-cefalu\/#primaryimage","url":"https:\/\/conventocefalu.com\/wp-content\/uploads\/2019\/04\/La-scogliera-vista-dalla-terrazza-del-Convento-di-Cefal\u00f9.jpg","contentUrl":"https:\/\/conventocefalu.com\/wp-content\/uploads\/2019\/04\/La-scogliera-vista-dalla-terrazza-del-Convento-di-Cefal\u00f9.jpg","width":800,"height":600,"caption":"El acantilado visto desde la terraza del Convento de Cefal\u00f9."},{"@type":"BreadcrumbList","@id":"https:\/\/conventocefalu.com\/es\/galeria-de-fotos-del-convento-de-cefalu\/#breadcrumb","itemListElement":[{"@type":"ListItem","position":1,"name":"Home","item":"https:\/\/conventocefalu.com\/es\/"},{"@type":"ListItem","position":2,"name":"Galeria"}]},{"@type":"WebSite","@id":"https:\/\/conventocefalu.com\/es\/#website","url":"https:\/\/conventocefalu.com\/es\/","name":"Collegio di Maria","description":"Habitaciones con vista al mar en Bed and Breakfast en Cefalu, Sicilia.","potentialAction":[{"@type":"SearchAction","target":{"@type":"EntryPoint","urlTemplate":"https:\/\/conventocefalu.com\/es\/?s={search_term_string}"},"query-input":{"@type":"PropertyValueSpecification","valueRequired":true,"valueName":"search_term_string"}}],"inLanguage":"es"}]}},"_links":{"self":[{"href":"https:\/\/conventocefalu.com\/es\/wp-json\/wp\/v2\/pages\/11946"}],"collection":[{"href":"https:\/\/conventocefalu.com\/es\/wp-json\/wp\/v2\/pages"}],"about":[{"href":"https:\/\/conventocefalu.com\/es\/wp-json\/wp\/v2\/types\/page"}],"author":[{"embeddable":true,"href":"https:\/\/conventocefalu.com\/es\/wp-json\/wp\/v2\/users\/1"}],"replies":[{"embeddable":true,"href":"https:\/\/conventocefalu.com\/es\/wp-json\/wp\/v2\/comments?post=11946"}],"version-history":[{"count":0,"href":"https:\/\/conventocefalu.com\/es\/wp-json\/wp\/v2\/pages\/11946\/revisions"}],"wp:featuredmedia":[{"embeddable":true,"href":"https:\/\/conventocefalu.com\/es\/wp-json\/wp\/v2\/media\/11335"}],"wp:attachment":[{"href":"https:\/\/conventocefalu.com\/es\/wp-json\/wp\/v2\/media?parent=11946"}],"curies":[{"name":"wp","href":"https:\/\/api.w.org\/{rel}","templated":true}]}}