{"id":11855,"date":"2018-12-10T03:06:47","date_gmt":"2018-12-10T03:06:47","guid":{"rendered":"https:\/\/www.conventocefalu.com\/chi-siamo\/"},"modified":"2019-04-15T14:33:16","modified_gmt":"2019-04-15T14:33:16","slug":"sobre-nosotros","status":"publish","type":"page","link":"https:\/\/conventocefalu.com\/es\/sobre-nosotros\/","title":{"rendered":"Sobre Nosotros"},"content":{"rendered":"<div class=\"wpb-content-wrapper\"><p>[vc_row][vc_column][vc_column_text]<\/p>\n<h2 style=\"text-align: center;\">El Convento de Cefal\u00f9<\/h2>\n<p>[\/vc_column_text][vc_empty_space height=\u00bb60px\u00bb][\/vc_column][\/vc_row][vc_row][vc_column width=\u00bb1\/2&#8243;][vc_column_text el_class=\u00bbst-aboutus-title\u00bb]<\/p>\n<h3>El Pasado<\/h3>\n<p>[\/vc_column_text][vc_column_text el_class=\u00bbst-aboutus-content\u00bb]La orden religiosa de las hermanas Collegine fue fundada en 1700 por el cardenal Pier Marcellino Corradini. Su trabajo para los pobres no era humillar a las limosnas, sino ayudar al hombre a ayudarse a s\u00ed mismo.<\/p>\n<p>La congregaci\u00f3n nunca se ha refugiado en escuelas cerradas, sino que siempre ha estado presente en el contexto social con una acci\u00f3n formativa con el trabajo de los colegios, dirigida al crecimiento de la conciencia femenina como base para el desarrollo \u00e9tico y cultural de Sicilia.[\/vc_column_text][vc_empty_space][vc_single_image image=\u00bb10970&#8243; img_size=\u00bblarge\u00bb alignment=\u00bbcenter\u00bb css_animation=\u00bbnone\u00bb][vc_empty_space][\/vc_column][vc_column width=\u00bb1\/2&#8243;][vc_column_text el_class=\u00bbst-aboutus-title\u00bb]<\/p>\n<h3>El Presente<\/h3>\n<p>[\/vc_column_text][vc_column_text el_class=\u00bbst-aboutus-content\u00bb]Hoy la compa\u00f1\u00eda ha logrado tal bienestar para superar las emergencias del pasado y en el antiguo internado, completamente renovado, las Hermanas de Cefal\u00fa reciben a turistas que desean pasar sus d\u00edas de vacaciones.<\/p>\n<p>Estamos frente al mar y la playa de arena, a unos 700 metros de la estaci\u00f3n de tren y a un kil\u00f3metro del puerto de Cefal\u00fa. Si desea probar algo diferente al hotel habitual sin renunciar a todas las comodidades, estaremos encantados de tenerlo como nuestro hu\u00e9sped en el Convento de Cefal\u00fa.[\/vc_column_text][vc_empty_space][vc_single_image image=\u00bb10975&#8243; img_size=\u00bblarge\u00bb alignment=\u00bbcenter\u00bb][vc_empty_space][\/vc_column][\/vc_row][vc_row][vc_column][vc_empty_space height=\u00bb65px\u00bb][\/vc_column][\/vc_row]<\/p>\n<\/div>","protected":false},"excerpt":{"rendered":"<p>[vc_row][vc_column][vc_column_text] El Convento de Cefal\u00f9 [\/vc_column_text][vc_empty_space height=\u00bb60px\u00bb][\/vc_column][\/vc_row][vc_row][vc_column width=\u00bb1\/2&#8243;][vc_column_text el_class=\u00bbst-aboutus-title\u00bb] El Pasado [\/vc_column_text][vc_column_text el_class=\u00bbst-aboutus-content\u00bb]La orden religiosa de las hermanas Collegine fue fundada en 1700 por el cardenal Pier Marcellino Corradini. Su trabajo para los pobres no era humillar a las limosnas, sino ayudar al hombre a ayudarse a s\u00ed mismo. La congregaci\u00f3n nunca se ha refugiado [&hellip;]<\/p>\n","protected":false},"author":1,"featured_media":11065,"parent":0,"menu_order":0,"comment_status":"closed","ping_status":"closed","template":"template-single-hotel-modern.php","meta":{"footnotes":""},"class_list":["post-11855","page","type-page","status-publish","has-post-thumbnail","hentry"],"yoast_head":"<!-- This site is optimized with the Yoast SEO plugin v27.3 - https:\/\/yoast.com\/product\/yoast-seo-wordpress\/ -->\n<title>Sobre Nosotros - Convento de Cefal\u00f9 B&amp;B<\/title>\n<meta name=\"description\" content=\"Las Hermanas de Cefal\u00fa reciben turistas que desean pasar sus vacaciones en Cefal\u00fa. El convento se encuentra frente al mar y la playa de arena.\" \/>\n<meta name=\"robots\" content=\"index, follow, max-snippet:-1, max-image-preview:large, max-video-preview:-1\" \/>\n<link rel=\"canonical\" href=\"https:\/\/conventocefalu.com\/es\/sobre-nosotros\/\" \/>\n<meta property=\"og:locale\" content=\"es_ES\" \/>\n<meta property=\"og:type\" content=\"article\" \/>\n<meta property=\"og:title\" content=\"Sobre Nosotros - Convento de Cefal\u00f9 B&amp;B\" \/>\n<meta property=\"og:description\" content=\"Las Hermanas de Cefal\u00fa reciben turistas que desean pasar sus vacaciones en Cefal\u00fa. El convento se encuentra frente al mar y la playa de arena.\" \/>\n<meta property=\"og:url\" content=\"https:\/\/conventocefalu.com\/es\/sobre-nosotros\/\" \/>\n<meta property=\"og:site_name\" content=\"Convento de Cefal\u00f9 B&amp;B\" \/>\n<meta property=\"article:publisher\" content=\"https:\/\/www.facebook.com\/ConventoCefalu\" \/>\n<meta property=\"article:modified_time\" content=\"2019-04-15T14:33:16+00:00\" \/>\n<meta property=\"og:image\" content=\"https:\/\/conventocefalu.com\/wp-content\/uploads\/2019\/04\/DSCN9542-e1554558987985.jpg\" \/>\n\t<meta property=\"og:image:width\" content=\"600\" \/>\n\t<meta property=\"og:image:height\" content=\"450\" \/>\n\t<meta property=\"og:image:type\" content=\"image\/jpeg\" \/>\n<meta name=\"twitter:card\" content=\"summary_large_image\" \/>\n<meta name=\"twitter:label1\" content=\"Tiempo de lectura\" \/>\n\t<meta name=\"twitter:data1\" content=\"1 minuto\" \/>\n<script type=\"application\/ld+json\" class=\"yoast-schema-graph\">{\"@context\":\"https:\\\/\\\/schema.org\",\"@graph\":[{\"@type\":\"WebPage\",\"@id\":\"https:\\\/\\\/conventocefalu.com\\\/es\\\/sobre-nosotros\\\/\",\"url\":\"https:\\\/\\\/conventocefalu.com\\\/es\\\/sobre-nosotros\\\/\",\"name\":\"Sobre Nosotros - Convento de Cefal\u00f9 B&amp;B\",\"isPartOf\":{\"@id\":\"https:\\\/\\\/conventocefalu.com\\\/es\\\/#website\"},\"primaryImageOfPage\":{\"@id\":\"https:\\\/\\\/conventocefalu.com\\\/es\\\/sobre-nosotros\\\/#primaryimage\"},\"image\":{\"@id\":\"https:\\\/\\\/conventocefalu.com\\\/es\\\/sobre-nosotros\\\/#primaryimage\"},\"thumbnailUrl\":\"https:\\\/\\\/conventocefalu.com\\\/wp-content\\\/uploads\\\/2019\\\/04\\\/DSCN9542-e1554558987985.jpg\",\"datePublished\":\"2018-12-10T03:06:47+00:00\",\"dateModified\":\"2019-04-15T14:33:16+00:00\",\"description\":\"Las Hermanas de Cefal\u00fa reciben turistas que desean pasar sus vacaciones en Cefal\u00fa. El convento se encuentra frente al mar y la playa de arena.\",\"breadcrumb\":{\"@id\":\"https:\\\/\\\/conventocefalu.com\\\/es\\\/sobre-nosotros\\\/#breadcrumb\"},\"inLanguage\":\"es\",\"potentialAction\":[{\"@type\":\"ReadAction\",\"target\":[\"https:\\\/\\\/conventocefalu.com\\\/es\\\/sobre-nosotros\\\/\"]}]},{\"@type\":\"ImageObject\",\"inLanguage\":\"es\",\"@id\":\"https:\\\/\\\/conventocefalu.com\\\/es\\\/sobre-nosotros\\\/#primaryimage\",\"url\":\"https:\\\/\\\/conventocefalu.com\\\/wp-content\\\/uploads\\\/2019\\\/04\\\/DSCN9542-e1554558987985.jpg\",\"contentUrl\":\"https:\\\/\\\/conventocefalu.com\\\/wp-content\\\/uploads\\\/2019\\\/04\\\/DSCN9542-e1554558987985.jpg\",\"width\":600,\"height\":450,\"caption\":\"La Madre Superiora del Convento en la playa de Cefal\u00f9.\"},{\"@type\":\"BreadcrumbList\",\"@id\":\"https:\\\/\\\/conventocefalu.com\\\/es\\\/sobre-nosotros\\\/#breadcrumb\",\"itemListElement\":[{\"@type\":\"ListItem\",\"position\":1,\"name\":\"Home\",\"item\":\"https:\\\/\\\/conventocefalu.com\\\/es\\\/\"},{\"@type\":\"ListItem\",\"position\":2,\"name\":\"Sobre Nosotros\"}]},{\"@type\":\"WebSite\",\"@id\":\"https:\\\/\\\/conventocefalu.com\\\/es\\\/#website\",\"url\":\"https:\\\/\\\/conventocefalu.com\\\/es\\\/\",\"name\":\"Collegio di Maria\",\"description\":\"Habitaciones con vista al mar en Bed and Breakfast en Cefalu, Sicilia.\",\"potentialAction\":[{\"@type\":\"SearchAction\",\"target\":{\"@type\":\"EntryPoint\",\"urlTemplate\":\"https:\\\/\\\/conventocefalu.com\\\/es\\\/?s={search_term_string}\"},\"query-input\":{\"@type\":\"PropertyValueSpecification\",\"valueRequired\":true,\"valueName\":\"search_term_string\"}}],\"inLanguage\":\"es\"}]}<\/script>\n<!-- \/ Yoast SEO plugin. -->","yoast_head_json":{"title":"Sobre Nosotros - Convento de Cefal\u00f9 B&amp;B","description":"Las Hermanas de Cefal\u00fa reciben turistas que desean pasar sus vacaciones en Cefal\u00fa. El convento se encuentra frente al mar y la playa de arena.","robots":{"index":"index","follow":"follow","max-snippet":"max-snippet:-1","max-image-preview":"max-image-preview:large","max-video-preview":"max-video-preview:-1"},"canonical":"https:\/\/conventocefalu.com\/es\/sobre-nosotros\/","og_locale":"es_ES","og_type":"article","og_title":"Sobre Nosotros - Convento de Cefal\u00f9 B&amp;B","og_description":"Las Hermanas de Cefal\u00fa reciben turistas que desean pasar sus vacaciones en Cefal\u00fa. El convento se encuentra frente al mar y la playa de arena.","og_url":"https:\/\/conventocefalu.com\/es\/sobre-nosotros\/","og_site_name":"Convento de Cefal\u00f9 B&amp;B","article_publisher":"https:\/\/www.facebook.com\/ConventoCefalu","article_modified_time":"2019-04-15T14:33:16+00:00","og_image":[{"width":600,"height":450,"url":"https:\/\/conventocefalu.com\/wp-content\/uploads\/2019\/04\/DSCN9542-e1554558987985.jpg","type":"image\/jpeg"}],"twitter_card":"summary_large_image","twitter_misc":{"Tiempo de lectura":"1 minuto"},"schema":{"@context":"https:\/\/schema.org","@graph":[{"@type":"WebPage","@id":"https:\/\/conventocefalu.com\/es\/sobre-nosotros\/","url":"https:\/\/conventocefalu.com\/es\/sobre-nosotros\/","name":"Sobre Nosotros - Convento de Cefal\u00f9 B&amp;B","isPartOf":{"@id":"https:\/\/conventocefalu.com\/es\/#website"},"primaryImageOfPage":{"@id":"https:\/\/conventocefalu.com\/es\/sobre-nosotros\/#primaryimage"},"image":{"@id":"https:\/\/conventocefalu.com\/es\/sobre-nosotros\/#primaryimage"},"thumbnailUrl":"https:\/\/conventocefalu.com\/wp-content\/uploads\/2019\/04\/DSCN9542-e1554558987985.jpg","datePublished":"2018-12-10T03:06:47+00:00","dateModified":"2019-04-15T14:33:16+00:00","description":"Las Hermanas de Cefal\u00fa reciben turistas que desean pasar sus vacaciones en Cefal\u00fa. El convento se encuentra frente al mar y la playa de arena.","breadcrumb":{"@id":"https:\/\/conventocefalu.com\/es\/sobre-nosotros\/#breadcrumb"},"inLanguage":"es","potentialAction":[{"@type":"ReadAction","target":["https:\/\/conventocefalu.com\/es\/sobre-nosotros\/"]}]},{"@type":"ImageObject","inLanguage":"es","@id":"https:\/\/conventocefalu.com\/es\/sobre-nosotros\/#primaryimage","url":"https:\/\/conventocefalu.com\/wp-content\/uploads\/2019\/04\/DSCN9542-e1554558987985.jpg","contentUrl":"https:\/\/conventocefalu.com\/wp-content\/uploads\/2019\/04\/DSCN9542-e1554558987985.jpg","width":600,"height":450,"caption":"La Madre Superiora del Convento en la playa de Cefal\u00f9."},{"@type":"BreadcrumbList","@id":"https:\/\/conventocefalu.com\/es\/sobre-nosotros\/#breadcrumb","itemListElement":[{"@type":"ListItem","position":1,"name":"Home","item":"https:\/\/conventocefalu.com\/es\/"},{"@type":"ListItem","position":2,"name":"Sobre Nosotros"}]},{"@type":"WebSite","@id":"https:\/\/conventocefalu.com\/es\/#website","url":"https:\/\/conventocefalu.com\/es\/","name":"Collegio di Maria","description":"Habitaciones con vista al mar en Bed and Breakfast en Cefalu, Sicilia.","potentialAction":[{"@type":"SearchAction","target":{"@type":"EntryPoint","urlTemplate":"https:\/\/conventocefalu.com\/es\/?s={search_term_string}"},"query-input":{"@type":"PropertyValueSpecification","valueRequired":true,"valueName":"search_term_string"}}],"inLanguage":"es"}]}},"_links":{"self":[{"href":"https:\/\/conventocefalu.com\/es\/wp-json\/wp\/v2\/pages\/11855"}],"collection":[{"href":"https:\/\/conventocefalu.com\/es\/wp-json\/wp\/v2\/pages"}],"about":[{"href":"https:\/\/conventocefalu.com\/es\/wp-json\/wp\/v2\/types\/page"}],"author":[{"embeddable":true,"href":"https:\/\/conventocefalu.com\/es\/wp-json\/wp\/v2\/users\/1"}],"replies":[{"embeddable":true,"href":"https:\/\/conventocefalu.com\/es\/wp-json\/wp\/v2\/comments?post=11855"}],"version-history":[{"count":0,"href":"https:\/\/conventocefalu.com\/es\/wp-json\/wp\/v2\/pages\/11855\/revisions"}],"wp:featuredmedia":[{"embeddable":true,"href":"https:\/\/conventocefalu.com\/es\/wp-json\/wp\/v2\/media\/11065"}],"wp:attachment":[{"href":"https:\/\/conventocefalu.com\/es\/wp-json\/wp\/v2\/media?parent=11855"}],"curies":[{"name":"wp","href":"https:\/\/api.w.org\/{rel}","templated":true}]}}