{"id":11814,"date":"2018-12-10T07:30:15","date_gmt":"2018-12-10T07:30:15","guid":{"rendered":"https:\/\/www.conventocefalu.com\/checkout\/"},"modified":"2019-04-15T12:29:13","modified_gmt":"2019-04-15T12:29:13","slug":"pago","status":"publish","type":"page","link":"https:\/\/conventocefalu.com\/es\/pago\/","title":{"rendered":"Pago"},"content":{"rendered":"","protected":false},"excerpt":{"rendered":"","protected":false},"author":1,"featured_media":10920,"parent":0,"menu_order":0,"comment_status":"closed","ping_status":"closed","template":"template-checkout.php","meta":{"footnotes":""},"class_list":["post-11814","page","type-page","status-publish","has-post-thumbnail","hentry"],"yoast_head":"<!-- This site is optimized with the Yoast SEO plugin v27.4 - https:\/\/yoast.com\/product\/yoast-seo-wordpress\/ -->\n<title>Pago - Convento de Cefal\u00f9 B&amp;B<\/title>\n<meta name=\"description\" content=\"Pago | Collegio di Maria de Cefal\u00fa. El convento m\u00e1s bello de Italia, directamente en la playa de Cefal\u00fa en Sicilia.\" \/>\n<meta name=\"robots\" content=\"index, follow, max-snippet:-1, max-image-preview:large, max-video-preview:-1\" \/>\n<link rel=\"canonical\" href=\"https:\/\/conventocefalu.com\/es\/pago\/\" \/>\n<meta property=\"og:locale\" content=\"es_ES\" \/>\n<meta property=\"og:type\" content=\"article\" \/>\n<meta property=\"og:title\" content=\"Pago - Convento de Cefal\u00f9 B&amp;B\" \/>\n<meta property=\"og:description\" content=\"Pago | Collegio di Maria de Cefal\u00fa. El convento m\u00e1s bello de Italia, directamente en la playa de Cefal\u00fa en Sicilia.\" \/>\n<meta property=\"og:url\" content=\"https:\/\/conventocefalu.com\/es\/pago\/\" \/>\n<meta property=\"og:site_name\" content=\"Convento de Cefal\u00f9 B&amp;B\" \/>\n<meta property=\"article:publisher\" content=\"https:\/\/www.facebook.com\/ConventoCefalu\" \/>\n<meta property=\"article:modified_time\" content=\"2019-04-15T12:29:13+00:00\" \/>\n<meta property=\"og:image\" content=\"https:\/\/conventocefalu.com\/wp-content\/uploads\/2019\/03\/Vista-dal-Convento-di-Cefal\u00f9-Sicilia-e1554559415278.jpg\" \/>\n\t<meta property=\"og:image:width\" content=\"800\" \/>\n\t<meta property=\"og:image:height\" content=\"600\" \/>\n\t<meta property=\"og:image:type\" content=\"image\/jpeg\" \/>\n<meta name=\"twitter:card\" content=\"summary_large_image\" \/>\n<script type=\"application\/ld+json\" class=\"yoast-schema-graph\">{\"@context\":\"https:\\\/\\\/schema.org\",\"@graph\":[{\"@type\":\"WebPage\",\"@id\":\"https:\\\/\\\/conventocefalu.com\\\/es\\\/pago\\\/\",\"url\":\"https:\\\/\\\/conventocefalu.com\\\/es\\\/pago\\\/\",\"name\":\"Pago - Convento de Cefal\u00f9 B&amp;B\",\"isPartOf\":{\"@id\":\"https:\\\/\\\/conventocefalu.com\\\/es\\\/#website\"},\"primaryImageOfPage\":{\"@id\":\"https:\\\/\\\/conventocefalu.com\\\/es\\\/pago\\\/#primaryimage\"},\"image\":{\"@id\":\"https:\\\/\\\/conventocefalu.com\\\/es\\\/pago\\\/#primaryimage\"},\"thumbnailUrl\":\"https:\\\/\\\/conventocefalu.com\\\/wp-content\\\/uploads\\\/2019\\\/03\\\/Vista-dal-Convento-di-Cefal\u00f9-Sicilia-e1554559415278.jpg\",\"datePublished\":\"2018-12-10T07:30:15+00:00\",\"dateModified\":\"2019-04-15T12:29:13+00:00\",\"description\":\"Pago | Collegio di Maria de Cefal\u00fa. El convento m\u00e1s bello de Italia, directamente en la playa de Cefal\u00fa en Sicilia.\",\"breadcrumb\":{\"@id\":\"https:\\\/\\\/conventocefalu.com\\\/es\\\/pago\\\/#breadcrumb\"},\"inLanguage\":\"es\",\"potentialAction\":[{\"@type\":\"ReadAction\",\"target\":[\"https:\\\/\\\/conventocefalu.com\\\/es\\\/pago\\\/\"]}]},{\"@type\":\"ImageObject\",\"inLanguage\":\"es\",\"@id\":\"https:\\\/\\\/conventocefalu.com\\\/es\\\/pago\\\/#primaryimage\",\"url\":\"https:\\\/\\\/conventocefalu.com\\\/wp-content\\\/uploads\\\/2019\\\/03\\\/Vista-dal-Convento-di-Cefal\u00f9-Sicilia-e1554559415278.jpg\",\"contentUrl\":\"https:\\\/\\\/conventocefalu.com\\\/wp-content\\\/uploads\\\/2019\\\/03\\\/Vista-dal-Convento-di-Cefal\u00f9-Sicilia-e1554559415278.jpg\",\"width\":800,\"height\":600,\"caption\":\"Vista desde el Convento de Cefal\u00fa (Sicilia) | Habitaciones con vista al mar en una casa de vacaciones en el centro hist\u00f3rico de Cefal\u00fa, Palermo, Sicilia\"},{\"@type\":\"BreadcrumbList\",\"@id\":\"https:\\\/\\\/conventocefalu.com\\\/es\\\/pago\\\/#breadcrumb\",\"itemListElement\":[{\"@type\":\"ListItem\",\"position\":1,\"name\":\"Home\",\"item\":\"https:\\\/\\\/conventocefalu.com\\\/es\\\/\"},{\"@type\":\"ListItem\",\"position\":2,\"name\":\"Pago\"}]},{\"@type\":\"WebSite\",\"@id\":\"https:\\\/\\\/conventocefalu.com\\\/es\\\/#website\",\"url\":\"https:\\\/\\\/conventocefalu.com\\\/es\\\/\",\"name\":\"Collegio di Maria\",\"description\":\"Habitaciones con vista al mar en Bed and Breakfast en Cefalu, Sicilia.\",\"potentialAction\":[{\"@type\":\"SearchAction\",\"target\":{\"@type\":\"EntryPoint\",\"urlTemplate\":\"https:\\\/\\\/conventocefalu.com\\\/es\\\/?s={search_term_string}\"},\"query-input\":{\"@type\":\"PropertyValueSpecification\",\"valueRequired\":true,\"valueName\":\"search_term_string\"}}],\"inLanguage\":\"es\"}]}<\/script>\n<!-- \/ Yoast SEO plugin. -->","yoast_head_json":{"title":"Pago - Convento de Cefal\u00f9 B&amp;B","description":"Pago | Collegio di Maria de Cefal\u00fa. El convento m\u00e1s bello de Italia, directamente en la playa de Cefal\u00fa en Sicilia.","robots":{"index":"index","follow":"follow","max-snippet":"max-snippet:-1","max-image-preview":"max-image-preview:large","max-video-preview":"max-video-preview:-1"},"canonical":"https:\/\/conventocefalu.com\/es\/pago\/","og_locale":"es_ES","og_type":"article","og_title":"Pago - Convento de Cefal\u00f9 B&amp;B","og_description":"Pago | Collegio di Maria de Cefal\u00fa. El convento m\u00e1s bello de Italia, directamente en la playa de Cefal\u00fa en Sicilia.","og_url":"https:\/\/conventocefalu.com\/es\/pago\/","og_site_name":"Convento de Cefal\u00f9 B&amp;B","article_publisher":"https:\/\/www.facebook.com\/ConventoCefalu","article_modified_time":"2019-04-15T12:29:13+00:00","og_image":[{"width":800,"height":600,"url":"https:\/\/conventocefalu.com\/wp-content\/uploads\/2019\/03\/Vista-dal-Convento-di-Cefal\u00f9-Sicilia-e1554559415278.jpg","type":"image\/jpeg"}],"twitter_card":"summary_large_image","schema":{"@context":"https:\/\/schema.org","@graph":[{"@type":"WebPage","@id":"https:\/\/conventocefalu.com\/es\/pago\/","url":"https:\/\/conventocefalu.com\/es\/pago\/","name":"Pago - Convento de Cefal\u00f9 B&amp;B","isPartOf":{"@id":"https:\/\/conventocefalu.com\/es\/#website"},"primaryImageOfPage":{"@id":"https:\/\/conventocefalu.com\/es\/pago\/#primaryimage"},"image":{"@id":"https:\/\/conventocefalu.com\/es\/pago\/#primaryimage"},"thumbnailUrl":"https:\/\/conventocefalu.com\/wp-content\/uploads\/2019\/03\/Vista-dal-Convento-di-Cefal\u00f9-Sicilia-e1554559415278.jpg","datePublished":"2018-12-10T07:30:15+00:00","dateModified":"2019-04-15T12:29:13+00:00","description":"Pago | Collegio di Maria de Cefal\u00fa. El convento m\u00e1s bello de Italia, directamente en la playa de Cefal\u00fa en Sicilia.","breadcrumb":{"@id":"https:\/\/conventocefalu.com\/es\/pago\/#breadcrumb"},"inLanguage":"es","potentialAction":[{"@type":"ReadAction","target":["https:\/\/conventocefalu.com\/es\/pago\/"]}]},{"@type":"ImageObject","inLanguage":"es","@id":"https:\/\/conventocefalu.com\/es\/pago\/#primaryimage","url":"https:\/\/conventocefalu.com\/wp-content\/uploads\/2019\/03\/Vista-dal-Convento-di-Cefal\u00f9-Sicilia-e1554559415278.jpg","contentUrl":"https:\/\/conventocefalu.com\/wp-content\/uploads\/2019\/03\/Vista-dal-Convento-di-Cefal\u00f9-Sicilia-e1554559415278.jpg","width":800,"height":600,"caption":"Vista desde el Convento de Cefal\u00fa (Sicilia) | Habitaciones con vista al mar en una casa de vacaciones en el centro hist\u00f3rico de Cefal\u00fa, Palermo, Sicilia"},{"@type":"BreadcrumbList","@id":"https:\/\/conventocefalu.com\/es\/pago\/#breadcrumb","itemListElement":[{"@type":"ListItem","position":1,"name":"Home","item":"https:\/\/conventocefalu.com\/es\/"},{"@type":"ListItem","position":2,"name":"Pago"}]},{"@type":"WebSite","@id":"https:\/\/conventocefalu.com\/es\/#website","url":"https:\/\/conventocefalu.com\/es\/","name":"Collegio di Maria","description":"Habitaciones con vista al mar en Bed and Breakfast en Cefalu, Sicilia.","potentialAction":[{"@type":"SearchAction","target":{"@type":"EntryPoint","urlTemplate":"https:\/\/conventocefalu.com\/es\/?s={search_term_string}"},"query-input":{"@type":"PropertyValueSpecification","valueRequired":true,"valueName":"search_term_string"}}],"inLanguage":"es"}]}},"_links":{"self":[{"href":"https:\/\/conventocefalu.com\/es\/wp-json\/wp\/v2\/pages\/11814"}],"collection":[{"href":"https:\/\/conventocefalu.com\/es\/wp-json\/wp\/v2\/pages"}],"about":[{"href":"https:\/\/conventocefalu.com\/es\/wp-json\/wp\/v2\/types\/page"}],"author":[{"embeddable":true,"href":"https:\/\/conventocefalu.com\/es\/wp-json\/wp\/v2\/users\/1"}],"replies":[{"embeddable":true,"href":"https:\/\/conventocefalu.com\/es\/wp-json\/wp\/v2\/comments?post=11814"}],"version-history":[{"count":0,"href":"https:\/\/conventocefalu.com\/es\/wp-json\/wp\/v2\/pages\/11814\/revisions"}],"wp:featuredmedia":[{"embeddable":true,"href":"https:\/\/conventocefalu.com\/es\/wp-json\/wp\/v2\/media\/10920"}],"wp:attachment":[{"href":"https:\/\/conventocefalu.com\/es\/wp-json\/wp\/v2\/media?parent=11814"}],"curies":[{"name":"wp","href":"https:\/\/api.w.org\/{rel}","templated":true}]}}