{"id":11723,"date":"2019-04-15T08:54:50","date_gmt":"2019-04-15T08:54:50","guid":{"rendered":"https:\/\/www.conventocefalu.com\/?page_id=11723"},"modified":"2019-05-09T07:49:16","modified_gmt":"2019-05-09T07:49:16","slug":"asignaciones","status":"publish","type":"page","link":"https:\/\/conventocefalu.com\/es\/asignaciones\/","title":{"rendered":"Asignaciones"},"content":{"rendered":"<div class=\"wpb-content-wrapper\"><p>[vc_row][vc_column][vc_empty_space height=\u00bb40px\u00bb]    <div class=\"content-text padding-0 st-default\">\r\n        <div class=\"st-text-center\">\r\n            <h2 class=\"text-center  style-3 \">Asignaciones<\/h2>\r\n            <div class=\"box__separator  hidden-thumb \"><\/div>\r\n            <div class=\"text-center\">Algunas im\u00e1genes del sitio son del tipo <em>Creative Commons<\/em>.<\/div>\r\n        <\/div>\r\n    <\/div>\r\n[vc_empty_space height=\u00bb60px\u00bb][\/vc_column][\/vc_row][vc_row][vc_column css=\u00bb.vc_custom_1551322125345{padding-right: 0px !important;padding-left: 0px !important;}\u00bb]\r\n\t    <div class=\"row list-group  st-gallery-grid\">\r\n\t    \t\t\t        <div class=\"item  col-lg-3 col-md-3 col-sm-3 col-xs-12\">\r\n\t\t            <div class=\"thumbnail\">\r\n\t\t                <a class=\"galleryItem\" href=\"https:\/\/conventocefalu.com\/wp-content\/uploads\/2019\/04\/640px-View_of_Cefalu_from_above_44945905581-e1554558803911.jpg\" data-group=\"grid\" title=\"\"><img decoding=\"async\" class=\"group list-group-image\" src=\"https:\/\/conventocefalu.com\/wp-content\/uploads\/2019\/04\/640px-View_of_Cefalu_from_above_44945905581-e1554558803911.jpg\" alt=\"640px-View_of_Cefalu_from_above_(44945905581)\" \/><\/a>\r\n\t\t            <\/div>\r\n\t\t        <\/div>\r\n\t\t    \t\t        <div class=\"item  col-lg-3 col-md-3 col-sm-3 col-xs-12\">\r\n\t\t            <div class=\"thumbnail\">\r\n\t\t                <a class=\"galleryItem\" href=\"https:\/\/conventocefalu.com\/wp-content\/uploads\/2019\/04\/640px-Cefal\u00f9_2-e1554558785918.jpg\" data-group=\"grid\" title=\"\"><img decoding=\"async\" class=\"group list-group-image\" src=\"https:\/\/conventocefalu.com\/wp-content\/uploads\/2019\/04\/640px-Cefal\u00f9_2-e1554558785918.jpg\" alt=\"640px-Cefal\u00f9_(2)\" \/><\/a>\r\n\t\t            <\/div>\r\n\t\t        <\/div>\r\n\t\t    \t\t        <div class=\"item  col-lg-3 col-md-3 col-sm-3 col-xs-12\">\r\n\t\t            <div class=\"thumbnail\">\r\n\t\t                <a class=\"galleryItem\" href=\"https:\/\/conventocefalu.com\/wp-content\/uploads\/2019\/04\/1200px-Cefal\u00f9_dal_monte-e1554558765752.jpg\" data-group=\"grid\" title=\"\"><img decoding=\"async\" class=\"group list-group-image\" src=\"https:\/\/conventocefalu.com\/wp-content\/uploads\/2019\/04\/1200px-Cefal\u00f9_dal_monte-e1554558765752.jpg\" alt=\"1200px-Cefal\u00f9_dal_monte\" \/><\/a>\r\n\t\t            <\/div>\r\n\t\t        <\/div>\r\n\t\t    \t\t        <div class=\"item  col-lg-3 col-md-3 col-sm-3 col-xs-12\">\r\n\t\t            <div class=\"thumbnail\">\r\n\t\t                <a class=\"galleryItem\" href=\"https:\/\/conventocefalu.com\/wp-content\/uploads\/2019\/03\/La-spiaggia-di-Cefal\u00f9-Foto-di-Matthias-S\u00fc\u00dfen.jpg\" data-group=\"grid\" title=\"\"><img decoding=\"async\" class=\"group list-group-image\" src=\"https:\/\/conventocefalu.com\/wp-content\/uploads\/2019\/03\/La-spiaggia-di-Cefal\u00f9-Foto-di-Matthias-S\u00fc\u00dfen.jpg\" alt=\"La spiaggia di Cefal\u00f9 - Foto di Matthias S\u00fc\u00dfen\" \/><\/a>\r\n\t\t            <\/div>\r\n\t\t        <\/div>\r\n\t\t    \t    <\/div>\r\n\t    <script type=\"text\/javascript\">\r\n\t    \tjQuery(function($) {\r\n\t    \t\tvar groups = {};\r\n\t\t\t\t$('.list-group.st-gallery-grid .item').each(function() {\r\n\t\t\t\t    var id = parseInt($(this).attr('data-group'), 10);\r\n\t\t\t\t\tif(!groups[id]) {\r\n\t\t\t\t    \tgroups[id] = [];\r\n\t\t\t\t\t}\r\n\r\n\t\t\t\t\tgroups[id].push( this );\r\n\t\t\t\t});\r\n\r\n\r\n\t\t\t\t$.each(groups, function() {\r\n\r\n\t\t\t\t  $(this).find(\".galleryItem\").magnificPopup({\r\n\t\t\t\t      type: 'image',\r\n\t\t\t\t      closeOnContentClick: true,\r\n\t\t\t\t      closeBtnInside: false,\r\n\t\t\t\t      gallery: { enabled:true }\r\n\t\t\t\t  })\r\n\t\t\t\t});\r\n\r\n\t\t    });\r\n\t    <\/script>\r\n[\/vc_column][\/vc_row][vc_row][vc_column][vc_column_text]<\/p>\n<p style=\"text-align: center;\">El sitio contiene im\u00e1genes sujetas a licencia CC:<\/p>\n<p style=\"text-align: center;\"><a href=\"https:\/\/it.wikipedia.org\/wiki\/File:View_of_Cefalu_from_above_(44945905581).jpg\" target=\"_blank\" rel=\"noopener noreferrer\">Foto 1<\/a> |\u00a0<a href=\"https:\/\/commons.wikimedia.org\/wiki\/File:Cefal%C3%B9_(2).jpg\" target=\"_blank\" rel=\"noopener noreferrer\">Foto 2<\/a> |\u00a0<a href=\"https:\/\/upload.wikimedia.org\/wikipedia\/commons\/thumb\/3\/32\/Cefal%C3%B9_dal_monte.JPG\/1200px-Cefal%C3%B9_dal_monte.JPG\" target=\"_blank\" rel=\"noopener noreferrer\">Foto 3<\/a> |\u00a0<a href=\"https:\/\/commons.wikimedia.org\/wiki\/File:Cefalu_msu2017-0809.jpg\" target=\"_blank\" rel=\"noopener noreferrer\">Foto 4<\/a><\/p>\n<p>[\/vc_column_text][vc_empty_space][\/vc_column][\/vc_row][vc_row][vc_column][vc_cta h2=\u00bb\u00bb h4=\u00bbAviso legal\u00bb]Todas las im\u00e1genes se han seleccionado e insertado con respecto a los derechos (fotos marcadas para su reutilizaci\u00f3n &#8211; CCO Creative Commons). Si se cometi\u00f3 un error, cualquier ajuste solicitado por los leg\u00edtimos propietarios se realizar\u00e1 lo antes posible.[\/vc_cta][\/vc_column][\/vc_row]<\/p>\n<\/div>","protected":false},"excerpt":{"rendered":"<p>[vc_row][vc_column][vc_empty_space height=\u00bb40px\u00bb][vc_empty_space height=\u00bb60px\u00bb][\/vc_column][\/vc_row][vc_row][vc_column css=\u00bb.vc_custom_1551322125345{padding-right: 0px !important;padding-left: 0px !important;}\u00bb][\/vc_column][\/vc_row][vc_row][vc_column][vc_column_text] El sitio contiene im\u00e1genes sujetas a licencia CC: Foto 1 |\u00a0Foto 2 |\u00a0Foto 3 |\u00a0Foto 4 [\/vc_column_text][vc_empty_space][\/vc_column][\/vc_row][vc_row][vc_column][vc_cta h2=\u00bb\u00bb h4=\u00bbAviso legal\u00bb]Todas las im\u00e1genes se han seleccionado e insertado con respecto a los derechos (fotos marcadas para su reutilizaci\u00f3n &#8211; CCO Creative Commons). Si se cometi\u00f3 un error, cualquier [&hellip;]<\/p>\n","protected":false},"author":1,"featured_media":11125,"parent":0,"menu_order":0,"comment_status":"closed","ping_status":"closed","template":"template-single-hotel-modern.php","meta":{"footnotes":""},"class_list":["post-11723","page","type-page","status-publish","has-post-thumbnail","hentry"],"yoast_head":"<!-- This site is optimized with the Yoast SEO plugin v27.3 - https:\/\/yoast.com\/product\/yoast-seo-wordpress\/ -->\n<title>Asignaciones - Convento de Cefal\u00f9 B&amp;B<\/title>\n<meta name=\"robots\" content=\"index, nofollow, max-snippet:-1, max-image-preview:large, max-video-preview:-1\" \/>\n<link rel=\"canonical\" href=\"https:\/\/conventocefalu.com\/es\/asignaciones\/\" \/>\n<meta property=\"og:locale\" content=\"es_ES\" \/>\n<meta property=\"og:type\" content=\"article\" \/>\n<meta property=\"og:title\" content=\"Asignaciones - Convento de Cefal\u00f9 B&amp;B\" \/>\n<meta property=\"og:description\" content=\"[vc_row][vc_column][vc_empty_space height=\u00bb40px\u00bb][vc_empty_space height=\u00bb60px\u00bb][\/vc_column][\/vc_row][vc_row][vc_column css=\u00bb.vc_custom_1551322125345{padding-right: 0px !important;padding-left: 0px !important;}\u00bb][\/vc_column][\/vc_row][vc_row][vc_column][vc_column_text] El sitio contiene im\u00e1genes sujetas a licencia CC: Foto 1 |\u00a0Foto 2 |\u00a0Foto 3 |\u00a0Foto 4 [\/vc_column_text][vc_empty_space][\/vc_column][\/vc_row][vc_row][vc_column][vc_cta h2=\u00bb\u00bb h4=\u00bbAviso legal\u00bb]Todas las im\u00e1genes se han seleccionado e insertado con respecto a los derechos (fotos marcadas para su reutilizaci\u00f3n &#8211; CCO Creative Commons). Si se cometi\u00f3 un error, cualquier [&hellip;]\" \/>\n<meta property=\"og:url\" content=\"https:\/\/conventocefalu.com\/es\/asignaciones\/\" \/>\n<meta property=\"og:site_name\" content=\"Convento de Cefal\u00f9 B&amp;B\" \/>\n<meta property=\"article:publisher\" content=\"https:\/\/www.facebook.com\/ConventoCefalu\" \/>\n<meta property=\"article:modified_time\" content=\"2019-05-09T07:49:16+00:00\" \/>\n<meta property=\"og:image\" content=\"https:\/\/conventocefalu.com\/wp-content\/uploads\/2019\/04\/Creative_Commons_logo.png\" \/>\n\t<meta property=\"og:image:width\" content=\"1920\" \/>\n\t<meta property=\"og:image:height\" content=\"896\" \/>\n\t<meta property=\"og:image:type\" content=\"image\/png\" \/>\n<meta name=\"twitter:card\" content=\"summary_large_image\" \/>\n<meta name=\"twitter:label1\" content=\"Tiempo de lectura\" \/>\n\t<meta name=\"twitter:data1\" content=\"1 minuto\" \/>\n<script type=\"application\/ld+json\" class=\"yoast-schema-graph\">{\"@context\":\"https:\\\/\\\/schema.org\",\"@graph\":[{\"@type\":\"WebPage\",\"@id\":\"https:\\\/\\\/conventocefalu.com\\\/es\\\/asignaciones\\\/\",\"url\":\"https:\\\/\\\/conventocefalu.com\\\/es\\\/asignaciones\\\/\",\"name\":\"Asignaciones - Convento de Cefal\u00f9 B&amp;B\",\"isPartOf\":{\"@id\":\"https:\\\/\\\/conventocefalu.com\\\/es\\\/#website\"},\"primaryImageOfPage\":{\"@id\":\"https:\\\/\\\/conventocefalu.com\\\/es\\\/asignaciones\\\/#primaryimage\"},\"image\":{\"@id\":\"https:\\\/\\\/conventocefalu.com\\\/es\\\/asignaciones\\\/#primaryimage\"},\"thumbnailUrl\":\"https:\\\/\\\/conventocefalu.com\\\/wp-content\\\/uploads\\\/2019\\\/04\\\/Creative_Commons_logo.png\",\"datePublished\":\"2019-04-15T08:54:50+00:00\",\"dateModified\":\"2019-05-09T07:49:16+00:00\",\"breadcrumb\":{\"@id\":\"https:\\\/\\\/conventocefalu.com\\\/es\\\/asignaciones\\\/#breadcrumb\"},\"inLanguage\":\"es\",\"potentialAction\":[{\"@type\":\"ReadAction\",\"target\":[\"https:\\\/\\\/conventocefalu.com\\\/es\\\/asignaciones\\\/\"]}]},{\"@type\":\"ImageObject\",\"inLanguage\":\"es\",\"@id\":\"https:\\\/\\\/conventocefalu.com\\\/es\\\/asignaciones\\\/#primaryimage\",\"url\":\"https:\\\/\\\/conventocefalu.com\\\/wp-content\\\/uploads\\\/2019\\\/04\\\/Creative_Commons_logo.png\",\"contentUrl\":\"https:\\\/\\\/conventocefalu.com\\\/wp-content\\\/uploads\\\/2019\\\/04\\\/Creative_Commons_logo.png\",\"width\":1920,\"height\":896},{\"@type\":\"BreadcrumbList\",\"@id\":\"https:\\\/\\\/conventocefalu.com\\\/es\\\/asignaciones\\\/#breadcrumb\",\"itemListElement\":[{\"@type\":\"ListItem\",\"position\":1,\"name\":\"Home\",\"item\":\"https:\\\/\\\/conventocefalu.com\\\/es\\\/\"},{\"@type\":\"ListItem\",\"position\":2,\"name\":\"Asignaciones\"}]},{\"@type\":\"WebSite\",\"@id\":\"https:\\\/\\\/conventocefalu.com\\\/es\\\/#website\",\"url\":\"https:\\\/\\\/conventocefalu.com\\\/es\\\/\",\"name\":\"Collegio di Maria\",\"description\":\"Habitaciones con vista al mar en Bed and Breakfast en Cefalu, Sicilia.\",\"potentialAction\":[{\"@type\":\"SearchAction\",\"target\":{\"@type\":\"EntryPoint\",\"urlTemplate\":\"https:\\\/\\\/conventocefalu.com\\\/es\\\/?s={search_term_string}\"},\"query-input\":{\"@type\":\"PropertyValueSpecification\",\"valueRequired\":true,\"valueName\":\"search_term_string\"}}],\"inLanguage\":\"es\"}]}<\/script>\n<!-- \/ Yoast SEO plugin. -->","yoast_head_json":{"title":"Asignaciones - Convento de Cefal\u00f9 B&amp;B","robots":{"index":"index","follow":"nofollow","max-snippet":"max-snippet:-1","max-image-preview":"max-image-preview:large","max-video-preview":"max-video-preview:-1"},"canonical":"https:\/\/conventocefalu.com\/es\/asignaciones\/","og_locale":"es_ES","og_type":"article","og_title":"Asignaciones - Convento de Cefal\u00f9 B&amp;B","og_description":"[vc_row][vc_column][vc_empty_space height=\u00bb40px\u00bb][vc_empty_space height=\u00bb60px\u00bb][\/vc_column][\/vc_row][vc_row][vc_column css=\u00bb.vc_custom_1551322125345{padding-right: 0px !important;padding-left: 0px !important;}\u00bb][\/vc_column][\/vc_row][vc_row][vc_column][vc_column_text] El sitio contiene im\u00e1genes sujetas a licencia CC: Foto 1 |\u00a0Foto 2 |\u00a0Foto 3 |\u00a0Foto 4 [\/vc_column_text][vc_empty_space][\/vc_column][\/vc_row][vc_row][vc_column][vc_cta h2=\u00bb\u00bb h4=\u00bbAviso legal\u00bb]Todas las im\u00e1genes se han seleccionado e insertado con respecto a los derechos (fotos marcadas para su reutilizaci\u00f3n &#8211; CCO Creative Commons). Si se cometi\u00f3 un error, cualquier [&hellip;]","og_url":"https:\/\/conventocefalu.com\/es\/asignaciones\/","og_site_name":"Convento de Cefal\u00f9 B&amp;B","article_publisher":"https:\/\/www.facebook.com\/ConventoCefalu","article_modified_time":"2019-05-09T07:49:16+00:00","og_image":[{"width":1920,"height":896,"url":"https:\/\/conventocefalu.com\/wp-content\/uploads\/2019\/04\/Creative_Commons_logo.png","type":"image\/png"}],"twitter_card":"summary_large_image","twitter_misc":{"Tiempo de lectura":"1 minuto"},"schema":{"@context":"https:\/\/schema.org","@graph":[{"@type":"WebPage","@id":"https:\/\/conventocefalu.com\/es\/asignaciones\/","url":"https:\/\/conventocefalu.com\/es\/asignaciones\/","name":"Asignaciones - Convento de Cefal\u00f9 B&amp;B","isPartOf":{"@id":"https:\/\/conventocefalu.com\/es\/#website"},"primaryImageOfPage":{"@id":"https:\/\/conventocefalu.com\/es\/asignaciones\/#primaryimage"},"image":{"@id":"https:\/\/conventocefalu.com\/es\/asignaciones\/#primaryimage"},"thumbnailUrl":"https:\/\/conventocefalu.com\/wp-content\/uploads\/2019\/04\/Creative_Commons_logo.png","datePublished":"2019-04-15T08:54:50+00:00","dateModified":"2019-05-09T07:49:16+00:00","breadcrumb":{"@id":"https:\/\/conventocefalu.com\/es\/asignaciones\/#breadcrumb"},"inLanguage":"es","potentialAction":[{"@type":"ReadAction","target":["https:\/\/conventocefalu.com\/es\/asignaciones\/"]}]},{"@type":"ImageObject","inLanguage":"es","@id":"https:\/\/conventocefalu.com\/es\/asignaciones\/#primaryimage","url":"https:\/\/conventocefalu.com\/wp-content\/uploads\/2019\/04\/Creative_Commons_logo.png","contentUrl":"https:\/\/conventocefalu.com\/wp-content\/uploads\/2019\/04\/Creative_Commons_logo.png","width":1920,"height":896},{"@type":"BreadcrumbList","@id":"https:\/\/conventocefalu.com\/es\/asignaciones\/#breadcrumb","itemListElement":[{"@type":"ListItem","position":1,"name":"Home","item":"https:\/\/conventocefalu.com\/es\/"},{"@type":"ListItem","position":2,"name":"Asignaciones"}]},{"@type":"WebSite","@id":"https:\/\/conventocefalu.com\/es\/#website","url":"https:\/\/conventocefalu.com\/es\/","name":"Collegio di Maria","description":"Habitaciones con vista al mar en Bed and Breakfast en Cefalu, Sicilia.","potentialAction":[{"@type":"SearchAction","target":{"@type":"EntryPoint","urlTemplate":"https:\/\/conventocefalu.com\/es\/?s={search_term_string}"},"query-input":{"@type":"PropertyValueSpecification","valueRequired":true,"valueName":"search_term_string"}}],"inLanguage":"es"}]}},"_links":{"self":[{"href":"https:\/\/conventocefalu.com\/es\/wp-json\/wp\/v2\/pages\/11723"}],"collection":[{"href":"https:\/\/conventocefalu.com\/es\/wp-json\/wp\/v2\/pages"}],"about":[{"href":"https:\/\/conventocefalu.com\/es\/wp-json\/wp\/v2\/types\/page"}],"author":[{"embeddable":true,"href":"https:\/\/conventocefalu.com\/es\/wp-json\/wp\/v2\/users\/1"}],"replies":[{"embeddable":true,"href":"https:\/\/conventocefalu.com\/es\/wp-json\/wp\/v2\/comments?post=11723"}],"version-history":[{"count":0,"href":"https:\/\/conventocefalu.com\/es\/wp-json\/wp\/v2\/pages\/11723\/revisions"}],"wp:featuredmedia":[{"embeddable":true,"href":"https:\/\/conventocefalu.com\/es\/wp-json\/wp\/v2\/media\/11125"}],"wp:attachment":[{"href":"https:\/\/conventocefalu.com\/es\/wp-json\/wp\/v2\/media?parent=11723"}],"curies":[{"name":"wp","href":"https:\/\/api.w.org\/{rel}","templated":true}]}}