{"id":11951,"date":"2019-04-05T15:51:52","date_gmt":"2019-04-05T15:51:52","guid":{"rendered":"https:\/\/www.conventocefalu.com\/login\/"},"modified":"2019-04-15T16:42:46","modified_gmt":"2019-04-15T16:42:46","slug":"login","status":"publish","type":"page","link":"https:\/\/conventocefalu.com\/en\/login\/","title":{"rendered":"Login | Collegio di Maria"},"content":{"rendered":"\n<figure class=\"wp-block-image is-resized\"><img loading=\"lazy\" decoding=\"async\" src=\"https:\/\/www.conventocefalu.com\/wp-content\/uploads\/2019\/03\/Convento-di-Cefalu-in-formula-di-Bed-and-Breakfast-nel-centro-storico-di-Cefalu-Sicilia-1024x1024.png\" alt=\"Convento di Cefalu in formula di Bed and Breakfast nel centro storico di Cefalu, Sicilia\" class=\"wp-image-2416\" width=\"459\" height=\"459\"\/><\/figure>\n","protected":false},"excerpt":{"rendered":"","protected":false},"author":1,"featured_media":10911,"parent":0,"menu_order":0,"comment_status":"closed","ping_status":"closed","template":"template-login.php","meta":{"footnotes":""},"class_list":["post-11951","page","type-page","status-publish","has-post-thumbnail","hentry"],"yoast_head":"<!-- This site is optimized with the Yoast SEO plugin v27.4 - https:\/\/yoast.com\/product\/yoast-seo-wordpress\/ -->\n<title>Login | Collegio di Maria - Collegio di Maria | Convent Cefalu B&amp;B<\/title>\n<meta name=\"description\" content=\"Login to the Collegio di Maria of Cefal\u00f9. The most beautiful convent in Italy directly on the beach of Cefalu in Sicily.\" \/>\n<meta name=\"robots\" content=\"index, follow, max-snippet:-1, max-image-preview:large, max-video-preview:-1\" \/>\n<link rel=\"canonical\" href=\"https:\/\/conventocefalu.com\/en\/login\/\" \/>\n<meta property=\"og:locale\" content=\"en_US\" \/>\n<meta property=\"og:type\" content=\"article\" \/>\n<meta property=\"og:title\" content=\"Login | Collegio di Maria - Collegio di Maria | Convent Cefalu B&amp;B\" \/>\n<meta property=\"og:description\" content=\"Login to the Collegio di Maria of Cefal\u00f9. The most beautiful convent in Italy directly on the beach of Cefalu in Sicily.\" \/>\n<meta property=\"og:url\" content=\"https:\/\/conventocefalu.com\/en\/login\/\" \/>\n<meta property=\"og:site_name\" content=\"Collegio di Maria | Convent Cefalu B&amp;B\" \/>\n<meta property=\"article:publisher\" content=\"https:\/\/www.facebook.com\/ConventoCefalu\" \/>\n<meta property=\"article:modified_time\" content=\"2019-04-15T16:42:46+00:00\" \/>\n<meta property=\"og:image\" content=\"https:\/\/conventocefalu.com\/wp-content\/uploads\/2019\/03\/Convento-di-Cefalu--e1554559450593.jpg\" \/>\n\t<meta property=\"og:image:width\" content=\"900\" \/>\n\t<meta property=\"og:image:height\" content=\"612\" \/>\n\t<meta property=\"og:image:type\" content=\"image\/jpeg\" \/>\n<meta name=\"twitter:card\" content=\"summary_large_image\" \/>\n<script type=\"application\/ld+json\" class=\"yoast-schema-graph\">{\"@context\":\"https:\\\/\\\/schema.org\",\"@graph\":[{\"@type\":\"WebPage\",\"@id\":\"https:\\\/\\\/conventocefalu.com\\\/en\\\/login\\\/\",\"url\":\"https:\\\/\\\/conventocefalu.com\\\/en\\\/login\\\/\",\"name\":\"Login | Collegio di Maria - Collegio di Maria | Convent Cefalu B&amp;B\",\"isPartOf\":{\"@id\":\"https:\\\/\\\/conventocefalu.com\\\/en\\\/#website\"},\"primaryImageOfPage\":{\"@id\":\"https:\\\/\\\/conventocefalu.com\\\/en\\\/login\\\/#primaryimage\"},\"image\":{\"@id\":\"https:\\\/\\\/conventocefalu.com\\\/en\\\/login\\\/#primaryimage\"},\"thumbnailUrl\":\"https:\\\/\\\/conventocefalu.com\\\/wp-content\\\/uploads\\\/2019\\\/03\\\/Convento-di-Cefalu--e1554559450593.jpg\",\"datePublished\":\"2019-04-05T15:51:52+00:00\",\"dateModified\":\"2019-04-15T16:42:46+00:00\",\"description\":\"Login to the Collegio di Maria of Cefal\u00f9. The most beautiful convent in Italy directly on the beach of Cefalu in Sicily.\",\"breadcrumb\":{\"@id\":\"https:\\\/\\\/conventocefalu.com\\\/en\\\/login\\\/#breadcrumb\"},\"inLanguage\":\"en-US\",\"potentialAction\":[{\"@type\":\"ReadAction\",\"target\":[\"https:\\\/\\\/conventocefalu.com\\\/en\\\/login\\\/\"]}]},{\"@type\":\"ImageObject\",\"inLanguage\":\"en-US\",\"@id\":\"https:\\\/\\\/conventocefalu.com\\\/en\\\/login\\\/#primaryimage\",\"url\":\"https:\\\/\\\/conventocefalu.com\\\/wp-content\\\/uploads\\\/2019\\\/03\\\/Convento-di-Cefalu--e1554559450593.jpg\",\"contentUrl\":\"https:\\\/\\\/conventocefalu.com\\\/wp-content\\\/uploads\\\/2019\\\/03\\\/Convento-di-Cefalu--e1554559450593.jpg\",\"width\":900,\"height\":612,\"caption\":\"Convent of Cefalu, Sicily | Photo by Tam\u00e1s Szab\u00f3 from Kolozsv\u00e1r, Rom\u00e1nia\"},{\"@type\":\"BreadcrumbList\",\"@id\":\"https:\\\/\\\/conventocefalu.com\\\/en\\\/login\\\/#breadcrumb\",\"itemListElement\":[{\"@type\":\"ListItem\",\"position\":1,\"name\":\"Home\",\"item\":\"https:\\\/\\\/conventocefalu.com\\\/en\\\/\"},{\"@type\":\"ListItem\",\"position\":2,\"name\":\"Login | Collegio di Maria\"}]},{\"@type\":\"WebSite\",\"@id\":\"https:\\\/\\\/conventocefalu.com\\\/en\\\/#website\",\"url\":\"https:\\\/\\\/conventocefalu.com\\\/en\\\/\",\"name\":\"Collegio di Maria\",\"description\":\"Sea view rooms in Bed and Breakfast in Cefalu, Sicily.\",\"potentialAction\":[{\"@type\":\"SearchAction\",\"target\":{\"@type\":\"EntryPoint\",\"urlTemplate\":\"https:\\\/\\\/conventocefalu.com\\\/en\\\/?s={search_term_string}\"},\"query-input\":{\"@type\":\"PropertyValueSpecification\",\"valueRequired\":true,\"valueName\":\"search_term_string\"}}],\"inLanguage\":\"en-US\"}]}<\/script>\n<!-- \/ Yoast SEO plugin. -->","yoast_head_json":{"title":"Login | Collegio di Maria - Collegio di Maria | Convent Cefalu B&amp;B","description":"Login to the Collegio di Maria of Cefal\u00f9. The most beautiful convent in Italy directly on the beach of Cefalu in Sicily.","robots":{"index":"index","follow":"follow","max-snippet":"max-snippet:-1","max-image-preview":"max-image-preview:large","max-video-preview":"max-video-preview:-1"},"canonical":"https:\/\/conventocefalu.com\/en\/login\/","og_locale":"en_US","og_type":"article","og_title":"Login | Collegio di Maria - Collegio di Maria | Convent Cefalu B&amp;B","og_description":"Login to the Collegio di Maria of Cefal\u00f9. The most beautiful convent in Italy directly on the beach of Cefalu in Sicily.","og_url":"https:\/\/conventocefalu.com\/en\/login\/","og_site_name":"Collegio di Maria | Convent Cefalu B&amp;B","article_publisher":"https:\/\/www.facebook.com\/ConventoCefalu","article_modified_time":"2019-04-15T16:42:46+00:00","og_image":[{"width":900,"height":612,"url":"https:\/\/conventocefalu.com\/wp-content\/uploads\/2019\/03\/Convento-di-Cefalu--e1554559450593.jpg","type":"image\/jpeg"}],"twitter_card":"summary_large_image","schema":{"@context":"https:\/\/schema.org","@graph":[{"@type":"WebPage","@id":"https:\/\/conventocefalu.com\/en\/login\/","url":"https:\/\/conventocefalu.com\/en\/login\/","name":"Login | Collegio di Maria - Collegio di Maria | Convent Cefalu B&amp;B","isPartOf":{"@id":"https:\/\/conventocefalu.com\/en\/#website"},"primaryImageOfPage":{"@id":"https:\/\/conventocefalu.com\/en\/login\/#primaryimage"},"image":{"@id":"https:\/\/conventocefalu.com\/en\/login\/#primaryimage"},"thumbnailUrl":"https:\/\/conventocefalu.com\/wp-content\/uploads\/2019\/03\/Convento-di-Cefalu--e1554559450593.jpg","datePublished":"2019-04-05T15:51:52+00:00","dateModified":"2019-04-15T16:42:46+00:00","description":"Login to the Collegio di Maria of Cefal\u00f9. The most beautiful convent in Italy directly on the beach of Cefalu in Sicily.","breadcrumb":{"@id":"https:\/\/conventocefalu.com\/en\/login\/#breadcrumb"},"inLanguage":"en-US","potentialAction":[{"@type":"ReadAction","target":["https:\/\/conventocefalu.com\/en\/login\/"]}]},{"@type":"ImageObject","inLanguage":"en-US","@id":"https:\/\/conventocefalu.com\/en\/login\/#primaryimage","url":"https:\/\/conventocefalu.com\/wp-content\/uploads\/2019\/03\/Convento-di-Cefalu--e1554559450593.jpg","contentUrl":"https:\/\/conventocefalu.com\/wp-content\/uploads\/2019\/03\/Convento-di-Cefalu--e1554559450593.jpg","width":900,"height":612,"caption":"Convent of Cefalu, Sicily | Photo by Tam\u00e1s Szab\u00f3 from Kolozsv\u00e1r, Rom\u00e1nia"},{"@type":"BreadcrumbList","@id":"https:\/\/conventocefalu.com\/en\/login\/#breadcrumb","itemListElement":[{"@type":"ListItem","position":1,"name":"Home","item":"https:\/\/conventocefalu.com\/en\/"},{"@type":"ListItem","position":2,"name":"Login | Collegio di Maria"}]},{"@type":"WebSite","@id":"https:\/\/conventocefalu.com\/en\/#website","url":"https:\/\/conventocefalu.com\/en\/","name":"Collegio di Maria","description":"Sea view rooms in Bed and Breakfast in Cefalu, Sicily.","potentialAction":[{"@type":"SearchAction","target":{"@type":"EntryPoint","urlTemplate":"https:\/\/conventocefalu.com\/en\/?s={search_term_string}"},"query-input":{"@type":"PropertyValueSpecification","valueRequired":true,"valueName":"search_term_string"}}],"inLanguage":"en-US"}]}},"_links":{"self":[{"href":"https:\/\/conventocefalu.com\/en\/wp-json\/wp\/v2\/pages\/11951"}],"collection":[{"href":"https:\/\/conventocefalu.com\/en\/wp-json\/wp\/v2\/pages"}],"about":[{"href":"https:\/\/conventocefalu.com\/en\/wp-json\/wp\/v2\/types\/page"}],"author":[{"embeddable":true,"href":"https:\/\/conventocefalu.com\/en\/wp-json\/wp\/v2\/users\/1"}],"replies":[{"embeddable":true,"href":"https:\/\/conventocefalu.com\/en\/wp-json\/wp\/v2\/comments?post=11951"}],"version-history":[{"count":0,"href":"https:\/\/conventocefalu.com\/en\/wp-json\/wp\/v2\/pages\/11951\/revisions"}],"wp:featuredmedia":[{"embeddable":true,"href":"https:\/\/conventocefalu.com\/en\/wp-json\/wp\/v2\/media\/10911"}],"wp:attachment":[{"href":"https:\/\/conventocefalu.com\/en\/wp-json\/wp\/v2\/media?parent=11951"}],"curies":[{"name":"wp","href":"https:\/\/api.w.org\/{rel}","templated":true}]}}