{"id":12147,"date":"2019-04-04T17:46:09","date_gmt":"2019-04-04T17:46:09","guid":{"rendered":"https:\/\/www.conventocefalu.com\/termini-condizioni\/"},"modified":"2019-04-16T08:24:46","modified_gmt":"2019-04-16T08:24:46","slug":"allgemeine-geschaeftsbedingungen","status":"publish","type":"page","link":"https:\/\/conventocefalu.com\/de\/allgemeine-geschaeftsbedingungen\/","title":{"rendered":"Allgemeine Gesch\u00e4ftsbedingungen"},"content":{"rendered":"<div class=\"wpb-content-wrapper\"><p>[vc_row][vc_column][vc_column_text]<\/p>\n<h5>Voraussetzungen<\/h5>\n<p>Die Website www.conventocefalu.com (im Folgenden als Website bezeichnet) geh\u00f6rt der Kongregation der Collegine-Schwestern der Heiligen Familie mit Sitz in Palermo in der Via Evangelista Di Blasi, 165, P.Iva IT 97060280829 (im Folgenden das Anwesen).<\/p>\n<p>Dieses Dokument (im Folgenden die Allgemeinen Gesch\u00e4ftsbedingungen) definiert die Bedingungen f\u00fcr die Nutzung der Website und der entsprechenden Buchungsdienste. Diese Allgemeinen Gesch\u00e4ftsbedingungen gelten zusammen mit den von der Firma angenommenen Datenschutzbestimmungen als bekannt und werden von dem Benutzer, der die Website nutzt, vollst\u00e4ndig akzeptiert. Es ist nicht m\u00f6glich, ohne vorherige Kenntnis und Annahme der Allgemeinen Bedingungen Reservierungen vorzunehmen.<\/p>\n<p>Der Begriff &#8222;Benutzer&#8220; bezieht sich hier auf alle Personen und \/ oder Unternehmen, die auf die Website zugreifen oder deren Dienste nutzen.<\/p>\n<h5>Geltungsbereich<\/h5>\n<p>Diese Allgemeinen Gesch\u00e4ftsbedingungen gelten f\u00fcr alle Online-Besuche und Buchungen, die \u00fcber die Website vorgenommen werden.<\/p>\n<h5>Buchungsvorgang<\/h5>\n<p>\u00dcber die Site k\u00f6nnen Benutzer nach Verf\u00fcgbarkeit suchen, basierend auf den vom Benutzer ausgew\u00e4hlten Daten. F\u00fcr jede einzelne Buchung legt die Website die Buchungsmethoden und -bedingungen klar und genau fest.<\/p>\n<p>Wenn der Benutzer die richtige L\u00f6sung f\u00fcr seine Bed\u00fcrfnisse gefunden hat, muss er seine eigenen Daten f\u00fcr die Buchungszuweisung sowie die f\u00fcr die vollst\u00e4ndige Belastung erforderlichen Kreditkarten- oder Paypal-Daten eingeben und den angeforderten Betrag im Voraus angeben der gew\u00e4hlte Dienst. Der Benutzer ist f\u00fcr die Richtigkeit und Richtigkeit der auf der Website angegebenen Informationen verantwortlich.<\/p>\n<h5>Zahlungs- und Zahlungsmethoden<\/h5>\n<p>Die Zahlung der Reservierungsgeb\u00fchr inklusive Mehrwertsteuer wird im Voraus erhoben. Durch Klicken auf die Schaltfl\u00e4che &#8222;Buchung best\u00e4tigen&#8220; autorisiert der Benutzer die Transaktion zu den angegebenen Bedingungen.<\/p>\n<p>Der erfolgreiche Abschluss der Buchung unterliegt dem positiven Ergebnis der Transaktion durch die Kreditkarte \/ Paypal (Suspensivkondition). Bis zum Zeitpunkt der Transaktion gilt der Kauf der angeforderten Dienstleistungen nicht als abgeschlossen.<\/p>\n<p>Nach der Erf\u00fcllung der aufschiebenden Bedingung und dem Abschluss der Transaktion sendet das Eigentum dem Benutzer eine Best\u00e4tigungs-E-Mail mit allen Details der best\u00e4tigten Reservierung, den Verkaufsbedingungen, den Stornierungsbedingungen und den Vertragsstrafen sowie den erforderlichen Referenzen f\u00fcr die sp\u00e4tere Verwaltung derselben.<\/p>\n<p>Das Hotel \u00fcbernimmt keine Haftung f\u00fcr die nicht autorisierte oder unangemessene Verwendung der Kreditkarte des Benutzers sowie f\u00fcr sch\u00e4dliche Folgen, die sich auf Transaktionen mit Kreditkarten ergeben k\u00f6nnen, die nicht mit seinem Kontrollbereich zusammenh\u00e4ngen.<\/p>\n<p>Die Unterkunft \u00fcbernimmt keine Verantwortung f\u00fcr den Fall, dass der Benutzer w\u00e4hrend der Buchung Fehler und \/ oder technische Fehler erleidet. In diesem Fall wird die Reservierung nicht als erfolgreich angesehen.<\/p>\n<h5>\u00c4nderung und Stornierung der Reservierung<\/h5>\n<p>Die \u00c4nderung oder Stornierung der Buchung erfolgt durch Senden einer E-Mail an die Adresse info@conventocefalu.com. Die Bedingungen f\u00fcr die Stornierung und \u00c4nderung der Reservierung variieren je nach Art des gekauften Aufenthalts. Der Benutzer kann die Reservierung ausschlie\u00dflich \u00e4ndern oder stornieren, wenn dies zum Zeitpunkt des Kaufs vorgesehen ist und zu den Bedingungen, die in Bezug auf die einzelne Buchung festgelegt wurden und sowohl beim Kauf als auch in der Buchungsbest\u00e4tigungs-E-Mail detailliert angegeben sind.<\/p>\n<h5>Ausschluss des Widerrufsrechts<\/h5>\n<p>Nach der Kunst. 55, Absatz 1, Randnr. b) des gesetzesvertretenden Dekrets vom 6. September 2005, Nr. 206 (Verbrauchergesetzbuch) gilt das Widerrufsrecht, das zum Schutz der Verbraucher bei Vertr\u00e4gen und Vertragsvorschl\u00e4gen aus der Ferne vorgesehen ist oder au\u00dferhalb von Gesch\u00e4ftsr\u00e4umen ausgehandelt wird (Artikel 64 und folgende), nicht f\u00fcr Vertr\u00e4ge, die sich auf die Unterbringung beziehen Bei Vertragsabschluss verpflichtet sich der Gewerbetreibende, diese Dienstleistungen zu einem bestimmten Zeitpunkt oder in einem vorher festgelegten Zeitraum zu erbringen. Daher hat der Nutzer unbeschadet der Bestimmungen \u00fcber die Stornierung der Reservierung kein Widerrufsrecht.<\/p>\n<h5>H\u00f6here Gewalt<\/h5>\n<p>Das Eigentum und der Benutzer haften nicht f\u00fcr Verluste, Sch\u00e4den oder Verz\u00f6gerungen, die durch Streiks, Unruhen, Aussperrungen, unvorhersehbare Umst\u00e4nde, Br\u00e4nde, Anpassungs- und gesetzliche Bestimmungen, beh\u00f6rdliche Anordnungen oder Vorschriften, Kriegszustand oder \u00e4hnliche Handlungen, nat\u00fcrliche Elemente, ein Embargo h\u00f6herer Gewalt oder andere Gr\u00fcnde, die au\u00dferhalb seiner Kontrolle liegen.<\/p>\n<h5>Ausschluss von Gew\u00e4hrleistung und Haftung<\/h5>\n<p>Die Immobilie garantiert weder die Zuverl\u00e4ssigkeit noch die Verf\u00fcgbarkeit noch die Kontinuit\u00e4t der dem Benutzer zur Verf\u00fcgung gestellten Dienste. Daher lehnt es jegliche Haftung f\u00fcr Sch\u00e4den jeglicher Art aufgrund der Nichtverf\u00fcgbarkeit, Zuverl\u00e4ssigkeit oder Kontinuit\u00e4t seiner Website und seiner Dienste ab, obwohl es sich nach besten Kr\u00e4ften bem\u00fcht, der betroffenen Person nach M\u00f6glichkeit technische Hilfe zu leisten.<\/p>\n<p>Das Eigentum verpflichtet sich nicht zur Kontrolle und kontrolliert zuvor nicht das Fehlen von Viren oder Elementen im Inhalt, die \u00c4nderungen an der Software oder Hardware der Benutzer oder der Besucher der Websites verursachen k\u00f6nnten. Sie haften daher nicht f\u00fcr Sch\u00e4den, die daraus entstehen.<\/p>\n<h5>Anwendbares Recht und ausschlie\u00dflicher Gerichtsstand<\/h5>\n<p>Diese Website und diese Allgemeinen Gesch\u00e4ftsbedingungen unterliegen vollst\u00e4ndig dem italienischen Recht, das den Abschluss, die Durchf\u00fchrung und die K\u00fcndigung regelt und auf dessen Grundlage sie ausgelegt werden, auch zur L\u00f6sung von Streitigkeiten, die sich aus ihnen ergeben.<\/p>\n<p>Der Benutzer akzeptiert die ausschlie\u00dfliche Zust\u00e4ndigkeit der italienischen Justizbeh\u00f6rde f\u00fcr die Beilegung von Streitigkeiten, die beispielhaft, aber nicht beschr\u00e4nkt auf die G\u00fcltigkeit, Anwendung, Auslegung und Durchf\u00fchrung der Bestimmungen der Allgemeinen Gesch\u00e4ftsbedingungen, unter Anerkennung der Zust\u00e4ndigkeit von ausschlie\u00dflicher und verbindlicher Weg der Justizbeh\u00f6rde des Gerichts von Palermo.<\/p>\n<h5>Sprache der Allgemeinen Gesch\u00e4ftsbedingungen<\/h5>\n<p>Der urspr\u00fcngliche Text der Allgemeinen Gesch\u00e4ftsbedingungen wurde auf Italienisch verfasst. Der Originaltext auf Italienisch wurde m\u00f6glicherweise in andere Sprachen \u00fcbersetzt. Die \u00fcbersetzten Fassungen dienen inoffiziellen Zwecken und dienen lediglich der Veranschaulichung und sind daher ohne rechtlichen Wert. Bei Streitigkeiten oder Konflikten bez\u00fcglich ihrer Anwendung oder Auslegung wird ausschlie\u00dflich an jedem Ort und an jedem Ort und f\u00fcr alle rechtlichen Zwecke nur auf die in Italienisch verfasste Fassung Bezug genommen.<\/p>\n<h5>Schlussbestimmungen<\/h5>\n<p>Die Nichtigkeit einer oder mehrerer Klauseln oder eines Teils davon bedeutet nicht die Ung\u00fcltigkeit der Allgemeinen Gesch\u00e4ftsbedingungen oder des \u00fcbrigen Teils der Klausel selbst.<\/p>\n<p>Die Reservierung ist pers\u00f6nlich und kann ohne vorherige Zustimmung des Eigentums nicht frei \u00fcbertragen werden.<\/p>\n<p>Jegliche Kommunikation bez\u00fcglich dieser Allgemeinen Bedingungen und \/ oder der Nutzung der Website muss durch Senden einer E-Mail an die folgende Adresse erfolgen: info@conventocefalu.com.<\/p>\n<p>Diese Allgemeinen Bedingungen wurden am 15. April 2019 ausgearbeitet. Die Unterkunft beh\u00e4lt sich das Recht vor, die Allgemeinen Bedingungen zu \u00e4ndern, um die Benutzer auf der Website zu informieren. Daher wird der Benutzer aufgefordert, die Allgemeinen Bedingungen vor jedem Zugriff zu lesen und \/ oder oder Reservierung.<\/p>\n<div><\/div>\n<p>[\/vc_column_text][\/vc_column][\/vc_row]<\/p>\n<\/div>","protected":false},"excerpt":{"rendered":"<p>[vc_row][vc_column][vc_column_text] Voraussetzungen Die Website www.conventocefalu.com (im Folgenden als Website bezeichnet) geh\u00f6rt der Kongregation der Collegine-Schwestern der Heiligen Familie mit Sitz in Palermo in der Via Evangelista Di Blasi, 165, P.Iva IT 97060280829 (im Folgenden das Anwesen). Dieses Dokument (im Folgenden die Allgemeinen Gesch\u00e4ftsbedingungen) definiert die Bedingungen f\u00fcr die Nutzung der Website und der entsprechenden Buchungsdienste. [&hellip;]<\/p>\n","protected":false},"author":1,"featured_media":11058,"parent":0,"menu_order":0,"comment_status":"open","ping_status":"open","template":"template-single-hotel-modern.php","meta":{"footnotes":""},"class_list":["post-12147","page","type-page","status-publish","has-post-thumbnail","hentry"],"yoast_head":"<!-- This site is optimized with the Yoast SEO plugin v27.4 - https:\/\/yoast.com\/product\/yoast-seo-wordpress\/ -->\n<title>Allgemeine Gesch\u00e4ftsbedingungen - Kloster von Cefalu B&amp;B<\/title>\n<meta name=\"description\" content=\"Allgemeine Gesch\u00e4ftsbedingungen des Convento Collegio di Maria von Cefal\u00f9, Sizilien.\" \/>\n<meta name=\"robots\" content=\"index, follow, max-snippet:-1, max-image-preview:large, max-video-preview:-1\" \/>\n<link rel=\"canonical\" href=\"https:\/\/conventocefalu.com\/de\/allgemeine-geschaeftsbedingungen\/\" \/>\n<meta property=\"og:locale\" content=\"de_DE\" \/>\n<meta property=\"og:type\" content=\"article\" \/>\n<meta property=\"og:title\" content=\"Allgemeine Gesch\u00e4ftsbedingungen - Kloster von Cefalu B&amp;B\" \/>\n<meta property=\"og:description\" content=\"Allgemeine Gesch\u00e4ftsbedingungen des Convento Collegio di Maria von Cefal\u00f9, Sizilien.\" \/>\n<meta property=\"og:url\" content=\"https:\/\/conventocefalu.com\/de\/allgemeine-geschaeftsbedingungen\/\" \/>\n<meta property=\"og:site_name\" content=\"Kloster von Cefalu B&amp;B\" \/>\n<meta property=\"article:publisher\" content=\"https:\/\/www.facebook.com\/ConventoCefalu\" \/>\n<meta property=\"article:modified_time\" content=\"2019-04-16T08:24:46+00:00\" \/>\n<meta property=\"og:image\" content=\"https:\/\/conventocefalu.com\/wp-content\/uploads\/2019\/04\/DSCN9541-e1554559023710.jpg\" \/>\n\t<meta property=\"og:image:width\" content=\"600\" \/>\n\t<meta property=\"og:image:height\" content=\"450\" \/>\n\t<meta property=\"og:image:type\" content=\"image\/jpeg\" \/>\n<meta name=\"twitter:card\" content=\"summary_large_image\" \/>\n<meta name=\"twitter:label1\" content=\"Gesch\u00e4tzte Lesezeit\" \/>\n\t<meta name=\"twitter:data1\" content=\"5\u00a0Minuten\" \/>\n<script type=\"application\/ld+json\" class=\"yoast-schema-graph\">{\"@context\":\"https:\\\/\\\/schema.org\",\"@graph\":[{\"@type\":\"WebPage\",\"@id\":\"https:\\\/\\\/conventocefalu.com\\\/de\\\/allgemeine-geschaeftsbedingungen\\\/\",\"url\":\"https:\\\/\\\/conventocefalu.com\\\/de\\\/allgemeine-geschaeftsbedingungen\\\/\",\"name\":\"Allgemeine Gesch\u00e4ftsbedingungen - Kloster von Cefalu B&amp;B\",\"isPartOf\":{\"@id\":\"https:\\\/\\\/conventocefalu.com\\\/de\\\/#website\"},\"primaryImageOfPage\":{\"@id\":\"https:\\\/\\\/conventocefalu.com\\\/de\\\/allgemeine-geschaeftsbedingungen\\\/#primaryimage\"},\"image\":{\"@id\":\"https:\\\/\\\/conventocefalu.com\\\/de\\\/allgemeine-geschaeftsbedingungen\\\/#primaryimage\"},\"thumbnailUrl\":\"https:\\\/\\\/conventocefalu.com\\\/wp-content\\\/uploads\\\/2019\\\/04\\\/DSCN9541-e1554559023710.jpg\",\"datePublished\":\"2019-04-04T17:46:09+00:00\",\"dateModified\":\"2019-04-16T08:24:46+00:00\",\"description\":\"Allgemeine Gesch\u00e4ftsbedingungen des Convento Collegio di Maria von Cefal\u00f9, Sizilien.\",\"breadcrumb\":{\"@id\":\"https:\\\/\\\/conventocefalu.com\\\/de\\\/allgemeine-geschaeftsbedingungen\\\/#breadcrumb\"},\"inLanguage\":\"de\",\"potentialAction\":[{\"@type\":\"ReadAction\",\"target\":[\"https:\\\/\\\/conventocefalu.com\\\/de\\\/allgemeine-geschaeftsbedingungen\\\/\"]}]},{\"@type\":\"ImageObject\",\"inLanguage\":\"de\",\"@id\":\"https:\\\/\\\/conventocefalu.com\\\/de\\\/allgemeine-geschaeftsbedingungen\\\/#primaryimage\",\"url\":\"https:\\\/\\\/conventocefalu.com\\\/wp-content\\\/uploads\\\/2019\\\/04\\\/DSCN9541-e1554559023710.jpg\",\"contentUrl\":\"https:\\\/\\\/conventocefalu.com\\\/wp-content\\\/uploads\\\/2019\\\/04\\\/DSCN9541-e1554559023710.jpg\",\"width\":600,\"height\":450,\"caption\":\"Wei\u00dfer Strand des Klosters von Cefal\u00f9, Sizilien\"},{\"@type\":\"BreadcrumbList\",\"@id\":\"https:\\\/\\\/conventocefalu.com\\\/de\\\/allgemeine-geschaeftsbedingungen\\\/#breadcrumb\",\"itemListElement\":[{\"@type\":\"ListItem\",\"position\":1,\"name\":\"Home\",\"item\":\"https:\\\/\\\/conventocefalu.com\\\/de\\\/\"},{\"@type\":\"ListItem\",\"position\":2,\"name\":\"Allgemeine Gesch\u00e4ftsbedingungen\"}]},{\"@type\":\"WebSite\",\"@id\":\"https:\\\/\\\/conventocefalu.com\\\/de\\\/#website\",\"url\":\"https:\\\/\\\/conventocefalu.com\\\/de\\\/\",\"name\":\"Collegio di Maria\",\"description\":\"Zimmer mit Meerblick in Bed and Breakfast in Cefalu, Sizilien.\",\"potentialAction\":[{\"@type\":\"SearchAction\",\"target\":{\"@type\":\"EntryPoint\",\"urlTemplate\":\"https:\\\/\\\/conventocefalu.com\\\/de\\\/?s={search_term_string}\"},\"query-input\":{\"@type\":\"PropertyValueSpecification\",\"valueRequired\":true,\"valueName\":\"search_term_string\"}}],\"inLanguage\":\"de\"}]}<\/script>\n<!-- \/ Yoast SEO plugin. -->","yoast_head_json":{"title":"Allgemeine Gesch\u00e4ftsbedingungen - Kloster von Cefalu B&amp;B","description":"Allgemeine Gesch\u00e4ftsbedingungen des Convento Collegio di Maria von Cefal\u00f9, Sizilien.","robots":{"index":"index","follow":"follow","max-snippet":"max-snippet:-1","max-image-preview":"max-image-preview:large","max-video-preview":"max-video-preview:-1"},"canonical":"https:\/\/conventocefalu.com\/de\/allgemeine-geschaeftsbedingungen\/","og_locale":"de_DE","og_type":"article","og_title":"Allgemeine Gesch\u00e4ftsbedingungen - Kloster von Cefalu B&amp;B","og_description":"Allgemeine Gesch\u00e4ftsbedingungen des Convento Collegio di Maria von Cefal\u00f9, Sizilien.","og_url":"https:\/\/conventocefalu.com\/de\/allgemeine-geschaeftsbedingungen\/","og_site_name":"Kloster von Cefalu B&amp;B","article_publisher":"https:\/\/www.facebook.com\/ConventoCefalu","article_modified_time":"2019-04-16T08:24:46+00:00","og_image":[{"width":600,"height":450,"url":"https:\/\/conventocefalu.com\/wp-content\/uploads\/2019\/04\/DSCN9541-e1554559023710.jpg","type":"image\/jpeg"}],"twitter_card":"summary_large_image","twitter_misc":{"Gesch\u00e4tzte Lesezeit":"5\u00a0Minuten"},"schema":{"@context":"https:\/\/schema.org","@graph":[{"@type":"WebPage","@id":"https:\/\/conventocefalu.com\/de\/allgemeine-geschaeftsbedingungen\/","url":"https:\/\/conventocefalu.com\/de\/allgemeine-geschaeftsbedingungen\/","name":"Allgemeine Gesch\u00e4ftsbedingungen - Kloster von Cefalu B&amp;B","isPartOf":{"@id":"https:\/\/conventocefalu.com\/de\/#website"},"primaryImageOfPage":{"@id":"https:\/\/conventocefalu.com\/de\/allgemeine-geschaeftsbedingungen\/#primaryimage"},"image":{"@id":"https:\/\/conventocefalu.com\/de\/allgemeine-geschaeftsbedingungen\/#primaryimage"},"thumbnailUrl":"https:\/\/conventocefalu.com\/wp-content\/uploads\/2019\/04\/DSCN9541-e1554559023710.jpg","datePublished":"2019-04-04T17:46:09+00:00","dateModified":"2019-04-16T08:24:46+00:00","description":"Allgemeine Gesch\u00e4ftsbedingungen des Convento Collegio di Maria von Cefal\u00f9, Sizilien.","breadcrumb":{"@id":"https:\/\/conventocefalu.com\/de\/allgemeine-geschaeftsbedingungen\/#breadcrumb"},"inLanguage":"de","potentialAction":[{"@type":"ReadAction","target":["https:\/\/conventocefalu.com\/de\/allgemeine-geschaeftsbedingungen\/"]}]},{"@type":"ImageObject","inLanguage":"de","@id":"https:\/\/conventocefalu.com\/de\/allgemeine-geschaeftsbedingungen\/#primaryimage","url":"https:\/\/conventocefalu.com\/wp-content\/uploads\/2019\/04\/DSCN9541-e1554559023710.jpg","contentUrl":"https:\/\/conventocefalu.com\/wp-content\/uploads\/2019\/04\/DSCN9541-e1554559023710.jpg","width":600,"height":450,"caption":"Wei\u00dfer Strand des Klosters von Cefal\u00f9, Sizilien"},{"@type":"BreadcrumbList","@id":"https:\/\/conventocefalu.com\/de\/allgemeine-geschaeftsbedingungen\/#breadcrumb","itemListElement":[{"@type":"ListItem","position":1,"name":"Home","item":"https:\/\/conventocefalu.com\/de\/"},{"@type":"ListItem","position":2,"name":"Allgemeine Gesch\u00e4ftsbedingungen"}]},{"@type":"WebSite","@id":"https:\/\/conventocefalu.com\/de\/#website","url":"https:\/\/conventocefalu.com\/de\/","name":"Collegio di Maria","description":"Zimmer mit Meerblick in Bed and Breakfast in Cefalu, Sizilien.","potentialAction":[{"@type":"SearchAction","target":{"@type":"EntryPoint","urlTemplate":"https:\/\/conventocefalu.com\/de\/?s={search_term_string}"},"query-input":{"@type":"PropertyValueSpecification","valueRequired":true,"valueName":"search_term_string"}}],"inLanguage":"de"}]}},"_links":{"self":[{"href":"https:\/\/conventocefalu.com\/de\/wp-json\/wp\/v2\/pages\/12147"}],"collection":[{"href":"https:\/\/conventocefalu.com\/de\/wp-json\/wp\/v2\/pages"}],"about":[{"href":"https:\/\/conventocefalu.com\/de\/wp-json\/wp\/v2\/types\/page"}],"author":[{"embeddable":true,"href":"https:\/\/conventocefalu.com\/de\/wp-json\/wp\/v2\/users\/1"}],"replies":[{"embeddable":true,"href":"https:\/\/conventocefalu.com\/de\/wp-json\/wp\/v2\/comments?post=12147"}],"version-history":[{"count":0,"href":"https:\/\/conventocefalu.com\/de\/wp-json\/wp\/v2\/pages\/12147\/revisions"}],"wp:featuredmedia":[{"embeddable":true,"href":"https:\/\/conventocefalu.com\/de\/wp-json\/wp\/v2\/media\/11058"}],"wp:attachment":[{"href":"https:\/\/conventocefalu.com\/de\/wp-json\/wp\/v2\/media?parent=12147"}],"curies":[{"name":"wp","href":"https:\/\/api.w.org\/{rel}","templated":true}]}}