{"id":12031,"date":"2016-01-06T04:47:47","date_gmt":"2016-01-06T04:47:47","guid":{"rendered":"https:\/\/www.conventocefalu.com\/registrati\/"},"modified":"2019-04-15T18:42:01","modified_gmt":"2019-04-15T18:42:01","slug":"anmelden","status":"publish","type":"page","link":"https:\/\/conventocefalu.com\/de\/anmelden\/","title":{"rendered":"Anmelden | Collegio di Maria"},"content":{"rendered":"\n<figure class=\"wp-block-image is-resized\"><img loading=\"lazy\" decoding=\"async\" src=\"https:\/\/www.conventocefalu.com\/wp-content\/uploads\/2019\/03\/Convento-di-Cefalu-in-formula-di-Bed-and-Breakfast-nel-centro-storico-di-Cefalu-Sicilia-1024x1024.png\" alt=\"Convento di Cefalu in formula di Bed and Breakfast nel centro storico di Cefalu, Sicilia\" class=\"wp-image-2416\" width=\"401\" height=\"401\"\/><\/figure>\n","protected":false},"excerpt":{"rendered":"","protected":false},"author":1,"featured_media":10913,"parent":0,"menu_order":0,"comment_status":"closed","ping_status":"closed","template":"template-register.php","meta":{"footnotes":""},"class_list":["post-12031","page","type-page","status-publish","has-post-thumbnail","hentry"],"yoast_head":"<!-- This site is optimized with the Yoast SEO plugin v27.3 - https:\/\/yoast.com\/product\/yoast-seo-wordpress\/ -->\n<title>Anmelden | Collegio di Maria - Kloster von Cefalu B&amp;B<\/title>\n<meta name=\"description\" content=\"Registrieren Sie sich beim Collegio di Maria in Cefal\u00f9. Das sch\u00f6nste Kloster Italiens direkt am Strand von Cefal\u00f9 in Sizilien.\" \/>\n<meta name=\"robots\" content=\"index, follow, max-snippet:-1, max-image-preview:large, max-video-preview:-1\" \/>\n<link rel=\"canonical\" href=\"https:\/\/conventocefalu.com\/de\/anmelden\/\" \/>\n<meta property=\"og:locale\" content=\"de_DE\" \/>\n<meta property=\"og:type\" content=\"article\" \/>\n<meta property=\"og:title\" content=\"Anmelden | Collegio di Maria - Kloster von Cefalu B&amp;B\" \/>\n<meta property=\"og:description\" content=\"Registrieren Sie sich beim Collegio di Maria in Cefal\u00f9. Das sch\u00f6nste Kloster Italiens direkt am Strand von Cefal\u00f9 in Sizilien.\" \/>\n<meta property=\"og:url\" content=\"https:\/\/conventocefalu.com\/de\/anmelden\/\" \/>\n<meta property=\"og:site_name\" content=\"Kloster von Cefalu B&amp;B\" \/>\n<meta property=\"article:publisher\" content=\"https:\/\/www.facebook.com\/ConventoCefalu\" \/>\n<meta property=\"article:modified_time\" content=\"2019-04-15T18:42:01+00:00\" \/>\n<meta property=\"og:image\" content=\"https:\/\/conventocefalu.com\/wp-content\/uploads\/2019\/03\/Convento-di-Cefalu--e1554559450593.jpg\" \/>\n\t<meta property=\"og:image:width\" content=\"900\" \/>\n\t<meta property=\"og:image:height\" content=\"612\" \/>\n\t<meta property=\"og:image:type\" content=\"image\/jpeg\" \/>\n<meta name=\"twitter:card\" content=\"summary_large_image\" \/>\n<script type=\"application\/ld+json\" class=\"yoast-schema-graph\">{\"@context\":\"https:\\\/\\\/schema.org\",\"@graph\":[{\"@type\":\"WebPage\",\"@id\":\"https:\\\/\\\/conventocefalu.com\\\/de\\\/anmelden\\\/\",\"url\":\"https:\\\/\\\/conventocefalu.com\\\/de\\\/anmelden\\\/\",\"name\":\"Anmelden | Collegio di Maria - Kloster von Cefalu B&amp;B\",\"isPartOf\":{\"@id\":\"https:\\\/\\\/conventocefalu.com\\\/de\\\/#website\"},\"primaryImageOfPage\":{\"@id\":\"https:\\\/\\\/conventocefalu.com\\\/de\\\/anmelden\\\/#primaryimage\"},\"image\":{\"@id\":\"https:\\\/\\\/conventocefalu.com\\\/de\\\/anmelden\\\/#primaryimage\"},\"thumbnailUrl\":\"https:\\\/\\\/conventocefalu.com\\\/wp-content\\\/uploads\\\/2019\\\/03\\\/Convento-di-Cefalu--e1554559450593.jpg\",\"datePublished\":\"2016-01-06T04:47:47+00:00\",\"dateModified\":\"2019-04-15T18:42:01+00:00\",\"description\":\"Registrieren Sie sich beim Collegio di Maria in Cefal\u00f9. Das sch\u00f6nste Kloster Italiens direkt am Strand von Cefal\u00f9 in Sizilien.\",\"breadcrumb\":{\"@id\":\"https:\\\/\\\/conventocefalu.com\\\/de\\\/anmelden\\\/#breadcrumb\"},\"inLanguage\":\"de\",\"potentialAction\":[{\"@type\":\"ReadAction\",\"target\":[\"https:\\\/\\\/conventocefalu.com\\\/de\\\/anmelden\\\/\"]}]},{\"@type\":\"ImageObject\",\"inLanguage\":\"de\",\"@id\":\"https:\\\/\\\/conventocefalu.com\\\/de\\\/anmelden\\\/#primaryimage\",\"url\":\"https:\\\/\\\/conventocefalu.com\\\/wp-content\\\/uploads\\\/2019\\\/03\\\/Convento-di-Cefalu--e1554559450593.jpg\",\"contentUrl\":\"https:\\\/\\\/conventocefalu.com\\\/wp-content\\\/uploads\\\/2019\\\/03\\\/Convento-di-Cefalu--e1554559450593.jpg\",\"width\":900,\"height\":612,\"caption\":\"Kloster von Cefalu, Sizilien | Foto von Tam\u00e1s Szab\u00f3 aus Kolozsv\u00e1r, Rum\u00e4nien\"},{\"@type\":\"BreadcrumbList\",\"@id\":\"https:\\\/\\\/conventocefalu.com\\\/de\\\/anmelden\\\/#breadcrumb\",\"itemListElement\":[{\"@type\":\"ListItem\",\"position\":1,\"name\":\"Home\",\"item\":\"https:\\\/\\\/conventocefalu.com\\\/de\\\/\"},{\"@type\":\"ListItem\",\"position\":2,\"name\":\"Anmelden | Collegio di Maria\"}]},{\"@type\":\"WebSite\",\"@id\":\"https:\\\/\\\/conventocefalu.com\\\/de\\\/#website\",\"url\":\"https:\\\/\\\/conventocefalu.com\\\/de\\\/\",\"name\":\"Collegio di Maria\",\"description\":\"Zimmer mit Meerblick in Bed and Breakfast in Cefalu, Sizilien.\",\"potentialAction\":[{\"@type\":\"SearchAction\",\"target\":{\"@type\":\"EntryPoint\",\"urlTemplate\":\"https:\\\/\\\/conventocefalu.com\\\/de\\\/?s={search_term_string}\"},\"query-input\":{\"@type\":\"PropertyValueSpecification\",\"valueRequired\":true,\"valueName\":\"search_term_string\"}}],\"inLanguage\":\"de\"}]}<\/script>\n<!-- \/ Yoast SEO plugin. -->","yoast_head_json":{"title":"Anmelden | Collegio di Maria - Kloster von Cefalu B&amp;B","description":"Registrieren Sie sich beim Collegio di Maria in Cefal\u00f9. Das sch\u00f6nste Kloster Italiens direkt am Strand von Cefal\u00f9 in Sizilien.","robots":{"index":"index","follow":"follow","max-snippet":"max-snippet:-1","max-image-preview":"max-image-preview:large","max-video-preview":"max-video-preview:-1"},"canonical":"https:\/\/conventocefalu.com\/de\/anmelden\/","og_locale":"de_DE","og_type":"article","og_title":"Anmelden | Collegio di Maria - Kloster von Cefalu B&amp;B","og_description":"Registrieren Sie sich beim Collegio di Maria in Cefal\u00f9. Das sch\u00f6nste Kloster Italiens direkt am Strand von Cefal\u00f9 in Sizilien.","og_url":"https:\/\/conventocefalu.com\/de\/anmelden\/","og_site_name":"Kloster von Cefalu B&amp;B","article_publisher":"https:\/\/www.facebook.com\/ConventoCefalu","article_modified_time":"2019-04-15T18:42:01+00:00","og_image":[{"width":900,"height":612,"url":"https:\/\/conventocefalu.com\/wp-content\/uploads\/2019\/03\/Convento-di-Cefalu--e1554559450593.jpg","type":"image\/jpeg"}],"twitter_card":"summary_large_image","schema":{"@context":"https:\/\/schema.org","@graph":[{"@type":"WebPage","@id":"https:\/\/conventocefalu.com\/de\/anmelden\/","url":"https:\/\/conventocefalu.com\/de\/anmelden\/","name":"Anmelden | Collegio di Maria - Kloster von Cefalu B&amp;B","isPartOf":{"@id":"https:\/\/conventocefalu.com\/de\/#website"},"primaryImageOfPage":{"@id":"https:\/\/conventocefalu.com\/de\/anmelden\/#primaryimage"},"image":{"@id":"https:\/\/conventocefalu.com\/de\/anmelden\/#primaryimage"},"thumbnailUrl":"https:\/\/conventocefalu.com\/wp-content\/uploads\/2019\/03\/Convento-di-Cefalu--e1554559450593.jpg","datePublished":"2016-01-06T04:47:47+00:00","dateModified":"2019-04-15T18:42:01+00:00","description":"Registrieren Sie sich beim Collegio di Maria in Cefal\u00f9. Das sch\u00f6nste Kloster Italiens direkt am Strand von Cefal\u00f9 in Sizilien.","breadcrumb":{"@id":"https:\/\/conventocefalu.com\/de\/anmelden\/#breadcrumb"},"inLanguage":"de","potentialAction":[{"@type":"ReadAction","target":["https:\/\/conventocefalu.com\/de\/anmelden\/"]}]},{"@type":"ImageObject","inLanguage":"de","@id":"https:\/\/conventocefalu.com\/de\/anmelden\/#primaryimage","url":"https:\/\/conventocefalu.com\/wp-content\/uploads\/2019\/03\/Convento-di-Cefalu--e1554559450593.jpg","contentUrl":"https:\/\/conventocefalu.com\/wp-content\/uploads\/2019\/03\/Convento-di-Cefalu--e1554559450593.jpg","width":900,"height":612,"caption":"Kloster von Cefalu, Sizilien | Foto von Tam\u00e1s Szab\u00f3 aus Kolozsv\u00e1r, Rum\u00e4nien"},{"@type":"BreadcrumbList","@id":"https:\/\/conventocefalu.com\/de\/anmelden\/#breadcrumb","itemListElement":[{"@type":"ListItem","position":1,"name":"Home","item":"https:\/\/conventocefalu.com\/de\/"},{"@type":"ListItem","position":2,"name":"Anmelden | Collegio di Maria"}]},{"@type":"WebSite","@id":"https:\/\/conventocefalu.com\/de\/#website","url":"https:\/\/conventocefalu.com\/de\/","name":"Collegio di Maria","description":"Zimmer mit Meerblick in Bed and Breakfast in Cefalu, Sizilien.","potentialAction":[{"@type":"SearchAction","target":{"@type":"EntryPoint","urlTemplate":"https:\/\/conventocefalu.com\/de\/?s={search_term_string}"},"query-input":{"@type":"PropertyValueSpecification","valueRequired":true,"valueName":"search_term_string"}}],"inLanguage":"de"}]}},"_links":{"self":[{"href":"https:\/\/conventocefalu.com\/de\/wp-json\/wp\/v2\/pages\/12031"}],"collection":[{"href":"https:\/\/conventocefalu.com\/de\/wp-json\/wp\/v2\/pages"}],"about":[{"href":"https:\/\/conventocefalu.com\/de\/wp-json\/wp\/v2\/types\/page"}],"author":[{"embeddable":true,"href":"https:\/\/conventocefalu.com\/de\/wp-json\/wp\/v2\/users\/1"}],"replies":[{"embeddable":true,"href":"https:\/\/conventocefalu.com\/de\/wp-json\/wp\/v2\/comments?post=12031"}],"version-history":[{"count":0,"href":"https:\/\/conventocefalu.com\/de\/wp-json\/wp\/v2\/pages\/12031\/revisions"}],"wp:featuredmedia":[{"embeddable":true,"href":"https:\/\/conventocefalu.com\/de\/wp-json\/wp\/v2\/media\/10913"}],"wp:attachment":[{"href":"https:\/\/conventocefalu.com\/de\/wp-json\/wp\/v2\/media?parent=12031"}],"curies":[{"name":"wp","href":"https:\/\/api.w.org\/{rel}","templated":true}]}}