{"id":11879,"date":"2019-03-11T07:43:54","date_gmt":"2019-03-11T07:43:54","guid":{"rendered":"https:\/\/www.conventocefalu.com\/contatti\/"},"modified":"2019-08-09T12:06:49","modified_gmt":"2019-08-09T12:06:49","slug":"kontakte","status":"publish","type":"page","link":"https:\/\/conventocefalu.com\/de\/kontakte\/","title":{"rendered":"Kontakte"},"content":{"rendered":"<div class=\"wpb-content-wrapper\"><p>[vc_row][vc_column width=&#8220;5\/6&#8243;][vc_column_text]<\/p>\n<div class=\"st-contact\">\n<div class=\"tlid-input input\">\n<div class=\"source-wrap\">\n<div class=\"input-full-height-wrapper tlid-input-full-height-wrapper\">\n<div class=\"source-input\">\n<div class=\"source-footer-wrap source-or-target-footer\">\n<div class=\"character-count tlid-character-count\"><\/div>\n<div class=\"source-footer\">\n<div class=\"src-tts left-positioned ttsbutton jfk-button-flat source-or-target-footer-button jfk-button\" tabindex=\"0\" role=\"button\" aria-label=\"Listen\" data-tooltip=\"Listen\" aria-pressed=\"false\" data-tooltip-align=\"t,c\" aria-hidden=\"false\" aria-disabled=\"false\">\n<div class=\"jfk-button-img\">Im Kloster von Cefal\u00f9 sch\u00e4tzen wir unsere G\u00e4ste und ihre Zeit.<\/div>\n<\/div>\n<\/div>\n<\/div>\n<\/div>\n<\/div>\n<\/div>\n<\/div>\n<div class=\"tlid-results-container results-container\">\n<div class=\"tlid-result result-dict-wrapper\">\n<div class=\"result tlid-copy-target\">\n<div class=\"text-wrap tlid-copy-target\">\n<div class=\"result-shield-container tlid-copy-target\" tabindex=\"0\">Wir bem\u00fchen uns, zu jeder Tageszeit Komfort zu bieten.<\/div>\n<\/div>\n<\/div>\n<\/div>\n<\/div>\n<\/div>\n<p>[\/vc_column_text][\/vc_column][vc_column width=&#8220;1\/6&#8243;][\/vc_column][\/vc_row][vc_row][vc_column][vc_empty_space height=&#8220;40px&#8220;][vc_separator][vc_empty_space height=&#8220;40px&#8220;][\/vc_column][\/vc_row][vc_row][vc_column width=&#8220;5\/6&#8243;]    <div class=\"content-text padding-0 st-default\">\r\n        <div class=\"st-text-center\">\r\n            <h2 class=\"text-center  style-4 \">Adresse<\/h2>\r\n            <div class=\"box__separator  hidden-thumb \"><\/div>\r\n            <div class=\"text-center\">Congregazione delle Suore Collegine della Sacra Famiglia<\/p>\n<p>Piazza Marina 3, Cefalu, Palermo, Italien<\/p>\n<p>P. Iva 02875880821 \u2013 T. 0921421229<\/div>\r\n        <\/div>\r\n    <\/div>\r\n[\/vc_column][vc_column width=&#8220;1\/6&#8243;][vc_btn title=&#8220;WIE KOMMT MAN&#8220; color=&#8220;black&#8220; align=&#8220;center&#8220; el_class=&#8220;st-contact-button&#8220; link=&#8220;url:https%3A%2F%2Fwww.google.com%2Fmaps%2Fdir%2F38.2159677%2C15.2420067%2FCollegio%2Bdi%2BMaria%2C%2BPiazza%2BMarina%2C%2B3%2C%2B90015%2BCefal%25C3%25B9%2BPA%2F%4038.1151377%2C14.0717217%2C9z%2Fdata%3D!3m1!4b1!4m17!1m6!3m5!1s0x0%3A0x918e0a9dcdee87b4!2sCollegio%2Bdi%2BMaria!8m2!3d38.0403642!4d14.0199011!4m9!1m1!4e1!1m5!1m1!1s0x13173be813e55665%3A0x918e0a9dcdee87b4!2m2!1d14.0199011!2d38.0403642!3e3||target:%20_blank|&#8220;][\/vc_column][\/vc_row][vc_row][vc_column][vc_empty_space height=&#8220;10px&#8220;][\/vc_column][\/vc_row][vc_row full_width=&#8220;stretch_row_content_no_spaces&#8220; row_fullwidth=&#8220;yes&#8220;][vc_column css=&#8220;.vc_custom_1551759021304{padding-right: 0px !important;padding-left: 0px !important;}&#8220;][vc_gmaps link=&#8220;#E-8_JTNDaWZyYW1lJTIwc3JjJTNEJTIyaHR0cHMlM0ElMkYlMkZ3d3cuZ29vZ2xlLmNvbSUyRm1hcHMlMkZlbWJlZCUzRnBiJTNEJTIxMW0xNCUyMTFtOCUyMTFtMyUyMTFkMTI1NjkuMTUzODg5Njk4NjkxJTIxMmQxNC4wMTk5MDExJTIxM2QzOC4wNDAzNjQyJTIxM20yJTIxMWkxMDI0JTIxMmk3NjglMjE0ZjEzLjElMjEzbTMlMjExbTIlMjExczB4MCUyNTNBMHg5MThlMGE5ZGNkZWU4N2I0JTIxMnNDb2xsZWdpbyUyQmRpJTJCTWFyaWElMjE1ZTAlMjEzbTIlMjExc2VuJTIxMnNpdCUyMTR2MTU1NDM3OTIxNjY5OCUyMTVtMiUyMTFzZW4lMjEyc2l0JTIyJTIwd2lkdGglM0QlMjI2MDAlMjIlMjBoZWlnaHQlM0QlMjI0NTAlMjIlMjBmcmFtZWJvcmRlciUzRCUyMjAlMjIlMjBzdHlsZSUzRCUyMmJvcmRlciUzQTAlMjIlMjBhbGxvd2Z1bGxzY3JlZW4lM0UlM0MlMkZpZnJhbWUlM0U=&#8220;][vc_empty_space height=&#8220;60px&#8220;][\/vc_column][\/vc_row][vc_row][vc_column width=&#8220;1\/2&#8243;]    <div class=\"content-text padding-0 st-default\">\r\n        <div class=\"st-text-center\">\r\n            <h2 class=\"text-center  style-4 \">Wir w\u00fcrden uns freuen, von Ihnen zu h\u00f6ren<\/h2>\r\n            <div class=\"box__separator  hidden-thumb \"><\/div>\r\n            <div class=\"text-center\">Senden Sie uns eine Nachricht und wir werden Ihnen so schnell wie m\u00f6glich antworten<\/div>\r\n        <\/div>\r\n    <\/div>\r\n\n<div class=\"wpcf7 no-js\" id=\"wpcf7-f12461-o1\" lang=\"de-DE\" dir=\"ltr\" data-wpcf7-id=\"12461\">\n<div class=\"screen-reader-response\"><p role=\"status\" aria-live=\"polite\" aria-atomic=\"true\"><\/p> <ul><\/ul><\/div>\n<form action=\"\/de\/wp-json\/wp\/v2\/pages\/11879#wpcf7-f12461-o1\" method=\"post\" class=\"wpcf7-form init\" aria-label=\"Kontaktformular\" novalidate=\"novalidate\" data-status=\"init\">\n<fieldset class=\"hidden-fields-container\"><input type=\"hidden\" name=\"_wpcf7\" value=\"12461\" \/><input type=\"hidden\" name=\"_wpcf7_version\" value=\"6.1.5\" \/><input type=\"hidden\" name=\"_wpcf7_locale\" value=\"de_DE\" \/><input type=\"hidden\" name=\"_wpcf7_unit_tag\" value=\"wpcf7-f12461-o1\" \/><input type=\"hidden\" name=\"_wpcf7_container_post\" value=\"0\" \/><input type=\"hidden\" name=\"_wpcf7_posted_data_hash\" value=\"\" \/><input type=\"hidden\" name=\"_wpcf7_recaptcha_response\" value=\"\" \/>\n<\/fieldset>\n<form class=\"st-form-contact\">\n\t<p><span class=\"wpcf7-form-control-wrap\" data-name=\"name-st\"><input size=\"40\" maxlength=\"400\" class=\"wpcf7-form-control wpcf7-text wpcf7-validates-as-required name-st\" aria-required=\"true\" aria-invalid=\"false\" placeholder=\"Name\" value=\"\" type=\"text\" name=\"name-st\" \/><\/span><br \/>\n<span class=\"wpcf7-form-control-wrap\" data-name=\"email-st\"><input size=\"40\" maxlength=\"400\" class=\"wpcf7-form-control wpcf7-email wpcf7-validates-as-required wpcf7-text wpcf7-validates-as-email email-st\" aria-required=\"true\" aria-invalid=\"false\" placeholder=\"Email\" value=\"\" type=\"email\" name=\"email-st\" \/><\/span><br \/>\n<span class=\"wpcf7-form-control-wrap\" data-name=\"message-st\"><textarea cols=\"40\" rows=\"10\" maxlength=\"2000\" class=\"wpcf7-form-control wpcf7-textarea wpcf7-validates-as-required message-st\" aria-required=\"true\" aria-invalid=\"false\" placeholder=\"Nachrich\" name=\"message-st\"><\/textarea><\/span><br \/>\n<input class=\"wpcf7-form-control wpcf7-submit has-spinner st-send-button\" type=\"submit\" value=\"Nachricht senden\" \/>\n\t<\/p>\n<\/form><div class=\"wpcf7-response-output\" aria-hidden=\"true\"><\/div>\n<\/form>\n<\/div>\n[\/vc_column][vc_column width=&#8220;1\/2&#8243;][vc_single_image image=&#8220;10998&#8243; img_size=&#8220;full&#8220; alignment=&#8220;center&#8220;][vc_empty_space height=&#8220;30px&#8220;]<a href=\"https:\/\/web.whatsapp.com\/send?phone=+393291411371&amp;text=Ich brauche Informationen f\u00fcr einen Urlaub ``\" class=\"btn btn-default btn-normal \">Kontaktieren Sie uns mit WhatsApp<\/a>[\/vc_column][\/vc_row]<\/p>\n<\/div>","protected":false},"excerpt":{"rendered":"<p>[vc_row][vc_column width=&#8220;5\/6&#8243;][vc_column_text] Im Kloster von Cefal\u00f9 sch\u00e4tzen wir unsere G\u00e4ste und ihre Zeit. Wir bem\u00fchen uns, zu jeder Tageszeit Komfort zu bieten. [\/vc_column_text][\/vc_column][vc_column width=&#8220;1\/6&#8243;][\/vc_column][\/vc_row][vc_row][vc_column][vc_empty_space height=&#8220;40px&#8220;][vc_separator][vc_empty_space height=&#8220;40px&#8220;][\/vc_column][\/vc_row][vc_row][vc_column width=&#8220;5\/6&#8243;][\/vc_column][vc_column width=&#8220;1\/6&#8243;][vc_btn title=&#8220;WIE KOMMT MAN&#8220; color=&#8220;black&#8220; align=&#8220;center&#8220; el_class=&#8220;st-contact-button&#8220; link=&#8220;url:https%3A%2F%2Fwww.google.com%2Fmaps%2Fdir%2F38.2159677%2C15.2420067%2FCollegio%2Bdi%2BMaria%2C%2BPiazza%2BMarina%2C%2B3%2C%2B90015%2BCefal%25C3%25B9%2BPA%2F%4038.1151377%2C14.0717217%2C9z%2Fdata%3D!3m1!4b1!4m17!1m6!3m5!1s0x0%3A0x918e0a9dcdee87b4!2sCollegio%2Bdi%2BMaria!8m2!3d38.0403642!4d14.0199011!4m9!1m1!4e1!1m5!1m1!1s0x13173be813e55665%3A0x918e0a9dcdee87b4!2m2!1d14.0199011!2d38.0403642!3e3||target:%20_blank|&#8220;][\/vc_column][\/vc_row][vc_row][vc_column][vc_empty_space height=&#8220;10px&#8220;][\/vc_column][\/vc_row][vc_row full_width=&#8220;stretch_row_content_no_spaces&#8220; row_fullwidth=&#8220;yes&#8220;][vc_column css=&#8220;.vc_custom_1551759021304{padding-right: 0px !important;padding-left: 0px !important;}&#8220;][vc_gmaps link=&#8220;#E-8_JTNDaWZyYW1lJTIwc3JjJTNEJTIyaHR0cHMlM0ElMkYlMkZ3d3cuZ29vZ2xlLmNvbSUyRm1hcHMlMkZlbWJlZCUzRnBiJTNEJTIxMW0xNCUyMTFtOCUyMTFtMyUyMTFkMTI1NjkuMTUzODg5Njk4NjkxJTIxMmQxNC4wMTk5MDExJTIxM2QzOC4wNDAzNjQyJTIxM20yJTIxMWkxMDI0JTIxMmk3NjglMjE0ZjEzLjElMjEzbTMlMjExbTIlMjExczB4MCUyNTNBMHg5MThlMGE5ZGNkZWU4N2I0JTIxMnNDb2xsZWdpbyUyQmRpJTJCTWFyaWElMjE1ZTAlMjEzbTIlMjExc2VuJTIxMnNpdCUyMTR2MTU1NDM3OTIxNjY5OCUyMTVtMiUyMTFzZW4lMjEyc2l0JTIyJTIwd2lkdGglM0QlMjI2MDAlMjIlMjBoZWlnaHQlM0QlMjI0NTAlMjIlMjBmcmFtZWJvcmRlciUzRCUyMjAlMjIlMjBzdHlsZSUzRCUyMmJvcmRlciUzQTAlMjIlMjBhbGxvd2Z1bGxzY3JlZW4lM0UlM0MlMkZpZnJhbWUlM0U=&#8220;][vc_empty_space height=&#8220;60px&#8220;][\/vc_column][\/vc_row][vc_row][vc_column width=&#8220;1\/2&#8243;][\/vc_column][vc_column width=&#8220;1\/2&#8243;][vc_single_image image=&#8220;10998&#8243; img_size=&#8220;full&#8220; alignment=&#8220;center&#8220;][vc_empty_space height=&#8220;30px&#8220;][\/vc_column][\/vc_row]<\/p>\n","protected":false},"author":1,"featured_media":10933,"parent":0,"menu_order":0,"comment_status":"closed","ping_status":"closed","template":"template-single-hotel-modern.php","meta":{"footnotes":""},"class_list":["post-11879","page","type-page","status-publish","has-post-thumbnail","hentry"],"yoast_head":"<!-- This site is optimized with the Yoast SEO plugin v27.4 - https:\/\/yoast.com\/product\/yoast-seo-wordpress\/ -->\n<title>Kontakte - Kloster von Cefalu B&amp;B<\/title>\n<meta name=\"description\" content=\"Kontakte des Collegio di Maria von Cefal\u00f9, Anreise, Telefonnummern, E-Mail und WhatsApp des Klosters am Strand und am Meer von Cefal\u00f9\" \/>\n<meta name=\"robots\" content=\"index, follow, max-snippet:-1, max-image-preview:large, max-video-preview:-1\" \/>\n<link rel=\"canonical\" href=\"https:\/\/conventocefalu.com\/de\/kontakte\/\" \/>\n<meta property=\"og:locale\" content=\"de_DE\" \/>\n<meta property=\"og:type\" content=\"article\" \/>\n<meta property=\"og:title\" content=\"Kontakte - Kloster von Cefalu B&amp;B\" \/>\n<meta property=\"og:description\" content=\"Kontakte des Collegio di Maria von Cefal\u00f9, Anreise, Telefonnummern, E-Mail und WhatsApp des Klosters am Strand und am Meer von Cefal\u00f9\" \/>\n<meta property=\"og:url\" content=\"https:\/\/conventocefalu.com\/de\/kontakte\/\" \/>\n<meta property=\"og:site_name\" content=\"Kloster von Cefalu B&amp;B\" \/>\n<meta property=\"article:publisher\" content=\"https:\/\/www.facebook.com\/ConventoCefalu\" \/>\n<meta property=\"article:modified_time\" content=\"2019-08-09T12:06:49+00:00\" \/>\n<meta property=\"og:image\" content=\"https:\/\/conventocefalu.com\/wp-content\/uploads\/2019\/03\/Convento-di-Cefal\u00f9.-La-spiaggia-del-Convento-in-inverno.-Camere-Vista-Mare-e-Spiaggia-a-Cefal\u00f9-e1554559374734.jpg\" \/>\n\t<meta property=\"og:image:width\" content=\"750\" \/>\n\t<meta property=\"og:image:height\" content=\"563\" \/>\n\t<meta property=\"og:image:type\" content=\"image\/jpeg\" \/>\n<meta name=\"twitter:card\" content=\"summary_large_image\" \/>\n<meta name=\"twitter:label1\" content=\"Gesch\u00e4tzte Lesezeit\" \/>\n\t<meta name=\"twitter:data1\" content=\"2\u00a0Minuten\" \/>\n<script type=\"application\/ld+json\" class=\"yoast-schema-graph\">{\"@context\":\"https:\\\/\\\/schema.org\",\"@graph\":[{\"@type\":\"WebPage\",\"@id\":\"https:\\\/\\\/conventocefalu.com\\\/de\\\/kontakte\\\/\",\"url\":\"https:\\\/\\\/conventocefalu.com\\\/de\\\/kontakte\\\/\",\"name\":\"Kontakte - Kloster von Cefalu B&amp;B\",\"isPartOf\":{\"@id\":\"https:\\\/\\\/conventocefalu.com\\\/de\\\/#website\"},\"primaryImageOfPage\":{\"@id\":\"https:\\\/\\\/conventocefalu.com\\\/de\\\/kontakte\\\/#primaryimage\"},\"image\":{\"@id\":\"https:\\\/\\\/conventocefalu.com\\\/de\\\/kontakte\\\/#primaryimage\"},\"thumbnailUrl\":\"https:\\\/\\\/conventocefalu.com\\\/wp-content\\\/uploads\\\/2019\\\/03\\\/Convento-di-Cefal\u00f9.-La-spiaggia-del-Convento-in-inverno.-Camere-Vista-Mare-e-Spiaggia-a-Cefal\u00f9-e1554559374734.jpg\",\"datePublished\":\"2019-03-11T07:43:54+00:00\",\"dateModified\":\"2019-08-09T12:06:49+00:00\",\"description\":\"Kontakte des Collegio di Maria von Cefal\u00f9, Anreise, Telefonnummern, E-Mail und WhatsApp des Klosters am Strand und am Meer von Cefal\u00f9\",\"breadcrumb\":{\"@id\":\"https:\\\/\\\/conventocefalu.com\\\/de\\\/kontakte\\\/#breadcrumb\"},\"inLanguage\":\"de\",\"potentialAction\":[{\"@type\":\"ReadAction\",\"target\":[\"https:\\\/\\\/conventocefalu.com\\\/de\\\/kontakte\\\/\"]}]},{\"@type\":\"ImageObject\",\"inLanguage\":\"de\",\"@id\":\"https:\\\/\\\/conventocefalu.com\\\/de\\\/kontakte\\\/#primaryimage\",\"url\":\"https:\\\/\\\/conventocefalu.com\\\/wp-content\\\/uploads\\\/2019\\\/03\\\/Convento-di-Cefal\u00f9.-La-spiaggia-del-Convento-in-inverno.-Camere-Vista-Mare-e-Spiaggia-a-Cefal\u00f9-e1554559374734.jpg\",\"contentUrl\":\"https:\\\/\\\/conventocefalu.com\\\/wp-content\\\/uploads\\\/2019\\\/03\\\/Convento-di-Cefal\u00f9.-La-spiaggia-del-Convento-in-inverno.-Camere-Vista-Mare-e-Spiaggia-a-Cefal\u00f9-e1554559374734.jpg\",\"width\":750,\"height\":563,\"caption\":\"Kloster von Cefal\u00f9. Convento Strand im Winter. Zimmer mit Meer- und Strandblick in Cefal\u00f9\"},{\"@type\":\"BreadcrumbList\",\"@id\":\"https:\\\/\\\/conventocefalu.com\\\/de\\\/kontakte\\\/#breadcrumb\",\"itemListElement\":[{\"@type\":\"ListItem\",\"position\":1,\"name\":\"Home\",\"item\":\"https:\\\/\\\/conventocefalu.com\\\/de\\\/\"},{\"@type\":\"ListItem\",\"position\":2,\"name\":\"Kontakte\"}]},{\"@type\":\"WebSite\",\"@id\":\"https:\\\/\\\/conventocefalu.com\\\/de\\\/#website\",\"url\":\"https:\\\/\\\/conventocefalu.com\\\/de\\\/\",\"name\":\"Collegio di Maria\",\"description\":\"Zimmer mit Meerblick in Bed and Breakfast in Cefalu, Sizilien.\",\"potentialAction\":[{\"@type\":\"SearchAction\",\"target\":{\"@type\":\"EntryPoint\",\"urlTemplate\":\"https:\\\/\\\/conventocefalu.com\\\/de\\\/?s={search_term_string}\"},\"query-input\":{\"@type\":\"PropertyValueSpecification\",\"valueRequired\":true,\"valueName\":\"search_term_string\"}}],\"inLanguage\":\"de\"}]}<\/script>\n<!-- \/ Yoast SEO plugin. -->","yoast_head_json":{"title":"Kontakte - Kloster von Cefalu B&amp;B","description":"Kontakte des Collegio di Maria von Cefal\u00f9, Anreise, Telefonnummern, E-Mail und WhatsApp des Klosters am Strand und am Meer von Cefal\u00f9","robots":{"index":"index","follow":"follow","max-snippet":"max-snippet:-1","max-image-preview":"max-image-preview:large","max-video-preview":"max-video-preview:-1"},"canonical":"https:\/\/conventocefalu.com\/de\/kontakte\/","og_locale":"de_DE","og_type":"article","og_title":"Kontakte - Kloster von Cefalu B&amp;B","og_description":"Kontakte des Collegio di Maria von Cefal\u00f9, Anreise, Telefonnummern, E-Mail und WhatsApp des Klosters am Strand und am Meer von Cefal\u00f9","og_url":"https:\/\/conventocefalu.com\/de\/kontakte\/","og_site_name":"Kloster von Cefalu B&amp;B","article_publisher":"https:\/\/www.facebook.com\/ConventoCefalu","article_modified_time":"2019-08-09T12:06:49+00:00","og_image":[{"width":750,"height":563,"url":"https:\/\/conventocefalu.com\/wp-content\/uploads\/2019\/03\/Convento-di-Cefal\u00f9.-La-spiaggia-del-Convento-in-inverno.-Camere-Vista-Mare-e-Spiaggia-a-Cefal\u00f9-e1554559374734.jpg","type":"image\/jpeg"}],"twitter_card":"summary_large_image","twitter_misc":{"Gesch\u00e4tzte Lesezeit":"2\u00a0Minuten"},"schema":{"@context":"https:\/\/schema.org","@graph":[{"@type":"WebPage","@id":"https:\/\/conventocefalu.com\/de\/kontakte\/","url":"https:\/\/conventocefalu.com\/de\/kontakte\/","name":"Kontakte - Kloster von Cefalu B&amp;B","isPartOf":{"@id":"https:\/\/conventocefalu.com\/de\/#website"},"primaryImageOfPage":{"@id":"https:\/\/conventocefalu.com\/de\/kontakte\/#primaryimage"},"image":{"@id":"https:\/\/conventocefalu.com\/de\/kontakte\/#primaryimage"},"thumbnailUrl":"https:\/\/conventocefalu.com\/wp-content\/uploads\/2019\/03\/Convento-di-Cefal\u00f9.-La-spiaggia-del-Convento-in-inverno.-Camere-Vista-Mare-e-Spiaggia-a-Cefal\u00f9-e1554559374734.jpg","datePublished":"2019-03-11T07:43:54+00:00","dateModified":"2019-08-09T12:06:49+00:00","description":"Kontakte des Collegio di Maria von Cefal\u00f9, Anreise, Telefonnummern, E-Mail und WhatsApp des Klosters am Strand und am Meer von Cefal\u00f9","breadcrumb":{"@id":"https:\/\/conventocefalu.com\/de\/kontakte\/#breadcrumb"},"inLanguage":"de","potentialAction":[{"@type":"ReadAction","target":["https:\/\/conventocefalu.com\/de\/kontakte\/"]}]},{"@type":"ImageObject","inLanguage":"de","@id":"https:\/\/conventocefalu.com\/de\/kontakte\/#primaryimage","url":"https:\/\/conventocefalu.com\/wp-content\/uploads\/2019\/03\/Convento-di-Cefal\u00f9.-La-spiaggia-del-Convento-in-inverno.-Camere-Vista-Mare-e-Spiaggia-a-Cefal\u00f9-e1554559374734.jpg","contentUrl":"https:\/\/conventocefalu.com\/wp-content\/uploads\/2019\/03\/Convento-di-Cefal\u00f9.-La-spiaggia-del-Convento-in-inverno.-Camere-Vista-Mare-e-Spiaggia-a-Cefal\u00f9-e1554559374734.jpg","width":750,"height":563,"caption":"Kloster von Cefal\u00f9. Convento Strand im Winter. Zimmer mit Meer- und Strandblick in Cefal\u00f9"},{"@type":"BreadcrumbList","@id":"https:\/\/conventocefalu.com\/de\/kontakte\/#breadcrumb","itemListElement":[{"@type":"ListItem","position":1,"name":"Home","item":"https:\/\/conventocefalu.com\/de\/"},{"@type":"ListItem","position":2,"name":"Kontakte"}]},{"@type":"WebSite","@id":"https:\/\/conventocefalu.com\/de\/#website","url":"https:\/\/conventocefalu.com\/de\/","name":"Collegio di Maria","description":"Zimmer mit Meerblick in Bed and Breakfast in Cefalu, Sizilien.","potentialAction":[{"@type":"SearchAction","target":{"@type":"EntryPoint","urlTemplate":"https:\/\/conventocefalu.com\/de\/?s={search_term_string}"},"query-input":{"@type":"PropertyValueSpecification","valueRequired":true,"valueName":"search_term_string"}}],"inLanguage":"de"}]}},"_links":{"self":[{"href":"https:\/\/conventocefalu.com\/de\/wp-json\/wp\/v2\/pages\/11879"}],"collection":[{"href":"https:\/\/conventocefalu.com\/de\/wp-json\/wp\/v2\/pages"}],"about":[{"href":"https:\/\/conventocefalu.com\/de\/wp-json\/wp\/v2\/types\/page"}],"author":[{"embeddable":true,"href":"https:\/\/conventocefalu.com\/de\/wp-json\/wp\/v2\/users\/1"}],"replies":[{"embeddable":true,"href":"https:\/\/conventocefalu.com\/de\/wp-json\/wp\/v2\/comments?post=11879"}],"version-history":[{"count":0,"href":"https:\/\/conventocefalu.com\/de\/wp-json\/wp\/v2\/pages\/11879\/revisions"}],"wp:featuredmedia":[{"embeddable":true,"href":"https:\/\/conventocefalu.com\/de\/wp-json\/wp\/v2\/media\/10933"}],"wp:attachment":[{"href":"https:\/\/conventocefalu.com\/de\/wp-json\/wp\/v2\/media?parent=11879"}],"curies":[{"name":"wp","href":"https:\/\/api.w.org\/{rel}","templated":true}]}}