{"id":11837,"date":"2018-12-10T03:06:47","date_gmt":"2018-12-10T03:06:47","guid":{"rendered":"https:\/\/www.conventocefalu.com\/chi-siamo\/"},"modified":"2019-04-15T14:21:06","modified_gmt":"2019-04-15T14:21:06","slug":"unser-team","status":"publish","type":"page","link":"https:\/\/conventocefalu.com\/de\/unser-team\/","title":{"rendered":"Unser Team"},"content":{"rendered":"<div class=\"wpb-content-wrapper\"><p>[vc_row][vc_column][vc_column_text]<\/p>\n<h2 style=\"text-align: center;\">Das Kloster von Cefalu<\/h2>\n<p>[\/vc_column_text][vc_empty_space height=&#8220;60px&#8220;][\/vc_column][\/vc_row][vc_row][vc_column width=&#8220;1\/2&#8243;][vc_column_text el_class=&#8220;st-aboutus-title&#8220;]<\/p>\n<h3>Die Vergangenheit<\/h3>\n<p>[\/vc_column_text][vc_column_text el_class=&#8220;st-aboutus-content&#8220;]Die Ordensgemeinschaft der Collegine Sisters wurde 1700 von Kardinal Pier Marcellino Corradini gegr\u00fcndet.<\/p>\n<p>Seine Arbeit f\u00fcr die Armen bestand nicht darin, Almosen zu erniedrigen, sondern dem Menschen zu helfen, sich selbst zu helfen.<\/p>\n<p>Die Gemeinde hat sich nie in geschlossenen Schulen gefl\u00fcchtet, sondern war im sozialen Kontext immer pr\u00e4sent mit einer pr\u00e4genden Aktion bei der Arbeit der Colleges, die auf die Entwicklung eines weiblichen Gewissens als Grundlage f\u00fcr die ethische und kulturelle Entwicklung Siziliens abzielt .[\/vc_column_text][vc_empty_space][vc_single_image image=&#8220;10968&#8243; img_size=&#8220;large&#8220; alignment=&#8220;center&#8220; css_animation=&#8220;none&#8220;][vc_empty_space][\/vc_column][vc_column width=&#8220;1\/2&#8243;][vc_column_text el_class=&#8220;st-aboutus-title&#8220;]<\/p>\n<h3>Die Gegenwart<\/h3>\n<p>[\/vc_column_text][vc_column_text el_class=&#8220;st-aboutus-content&#8220;]Gl\u00fccklicherweise hat sich das Unternehmen heute so wohl gef\u00fchlt, dass es die Notlagen der Vergangenheit \u00fcberwunden hat. In der alten, komplett renovierten Internatsschule besuchen die Schwestern von Cefal\u00f9 Touristen, die ihre Urlaubstage verbringen m\u00f6chten.<\/p>\n<p>Wir sind vor dem Meer und dem Sandstrand und etwa 700 Meter vom Bahnhof und einen Kilometer vom Hafen von Cefal\u00f9 entfernt. Wenn Sie etwas anderes als das \u00fcbliche Hotel ausprobieren m\u00f6chten, ohne auf den Komfort zu verzichten, freuen wir uns, Sie im Kloster von Cefal\u00f9 begr\u00fc\u00dfen zu d\u00fcrfen.[\/vc_column_text][vc_empty_space][vc_single_image image=&#8220;10973&#8243; img_size=&#8220;large&#8220; alignment=&#8220;center&#8220;][vc_empty_space][\/vc_column][\/vc_row][vc_row][vc_column][vc_empty_space height=&#8220;65px&#8220;][\/vc_column][\/vc_row]<\/p>\n<\/div>","protected":false},"excerpt":{"rendered":"<p>[vc_row][vc_column][vc_column_text] Das Kloster von Cefalu [\/vc_column_text][vc_empty_space height=&#8220;60px&#8220;][\/vc_column][\/vc_row][vc_row][vc_column width=&#8220;1\/2&#8243;][vc_column_text el_class=&#8220;st-aboutus-title&#8220;] Die Vergangenheit [\/vc_column_text][vc_column_text el_class=&#8220;st-aboutus-content&#8220;]Die Ordensgemeinschaft der Collegine Sisters wurde 1700 von Kardinal Pier Marcellino Corradini gegr\u00fcndet. Seine Arbeit f\u00fcr die Armen bestand nicht darin, Almosen zu erniedrigen, sondern dem Menschen zu helfen, sich selbst zu helfen. Die Gemeinde hat sich nie in geschlossenen Schulen gefl\u00fcchtet, sondern [&hellip;]<\/p>\n","protected":false},"author":1,"featured_media":11063,"parent":0,"menu_order":0,"comment_status":"closed","ping_status":"closed","template":"template-single-hotel-modern.php","meta":{"footnotes":""},"class_list":["post-11837","page","type-page","status-publish","has-post-thumbnail","hentry"],"yoast_head":"<!-- This site is optimized with the Yoast SEO plugin v27.3 - https:\/\/yoast.com\/product\/yoast-seo-wordpress\/ -->\n<title>Unser Team - Kloster von Cefalu B&amp;B<\/title>\n<meta name=\"description\" content=\"Die Schwestern von Cefal\u00f9 beherbergen Touristen, die ihren Urlaub in Cefal\u00f9 verbringen m\u00f6chten. Das Kloster befindet sich direkt am Meer und am Sandstrand.\" \/>\n<meta name=\"robots\" content=\"index, follow, max-snippet:-1, max-image-preview:large, max-video-preview:-1\" \/>\n<link rel=\"canonical\" href=\"https:\/\/conventocefalu.com\/de\/unser-team\/\" \/>\n<meta property=\"og:locale\" content=\"de_DE\" \/>\n<meta property=\"og:type\" content=\"article\" \/>\n<meta property=\"og:title\" content=\"Unser Team - Kloster von Cefalu B&amp;B\" \/>\n<meta property=\"og:description\" content=\"Die Schwestern von Cefal\u00f9 beherbergen Touristen, die ihren Urlaub in Cefal\u00f9 verbringen m\u00f6chten. Das Kloster befindet sich direkt am Meer und am Sandstrand.\" \/>\n<meta property=\"og:url\" content=\"https:\/\/conventocefalu.com\/de\/unser-team\/\" \/>\n<meta property=\"og:site_name\" content=\"Kloster von Cefalu B&amp;B\" \/>\n<meta property=\"article:publisher\" content=\"https:\/\/www.facebook.com\/ConventoCefalu\" \/>\n<meta property=\"article:modified_time\" content=\"2019-04-15T14:21:06+00:00\" \/>\n<meta property=\"og:image\" content=\"https:\/\/conventocefalu.com\/wp-content\/uploads\/2019\/04\/DSCN9542-e1554558987985.jpg\" \/>\n\t<meta property=\"og:image:width\" content=\"600\" \/>\n\t<meta property=\"og:image:height\" content=\"450\" \/>\n\t<meta property=\"og:image:type\" content=\"image\/jpeg\" \/>\n<meta name=\"twitter:card\" content=\"summary_large_image\" \/>\n<meta name=\"twitter:label1\" content=\"Gesch\u00e4tzte Lesezeit\" \/>\n\t<meta name=\"twitter:data1\" content=\"1\u00a0Minute\" \/>\n<script type=\"application\/ld+json\" class=\"yoast-schema-graph\">{\"@context\":\"https:\\\/\\\/schema.org\",\"@graph\":[{\"@type\":\"WebPage\",\"@id\":\"https:\\\/\\\/conventocefalu.com\\\/de\\\/unser-team\\\/\",\"url\":\"https:\\\/\\\/conventocefalu.com\\\/de\\\/unser-team\\\/\",\"name\":\"Unser Team - Kloster von Cefalu B&amp;B\",\"isPartOf\":{\"@id\":\"https:\\\/\\\/conventocefalu.com\\\/de\\\/#website\"},\"primaryImageOfPage\":{\"@id\":\"https:\\\/\\\/conventocefalu.com\\\/de\\\/unser-team\\\/#primaryimage\"},\"image\":{\"@id\":\"https:\\\/\\\/conventocefalu.com\\\/de\\\/unser-team\\\/#primaryimage\"},\"thumbnailUrl\":\"https:\\\/\\\/conventocefalu.com\\\/wp-content\\\/uploads\\\/2019\\\/04\\\/DSCN9542-e1554558987985.jpg\",\"datePublished\":\"2018-12-10T03:06:47+00:00\",\"dateModified\":\"2019-04-15T14:21:06+00:00\",\"description\":\"Die Schwestern von Cefal\u00f9 beherbergen Touristen, die ihren Urlaub in Cefal\u00f9 verbringen m\u00f6chten. Das Kloster befindet sich direkt am Meer und am Sandstrand.\",\"breadcrumb\":{\"@id\":\"https:\\\/\\\/conventocefalu.com\\\/de\\\/unser-team\\\/#breadcrumb\"},\"inLanguage\":\"de\",\"potentialAction\":[{\"@type\":\"ReadAction\",\"target\":[\"https:\\\/\\\/conventocefalu.com\\\/de\\\/unser-team\\\/\"]}]},{\"@type\":\"ImageObject\",\"inLanguage\":\"de\",\"@id\":\"https:\\\/\\\/conventocefalu.com\\\/de\\\/unser-team\\\/#primaryimage\",\"url\":\"https:\\\/\\\/conventocefalu.com\\\/wp-content\\\/uploads\\\/2019\\\/04\\\/DSCN9542-e1554558987985.jpg\",\"contentUrl\":\"https:\\\/\\\/conventocefalu.com\\\/wp-content\\\/uploads\\\/2019\\\/04\\\/DSCN9542-e1554558987985.jpg\",\"width\":600,\"height\":450,\"caption\":\"Die Oberin des Klosters am Strand von Cefal\u00f9\"},{\"@type\":\"BreadcrumbList\",\"@id\":\"https:\\\/\\\/conventocefalu.com\\\/de\\\/unser-team\\\/#breadcrumb\",\"itemListElement\":[{\"@type\":\"ListItem\",\"position\":1,\"name\":\"Home\",\"item\":\"https:\\\/\\\/conventocefalu.com\\\/de\\\/\"},{\"@type\":\"ListItem\",\"position\":2,\"name\":\"Unser Team\"}]},{\"@type\":\"WebSite\",\"@id\":\"https:\\\/\\\/conventocefalu.com\\\/de\\\/#website\",\"url\":\"https:\\\/\\\/conventocefalu.com\\\/de\\\/\",\"name\":\"Collegio di Maria\",\"description\":\"Zimmer mit Meerblick in Bed and Breakfast in Cefalu, Sizilien.\",\"potentialAction\":[{\"@type\":\"SearchAction\",\"target\":{\"@type\":\"EntryPoint\",\"urlTemplate\":\"https:\\\/\\\/conventocefalu.com\\\/de\\\/?s={search_term_string}\"},\"query-input\":{\"@type\":\"PropertyValueSpecification\",\"valueRequired\":true,\"valueName\":\"search_term_string\"}}],\"inLanguage\":\"de\"}]}<\/script>\n<!-- \/ Yoast SEO plugin. -->","yoast_head_json":{"title":"Unser Team - Kloster von Cefalu B&amp;B","description":"Die Schwestern von Cefal\u00f9 beherbergen Touristen, die ihren Urlaub in Cefal\u00f9 verbringen m\u00f6chten. Das Kloster befindet sich direkt am Meer und am Sandstrand.","robots":{"index":"index","follow":"follow","max-snippet":"max-snippet:-1","max-image-preview":"max-image-preview:large","max-video-preview":"max-video-preview:-1"},"canonical":"https:\/\/conventocefalu.com\/de\/unser-team\/","og_locale":"de_DE","og_type":"article","og_title":"Unser Team - Kloster von Cefalu B&amp;B","og_description":"Die Schwestern von Cefal\u00f9 beherbergen Touristen, die ihren Urlaub in Cefal\u00f9 verbringen m\u00f6chten. Das Kloster befindet sich direkt am Meer und am Sandstrand.","og_url":"https:\/\/conventocefalu.com\/de\/unser-team\/","og_site_name":"Kloster von Cefalu B&amp;B","article_publisher":"https:\/\/www.facebook.com\/ConventoCefalu","article_modified_time":"2019-04-15T14:21:06+00:00","og_image":[{"width":600,"height":450,"url":"https:\/\/conventocefalu.com\/wp-content\/uploads\/2019\/04\/DSCN9542-e1554558987985.jpg","type":"image\/jpeg"}],"twitter_card":"summary_large_image","twitter_misc":{"Gesch\u00e4tzte Lesezeit":"1\u00a0Minute"},"schema":{"@context":"https:\/\/schema.org","@graph":[{"@type":"WebPage","@id":"https:\/\/conventocefalu.com\/de\/unser-team\/","url":"https:\/\/conventocefalu.com\/de\/unser-team\/","name":"Unser Team - Kloster von Cefalu B&amp;B","isPartOf":{"@id":"https:\/\/conventocefalu.com\/de\/#website"},"primaryImageOfPage":{"@id":"https:\/\/conventocefalu.com\/de\/unser-team\/#primaryimage"},"image":{"@id":"https:\/\/conventocefalu.com\/de\/unser-team\/#primaryimage"},"thumbnailUrl":"https:\/\/conventocefalu.com\/wp-content\/uploads\/2019\/04\/DSCN9542-e1554558987985.jpg","datePublished":"2018-12-10T03:06:47+00:00","dateModified":"2019-04-15T14:21:06+00:00","description":"Die Schwestern von Cefal\u00f9 beherbergen Touristen, die ihren Urlaub in Cefal\u00f9 verbringen m\u00f6chten. Das Kloster befindet sich direkt am Meer und am Sandstrand.","breadcrumb":{"@id":"https:\/\/conventocefalu.com\/de\/unser-team\/#breadcrumb"},"inLanguage":"de","potentialAction":[{"@type":"ReadAction","target":["https:\/\/conventocefalu.com\/de\/unser-team\/"]}]},{"@type":"ImageObject","inLanguage":"de","@id":"https:\/\/conventocefalu.com\/de\/unser-team\/#primaryimage","url":"https:\/\/conventocefalu.com\/wp-content\/uploads\/2019\/04\/DSCN9542-e1554558987985.jpg","contentUrl":"https:\/\/conventocefalu.com\/wp-content\/uploads\/2019\/04\/DSCN9542-e1554558987985.jpg","width":600,"height":450,"caption":"Die Oberin des Klosters am Strand von Cefal\u00f9"},{"@type":"BreadcrumbList","@id":"https:\/\/conventocefalu.com\/de\/unser-team\/#breadcrumb","itemListElement":[{"@type":"ListItem","position":1,"name":"Home","item":"https:\/\/conventocefalu.com\/de\/"},{"@type":"ListItem","position":2,"name":"Unser Team"}]},{"@type":"WebSite","@id":"https:\/\/conventocefalu.com\/de\/#website","url":"https:\/\/conventocefalu.com\/de\/","name":"Collegio di Maria","description":"Zimmer mit Meerblick in Bed and Breakfast in Cefalu, Sizilien.","potentialAction":[{"@type":"SearchAction","target":{"@type":"EntryPoint","urlTemplate":"https:\/\/conventocefalu.com\/de\/?s={search_term_string}"},"query-input":{"@type":"PropertyValueSpecification","valueRequired":true,"valueName":"search_term_string"}}],"inLanguage":"de"}]}},"_links":{"self":[{"href":"https:\/\/conventocefalu.com\/de\/wp-json\/wp\/v2\/pages\/11837"}],"collection":[{"href":"https:\/\/conventocefalu.com\/de\/wp-json\/wp\/v2\/pages"}],"about":[{"href":"https:\/\/conventocefalu.com\/de\/wp-json\/wp\/v2\/types\/page"}],"author":[{"embeddable":true,"href":"https:\/\/conventocefalu.com\/de\/wp-json\/wp\/v2\/users\/1"}],"replies":[{"embeddable":true,"href":"https:\/\/conventocefalu.com\/de\/wp-json\/wp\/v2\/comments?post=11837"}],"version-history":[{"count":0,"href":"https:\/\/conventocefalu.com\/de\/wp-json\/wp\/v2\/pages\/11837\/revisions"}],"wp:featuredmedia":[{"embeddable":true,"href":"https:\/\/conventocefalu.com\/de\/wp-json\/wp\/v2\/media\/11063"}],"wp:attachment":[{"href":"https:\/\/conventocefalu.com\/de\/wp-json\/wp\/v2\/media?parent=11837"}],"curies":[{"name":"wp","href":"https:\/\/api.w.org\/{rel}","templated":true}]}}