{"id":11805,"date":"2018-12-10T07:30:15","date_gmt":"2018-12-10T07:30:15","guid":{"rendered":"https:\/\/www.conventocefalu.com\/checkout\/"},"modified":"2019-04-15T12:20:42","modified_gmt":"2019-04-15T12:20:42","slug":"kasse","status":"publish","type":"page","link":"https:\/\/conventocefalu.com\/de\/kasse\/","title":{"rendered":"Kasse"},"content":{"rendered":"","protected":false},"excerpt":{"rendered":"","protected":false},"author":1,"featured_media":10918,"parent":0,"menu_order":0,"comment_status":"closed","ping_status":"closed","template":"template-checkout.php","meta":{"footnotes":""},"class_list":["post-11805","page","type-page","status-publish","has-post-thumbnail","hentry"],"yoast_head":"<!-- This site is optimized with the Yoast SEO plugin v27.4 - https:\/\/yoast.com\/product\/yoast-seo-wordpress\/ -->\n<title>Kasse - Kloster von Cefalu B&amp;B<\/title>\n<meta name=\"description\" content=\"Kasse\u00a0| Collegio di Maria von Cefal\u00f9. Das sch\u00f6nste Kloster Italiens direkt am Strand von Cefal\u00f9 in Sizilien.\" \/>\n<meta name=\"robots\" content=\"index, follow, max-snippet:-1, max-image-preview:large, max-video-preview:-1\" \/>\n<link rel=\"canonical\" href=\"https:\/\/conventocefalu.com\/de\/kasse\/\" \/>\n<meta property=\"og:locale\" content=\"de_DE\" \/>\n<meta property=\"og:type\" content=\"article\" \/>\n<meta property=\"og:title\" content=\"Kasse - Kloster von Cefalu B&amp;B\" \/>\n<meta property=\"og:description\" content=\"Kasse\u00a0| Collegio di Maria von Cefal\u00f9. Das sch\u00f6nste Kloster Italiens direkt am Strand von Cefal\u00f9 in Sizilien.\" \/>\n<meta property=\"og:url\" content=\"https:\/\/conventocefalu.com\/de\/kasse\/\" \/>\n<meta property=\"og:site_name\" content=\"Kloster von Cefalu B&amp;B\" \/>\n<meta property=\"article:publisher\" content=\"https:\/\/www.facebook.com\/ConventoCefalu\" \/>\n<meta property=\"article:modified_time\" content=\"2019-04-15T12:20:42+00:00\" \/>\n<meta property=\"og:image\" content=\"https:\/\/conventocefalu.com\/wp-content\/uploads\/2019\/03\/Vista-dal-Convento-di-Cefal\u00f9-Sicilia-e1554559415278.jpg\" \/>\n\t<meta property=\"og:image:width\" content=\"800\" \/>\n\t<meta property=\"og:image:height\" content=\"600\" \/>\n\t<meta property=\"og:image:type\" content=\"image\/jpeg\" \/>\n<meta name=\"twitter:card\" content=\"summary_large_image\" \/>\n<script type=\"application\/ld+json\" class=\"yoast-schema-graph\">{\"@context\":\"https:\\\/\\\/schema.org\",\"@graph\":[{\"@type\":\"WebPage\",\"@id\":\"https:\\\/\\\/conventocefalu.com\\\/de\\\/kasse\\\/\",\"url\":\"https:\\\/\\\/conventocefalu.com\\\/de\\\/kasse\\\/\",\"name\":\"Kasse - Kloster von Cefalu B&amp;B\",\"isPartOf\":{\"@id\":\"https:\\\/\\\/conventocefalu.com\\\/de\\\/#website\"},\"primaryImageOfPage\":{\"@id\":\"https:\\\/\\\/conventocefalu.com\\\/de\\\/kasse\\\/#primaryimage\"},\"image\":{\"@id\":\"https:\\\/\\\/conventocefalu.com\\\/de\\\/kasse\\\/#primaryimage\"},\"thumbnailUrl\":\"https:\\\/\\\/conventocefalu.com\\\/wp-content\\\/uploads\\\/2019\\\/03\\\/Vista-dal-Convento-di-Cefal\u00f9-Sicilia-e1554559415278.jpg\",\"datePublished\":\"2018-12-10T07:30:15+00:00\",\"dateModified\":\"2019-04-15T12:20:42+00:00\",\"description\":\"Kasse\u00a0| Collegio di Maria von Cefal\u00f9. Das sch\u00f6nste Kloster Italiens direkt am Strand von Cefal\u00f9 in Sizilien.\",\"breadcrumb\":{\"@id\":\"https:\\\/\\\/conventocefalu.com\\\/de\\\/kasse\\\/#breadcrumb\"},\"inLanguage\":\"de\",\"potentialAction\":[{\"@type\":\"ReadAction\",\"target\":[\"https:\\\/\\\/conventocefalu.com\\\/de\\\/kasse\\\/\"]}]},{\"@type\":\"ImageObject\",\"inLanguage\":\"de\",\"@id\":\"https:\\\/\\\/conventocefalu.com\\\/de\\\/kasse\\\/#primaryimage\",\"url\":\"https:\\\/\\\/conventocefalu.com\\\/wp-content\\\/uploads\\\/2019\\\/03\\\/Vista-dal-Convento-di-Cefal\u00f9-Sicilia-e1554559415278.jpg\",\"contentUrl\":\"https:\\\/\\\/conventocefalu.com\\\/wp-content\\\/uploads\\\/2019\\\/03\\\/Vista-dal-Convento-di-Cefal\u00f9-Sicilia-e1554559415278.jpg\",\"width\":800,\"height\":600,\"caption\":\"Blick vom Kloster von Cefal\u00f9 (Sizilien) | Zimmer mit Meerblick in einem Ferienhaus im historischen Zentrum von Cefal\u00f9, Palermo, Sizilien\"},{\"@type\":\"BreadcrumbList\",\"@id\":\"https:\\\/\\\/conventocefalu.com\\\/de\\\/kasse\\\/#breadcrumb\",\"itemListElement\":[{\"@type\":\"ListItem\",\"position\":1,\"name\":\"Home\",\"item\":\"https:\\\/\\\/conventocefalu.com\\\/de\\\/\"},{\"@type\":\"ListItem\",\"position\":2,\"name\":\"Kasse\"}]},{\"@type\":\"WebSite\",\"@id\":\"https:\\\/\\\/conventocefalu.com\\\/de\\\/#website\",\"url\":\"https:\\\/\\\/conventocefalu.com\\\/de\\\/\",\"name\":\"Collegio di Maria\",\"description\":\"Zimmer mit Meerblick in Bed and Breakfast in Cefalu, Sizilien.\",\"potentialAction\":[{\"@type\":\"SearchAction\",\"target\":{\"@type\":\"EntryPoint\",\"urlTemplate\":\"https:\\\/\\\/conventocefalu.com\\\/de\\\/?s={search_term_string}\"},\"query-input\":{\"@type\":\"PropertyValueSpecification\",\"valueRequired\":true,\"valueName\":\"search_term_string\"}}],\"inLanguage\":\"de\"}]}<\/script>\n<!-- \/ Yoast SEO plugin. -->","yoast_head_json":{"title":"Kasse - Kloster von Cefalu B&amp;B","description":"Kasse\u00a0| Collegio di Maria von Cefal\u00f9. Das sch\u00f6nste Kloster Italiens direkt am Strand von Cefal\u00f9 in Sizilien.","robots":{"index":"index","follow":"follow","max-snippet":"max-snippet:-1","max-image-preview":"max-image-preview:large","max-video-preview":"max-video-preview:-1"},"canonical":"https:\/\/conventocefalu.com\/de\/kasse\/","og_locale":"de_DE","og_type":"article","og_title":"Kasse - Kloster von Cefalu B&amp;B","og_description":"Kasse\u00a0| Collegio di Maria von Cefal\u00f9. Das sch\u00f6nste Kloster Italiens direkt am Strand von Cefal\u00f9 in Sizilien.","og_url":"https:\/\/conventocefalu.com\/de\/kasse\/","og_site_name":"Kloster von Cefalu B&amp;B","article_publisher":"https:\/\/www.facebook.com\/ConventoCefalu","article_modified_time":"2019-04-15T12:20:42+00:00","og_image":[{"width":800,"height":600,"url":"https:\/\/conventocefalu.com\/wp-content\/uploads\/2019\/03\/Vista-dal-Convento-di-Cefal\u00f9-Sicilia-e1554559415278.jpg","type":"image\/jpeg"}],"twitter_card":"summary_large_image","schema":{"@context":"https:\/\/schema.org","@graph":[{"@type":"WebPage","@id":"https:\/\/conventocefalu.com\/de\/kasse\/","url":"https:\/\/conventocefalu.com\/de\/kasse\/","name":"Kasse - Kloster von Cefalu B&amp;B","isPartOf":{"@id":"https:\/\/conventocefalu.com\/de\/#website"},"primaryImageOfPage":{"@id":"https:\/\/conventocefalu.com\/de\/kasse\/#primaryimage"},"image":{"@id":"https:\/\/conventocefalu.com\/de\/kasse\/#primaryimage"},"thumbnailUrl":"https:\/\/conventocefalu.com\/wp-content\/uploads\/2019\/03\/Vista-dal-Convento-di-Cefal\u00f9-Sicilia-e1554559415278.jpg","datePublished":"2018-12-10T07:30:15+00:00","dateModified":"2019-04-15T12:20:42+00:00","description":"Kasse\u00a0| Collegio di Maria von Cefal\u00f9. Das sch\u00f6nste Kloster Italiens direkt am Strand von Cefal\u00f9 in Sizilien.","breadcrumb":{"@id":"https:\/\/conventocefalu.com\/de\/kasse\/#breadcrumb"},"inLanguage":"de","potentialAction":[{"@type":"ReadAction","target":["https:\/\/conventocefalu.com\/de\/kasse\/"]}]},{"@type":"ImageObject","inLanguage":"de","@id":"https:\/\/conventocefalu.com\/de\/kasse\/#primaryimage","url":"https:\/\/conventocefalu.com\/wp-content\/uploads\/2019\/03\/Vista-dal-Convento-di-Cefal\u00f9-Sicilia-e1554559415278.jpg","contentUrl":"https:\/\/conventocefalu.com\/wp-content\/uploads\/2019\/03\/Vista-dal-Convento-di-Cefal\u00f9-Sicilia-e1554559415278.jpg","width":800,"height":600,"caption":"Blick vom Kloster von Cefal\u00f9 (Sizilien) | Zimmer mit Meerblick in einem Ferienhaus im historischen Zentrum von Cefal\u00f9, Palermo, Sizilien"},{"@type":"BreadcrumbList","@id":"https:\/\/conventocefalu.com\/de\/kasse\/#breadcrumb","itemListElement":[{"@type":"ListItem","position":1,"name":"Home","item":"https:\/\/conventocefalu.com\/de\/"},{"@type":"ListItem","position":2,"name":"Kasse"}]},{"@type":"WebSite","@id":"https:\/\/conventocefalu.com\/de\/#website","url":"https:\/\/conventocefalu.com\/de\/","name":"Collegio di Maria","description":"Zimmer mit Meerblick in Bed and Breakfast in Cefalu, Sizilien.","potentialAction":[{"@type":"SearchAction","target":{"@type":"EntryPoint","urlTemplate":"https:\/\/conventocefalu.com\/de\/?s={search_term_string}"},"query-input":{"@type":"PropertyValueSpecification","valueRequired":true,"valueName":"search_term_string"}}],"inLanguage":"de"}]}},"_links":{"self":[{"href":"https:\/\/conventocefalu.com\/de\/wp-json\/wp\/v2\/pages\/11805"}],"collection":[{"href":"https:\/\/conventocefalu.com\/de\/wp-json\/wp\/v2\/pages"}],"about":[{"href":"https:\/\/conventocefalu.com\/de\/wp-json\/wp\/v2\/types\/page"}],"author":[{"embeddable":true,"href":"https:\/\/conventocefalu.com\/de\/wp-json\/wp\/v2\/users\/1"}],"replies":[{"embeddable":true,"href":"https:\/\/conventocefalu.com\/de\/wp-json\/wp\/v2\/comments?post=11805"}],"version-history":[{"count":0,"href":"https:\/\/conventocefalu.com\/de\/wp-json\/wp\/v2\/pages\/11805\/revisions"}],"wp:featuredmedia":[{"embeddable":true,"href":"https:\/\/conventocefalu.com\/de\/wp-json\/wp\/v2\/media\/10918"}],"wp:attachment":[{"href":"https:\/\/conventocefalu.com\/de\/wp-json\/wp\/v2\/media?parent=11805"}],"curies":[{"name":"wp","href":"https:\/\/api.w.org\/{rel}","templated":true}]}}