{"id":11712,"date":"2019-04-15T11:26:06","date_gmt":"2019-04-15T11:26:06","guid":{"rendered":"https:\/\/www.conventocefalu.com\/?page_id=11712"},"modified":"2019-05-09T07:46:59","modified_gmt":"2019-05-09T07:46:59","slug":"zuschreibungen","status":"publish","type":"page","link":"https:\/\/conventocefalu.com\/de\/zuschreibungen\/","title":{"rendered":"Zuschreibungen"},"content":{"rendered":"<div class=\"wpb-content-wrapper\"><p>[vc_row][vc_column][vc_empty_space height=&#8220;40px&#8220;]    <div class=\"content-text padding-0 st-default\">\r\n        <div class=\"st-text-center\">\r\n            <h2 class=\"text-center  style-3 \">Zuschreibungen<\/h2>\r\n            <div class=\"box__separator  hidden-thumb \"><\/div>\r\n            <div class=\"text-center\">Einige Bilder der Website sind vom Typ <em>Creative Commons<\/em><\/div>\r\n        <\/div>\r\n    <\/div>\r\n[vc_empty_space height=&#8220;60px&#8220;][\/vc_column][\/vc_row][vc_row][vc_column css=&#8220;.vc_custom_1551322125345{padding-right: 0px !important;padding-left: 0px !important;}&#8220;]\r\n\t    <div class=\"row list-group  st-gallery-grid\">\r\n\t    \t\t\t        <div class=\"item  col-lg-3 col-md-3 col-sm-3 col-xs-12\">\r\n\t\t            <div class=\"thumbnail\">\r\n\t\t                <a class=\"galleryItem\" href=\"https:\/\/conventocefalu.com\/wp-content\/uploads\/2019\/04\/640px-View_of_Cefalu_from_above_44945905581-e1554558803911.jpg\" data-group=\"grid\" title=\"\"><img decoding=\"async\" class=\"group list-group-image\" src=\"https:\/\/conventocefalu.com\/wp-content\/uploads\/2019\/04\/640px-View_of_Cefalu_from_above_44945905581-e1554558803911.jpg\" alt=\"640px-View_of_Cefalu_from_above_(44945905581)\" \/><\/a>\r\n\t\t            <\/div>\r\n\t\t        <\/div>\r\n\t\t    \t\t        <div class=\"item  col-lg-3 col-md-3 col-sm-3 col-xs-12\">\r\n\t\t            <div class=\"thumbnail\">\r\n\t\t                <a class=\"galleryItem\" href=\"https:\/\/conventocefalu.com\/wp-content\/uploads\/2019\/04\/640px-Cefal\u00f9_2-e1554558785918.jpg\" data-group=\"grid\" title=\"\"><img decoding=\"async\" class=\"group list-group-image\" src=\"https:\/\/conventocefalu.com\/wp-content\/uploads\/2019\/04\/640px-Cefal\u00f9_2-e1554558785918.jpg\" alt=\"640px-Cefal\u00f9_(2)\" \/><\/a>\r\n\t\t            <\/div>\r\n\t\t        <\/div>\r\n\t\t    \t\t        <div class=\"item  col-lg-3 col-md-3 col-sm-3 col-xs-12\">\r\n\t\t            <div class=\"thumbnail\">\r\n\t\t                <a class=\"galleryItem\" href=\"https:\/\/conventocefalu.com\/wp-content\/uploads\/2019\/04\/1200px-Cefal\u00f9_dal_monte-e1554558765752.jpg\" data-group=\"grid\" title=\"\"><img decoding=\"async\" class=\"group list-group-image\" src=\"https:\/\/conventocefalu.com\/wp-content\/uploads\/2019\/04\/1200px-Cefal\u00f9_dal_monte-e1554558765752.jpg\" alt=\"1200px-Cefal\u00f9_dal_monte\" \/><\/a>\r\n\t\t            <\/div>\r\n\t\t        <\/div>\r\n\t\t    \t\t        <div class=\"item  col-lg-3 col-md-3 col-sm-3 col-xs-12\">\r\n\t\t            <div class=\"thumbnail\">\r\n\t\t                <a class=\"galleryItem\" href=\"https:\/\/conventocefalu.com\/wp-content\/uploads\/2019\/03\/La-spiaggia-di-Cefal\u00f9-Foto-di-Matthias-S\u00fc\u00dfen.jpg\" data-group=\"grid\" title=\"\"><img decoding=\"async\" class=\"group list-group-image\" src=\"https:\/\/conventocefalu.com\/wp-content\/uploads\/2019\/03\/La-spiaggia-di-Cefal\u00f9-Foto-di-Matthias-S\u00fc\u00dfen.jpg\" alt=\"La spiaggia di Cefal\u00f9 - Foto di Matthias S\u00fc\u00dfen\" \/><\/a>\r\n\t\t            <\/div>\r\n\t\t        <\/div>\r\n\t\t    \t    <\/div>\r\n\t    <script type=\"text\/javascript\">\r\n\t    \tjQuery(function($) {\r\n\t    \t\tvar groups = {};\r\n\t\t\t\t$('.list-group.st-gallery-grid .item').each(function() {\r\n\t\t\t\t    var id = parseInt($(this).attr('data-group'), 10);\r\n\t\t\t\t\tif(!groups[id]) {\r\n\t\t\t\t    \tgroups[id] = [];\r\n\t\t\t\t\t}\r\n\r\n\t\t\t\t\tgroups[id].push( this );\r\n\t\t\t\t});\r\n\r\n\r\n\t\t\t\t$.each(groups, function() {\r\n\r\n\t\t\t\t  $(this).find(\".galleryItem\").magnificPopup({\r\n\t\t\t\t      type: 'image',\r\n\t\t\t\t      closeOnContentClick: true,\r\n\t\t\t\t      closeBtnInside: false,\r\n\t\t\t\t      gallery: { enabled:true }\r\n\t\t\t\t  })\r\n\t\t\t\t});\r\n\r\n\t\t    });\r\n\t    <\/script>\r\n[\/vc_column][\/vc_row][vc_row][vc_column][vc_column_text]<\/p>\n<p style=\"text-align: center;\">Die Website enth\u00e4lt Bilder, die einer CC-Lizenz unterliegen:<\/p>\n<p style=\"text-align: center;\"><a href=\"https:\/\/it.wikipedia.org\/wiki\/File:View_of_Cefalu_from_above_(44945905581).jpg\" target=\"_blank\" rel=\"noopener noreferrer\">Foto 1<\/a> |\u00a0<a href=\"https:\/\/commons.wikimedia.org\/wiki\/File:Cefal%C3%B9_(2).jpg\" target=\"_blank\" rel=\"noopener noreferrer\">Foto 2<\/a> |\u00a0<a href=\"https:\/\/upload.wikimedia.org\/wikipedia\/commons\/thumb\/3\/32\/Cefal%C3%B9_dal_monte.JPG\/1200px-Cefal%C3%B9_dal_monte.JPG\" target=\"_blank\" rel=\"noopener noreferrer\">Foto 3<\/a> |\u00a0<a href=\"https:\/\/commons.wikimedia.org\/wiki\/File:Cefalu_msu2017-0809.jpg\" target=\"_blank\" rel=\"noopener noreferrer\">Foto 4<\/a><\/p>\n<p>[\/vc_column_text][vc_empty_space][\/vc_column][\/vc_row][vc_row][vc_column][vc_cta h2=&#8220;&#8220; h4=&#8220;Rechtliche Hinweise&#8220;]Alle Bilder wurden in Bezug auf die Rechte ausgew\u00e4hlt und eingef\u00fcgt (Fotos, die zur Wiederverwendung gekennzeichnet sind &#8211; CCO Creative Commons). Wenn ein Fehler gemacht wurde, werden alle von den rechtm\u00e4\u00dfigen Eigent\u00fcmern geforderten Anpassungen so schnell wie m\u00f6glich vorgenommen.[\/vc_cta][\/vc_column][\/vc_row]<\/p>\n<\/div>","protected":false},"excerpt":{"rendered":"<p>[vc_row][vc_column][vc_empty_space height=&#8220;40px&#8220;][vc_empty_space height=&#8220;60px&#8220;][\/vc_column][\/vc_row][vc_row][vc_column css=&#8220;.vc_custom_1551322125345{padding-right: 0px !important;padding-left: 0px !important;}&#8220;][\/vc_column][\/vc_row][vc_row][vc_column][vc_column_text] Die Website enth\u00e4lt Bilder, die einer CC-Lizenz unterliegen: Foto 1 |\u00a0Foto 2 |\u00a0Foto 3 |\u00a0Foto 4 [\/vc_column_text][vc_empty_space][\/vc_column][\/vc_row][vc_row][vc_column][vc_cta h2=&#8220;&#8220; h4=&#8220;Rechtliche Hinweise&#8220;]Alle Bilder wurden in Bezug auf die Rechte ausgew\u00e4hlt und eingef\u00fcgt (Fotos, die zur Wiederverwendung gekennzeichnet sind &#8211; CCO Creative Commons). Wenn ein Fehler gemacht wurde, werden alle [&hellip;]<\/p>\n","protected":false},"author":1,"featured_media":11123,"parent":0,"menu_order":0,"comment_status":"closed","ping_status":"closed","template":"template-single-hotel-modern.php","meta":{"footnotes":""},"class_list":["post-11712","page","type-page","status-publish","has-post-thumbnail","hentry"],"yoast_head":"<!-- This site is optimized with the Yoast SEO plugin v27.3 - https:\/\/yoast.com\/product\/yoast-seo-wordpress\/ -->\n<title>Zuschreibungen - Kloster von Cefalu B&amp;B<\/title>\n<meta name=\"robots\" content=\"index, nofollow, max-snippet:-1, max-image-preview:large, max-video-preview:-1\" \/>\n<link rel=\"canonical\" href=\"https:\/\/conventocefalu.com\/de\/zuschreibungen\/\" \/>\n<meta property=\"og:locale\" content=\"de_DE\" \/>\n<meta property=\"og:type\" content=\"article\" \/>\n<meta property=\"og:title\" content=\"Zuschreibungen - Kloster von Cefalu B&amp;B\" \/>\n<meta property=\"og:description\" content=\"[vc_row][vc_column][vc_empty_space height=&#8220;40px&#8220;][vc_empty_space height=&#8220;60px&#8220;][\/vc_column][\/vc_row][vc_row][vc_column css=&#8220;.vc_custom_1551322125345{padding-right: 0px !important;padding-left: 0px !important;}&#8220;][\/vc_column][\/vc_row][vc_row][vc_column][vc_column_text] Die Website enth\u00e4lt Bilder, die einer CC-Lizenz unterliegen: Foto 1 |\u00a0Foto 2 |\u00a0Foto 3 |\u00a0Foto 4 [\/vc_column_text][vc_empty_space][\/vc_column][\/vc_row][vc_row][vc_column][vc_cta h2=&#8220;&#8220; h4=&#8220;Rechtliche Hinweise&#8220;]Alle Bilder wurden in Bezug auf die Rechte ausgew\u00e4hlt und eingef\u00fcgt (Fotos, die zur Wiederverwendung gekennzeichnet sind &#8211; CCO Creative Commons). Wenn ein Fehler gemacht wurde, werden alle [&hellip;]\" \/>\n<meta property=\"og:url\" content=\"https:\/\/conventocefalu.com\/de\/zuschreibungen\/\" \/>\n<meta property=\"og:site_name\" content=\"Kloster von Cefalu B&amp;B\" \/>\n<meta property=\"article:publisher\" content=\"https:\/\/www.facebook.com\/ConventoCefalu\" \/>\n<meta property=\"article:modified_time\" content=\"2019-05-09T07:46:59+00:00\" \/>\n<meta property=\"og:image\" content=\"https:\/\/conventocefalu.com\/wp-content\/uploads\/2019\/04\/Creative_Commons_logo.png\" \/>\n\t<meta property=\"og:image:width\" content=\"1920\" \/>\n\t<meta property=\"og:image:height\" content=\"896\" \/>\n\t<meta property=\"og:image:type\" content=\"image\/png\" \/>\n<meta name=\"twitter:card\" content=\"summary_large_image\" \/>\n<meta name=\"twitter:label1\" content=\"Gesch\u00e4tzte Lesezeit\" \/>\n\t<meta name=\"twitter:data1\" content=\"1\u00a0Minute\" \/>\n<script type=\"application\/ld+json\" class=\"yoast-schema-graph\">{\"@context\":\"https:\\\/\\\/schema.org\",\"@graph\":[{\"@type\":\"WebPage\",\"@id\":\"https:\\\/\\\/conventocefalu.com\\\/de\\\/zuschreibungen\\\/\",\"url\":\"https:\\\/\\\/conventocefalu.com\\\/de\\\/zuschreibungen\\\/\",\"name\":\"Zuschreibungen - Kloster von Cefalu B&amp;B\",\"isPartOf\":{\"@id\":\"https:\\\/\\\/conventocefalu.com\\\/de\\\/#website\"},\"primaryImageOfPage\":{\"@id\":\"https:\\\/\\\/conventocefalu.com\\\/de\\\/zuschreibungen\\\/#primaryimage\"},\"image\":{\"@id\":\"https:\\\/\\\/conventocefalu.com\\\/de\\\/zuschreibungen\\\/#primaryimage\"},\"thumbnailUrl\":\"https:\\\/\\\/conventocefalu.com\\\/wp-content\\\/uploads\\\/2019\\\/04\\\/Creative_Commons_logo.png\",\"datePublished\":\"2019-04-15T11:26:06+00:00\",\"dateModified\":\"2019-05-09T07:46:59+00:00\",\"breadcrumb\":{\"@id\":\"https:\\\/\\\/conventocefalu.com\\\/de\\\/zuschreibungen\\\/#breadcrumb\"},\"inLanguage\":\"de\",\"potentialAction\":[{\"@type\":\"ReadAction\",\"target\":[\"https:\\\/\\\/conventocefalu.com\\\/de\\\/zuschreibungen\\\/\"]}]},{\"@type\":\"ImageObject\",\"inLanguage\":\"de\",\"@id\":\"https:\\\/\\\/conventocefalu.com\\\/de\\\/zuschreibungen\\\/#primaryimage\",\"url\":\"https:\\\/\\\/conventocefalu.com\\\/wp-content\\\/uploads\\\/2019\\\/04\\\/Creative_Commons_logo.png\",\"contentUrl\":\"https:\\\/\\\/conventocefalu.com\\\/wp-content\\\/uploads\\\/2019\\\/04\\\/Creative_Commons_logo.png\",\"width\":1920,\"height\":896},{\"@type\":\"BreadcrumbList\",\"@id\":\"https:\\\/\\\/conventocefalu.com\\\/de\\\/zuschreibungen\\\/#breadcrumb\",\"itemListElement\":[{\"@type\":\"ListItem\",\"position\":1,\"name\":\"Home\",\"item\":\"https:\\\/\\\/conventocefalu.com\\\/de\\\/\"},{\"@type\":\"ListItem\",\"position\":2,\"name\":\"Zuschreibungen\"}]},{\"@type\":\"WebSite\",\"@id\":\"https:\\\/\\\/conventocefalu.com\\\/de\\\/#website\",\"url\":\"https:\\\/\\\/conventocefalu.com\\\/de\\\/\",\"name\":\"Collegio di Maria\",\"description\":\"Zimmer mit Meerblick in Bed and Breakfast in Cefalu, Sizilien.\",\"potentialAction\":[{\"@type\":\"SearchAction\",\"target\":{\"@type\":\"EntryPoint\",\"urlTemplate\":\"https:\\\/\\\/conventocefalu.com\\\/de\\\/?s={search_term_string}\"},\"query-input\":{\"@type\":\"PropertyValueSpecification\",\"valueRequired\":true,\"valueName\":\"search_term_string\"}}],\"inLanguage\":\"de\"}]}<\/script>\n<!-- \/ Yoast SEO plugin. -->","yoast_head_json":{"title":"Zuschreibungen - Kloster von Cefalu B&amp;B","robots":{"index":"index","follow":"nofollow","max-snippet":"max-snippet:-1","max-image-preview":"max-image-preview:large","max-video-preview":"max-video-preview:-1"},"canonical":"https:\/\/conventocefalu.com\/de\/zuschreibungen\/","og_locale":"de_DE","og_type":"article","og_title":"Zuschreibungen - Kloster von Cefalu B&amp;B","og_description":"[vc_row][vc_column][vc_empty_space height=&#8220;40px&#8220;][vc_empty_space height=&#8220;60px&#8220;][\/vc_column][\/vc_row][vc_row][vc_column css=&#8220;.vc_custom_1551322125345{padding-right: 0px !important;padding-left: 0px !important;}&#8220;][\/vc_column][\/vc_row][vc_row][vc_column][vc_column_text] Die Website enth\u00e4lt Bilder, die einer CC-Lizenz unterliegen: Foto 1 |\u00a0Foto 2 |\u00a0Foto 3 |\u00a0Foto 4 [\/vc_column_text][vc_empty_space][\/vc_column][\/vc_row][vc_row][vc_column][vc_cta h2=&#8220;&#8220; h4=&#8220;Rechtliche Hinweise&#8220;]Alle Bilder wurden in Bezug auf die Rechte ausgew\u00e4hlt und eingef\u00fcgt (Fotos, die zur Wiederverwendung gekennzeichnet sind &#8211; CCO Creative Commons). Wenn ein Fehler gemacht wurde, werden alle [&hellip;]","og_url":"https:\/\/conventocefalu.com\/de\/zuschreibungen\/","og_site_name":"Kloster von Cefalu B&amp;B","article_publisher":"https:\/\/www.facebook.com\/ConventoCefalu","article_modified_time":"2019-05-09T07:46:59+00:00","og_image":[{"width":1920,"height":896,"url":"https:\/\/conventocefalu.com\/wp-content\/uploads\/2019\/04\/Creative_Commons_logo.png","type":"image\/png"}],"twitter_card":"summary_large_image","twitter_misc":{"Gesch\u00e4tzte Lesezeit":"1\u00a0Minute"},"schema":{"@context":"https:\/\/schema.org","@graph":[{"@type":"WebPage","@id":"https:\/\/conventocefalu.com\/de\/zuschreibungen\/","url":"https:\/\/conventocefalu.com\/de\/zuschreibungen\/","name":"Zuschreibungen - Kloster von Cefalu B&amp;B","isPartOf":{"@id":"https:\/\/conventocefalu.com\/de\/#website"},"primaryImageOfPage":{"@id":"https:\/\/conventocefalu.com\/de\/zuschreibungen\/#primaryimage"},"image":{"@id":"https:\/\/conventocefalu.com\/de\/zuschreibungen\/#primaryimage"},"thumbnailUrl":"https:\/\/conventocefalu.com\/wp-content\/uploads\/2019\/04\/Creative_Commons_logo.png","datePublished":"2019-04-15T11:26:06+00:00","dateModified":"2019-05-09T07:46:59+00:00","breadcrumb":{"@id":"https:\/\/conventocefalu.com\/de\/zuschreibungen\/#breadcrumb"},"inLanguage":"de","potentialAction":[{"@type":"ReadAction","target":["https:\/\/conventocefalu.com\/de\/zuschreibungen\/"]}]},{"@type":"ImageObject","inLanguage":"de","@id":"https:\/\/conventocefalu.com\/de\/zuschreibungen\/#primaryimage","url":"https:\/\/conventocefalu.com\/wp-content\/uploads\/2019\/04\/Creative_Commons_logo.png","contentUrl":"https:\/\/conventocefalu.com\/wp-content\/uploads\/2019\/04\/Creative_Commons_logo.png","width":1920,"height":896},{"@type":"BreadcrumbList","@id":"https:\/\/conventocefalu.com\/de\/zuschreibungen\/#breadcrumb","itemListElement":[{"@type":"ListItem","position":1,"name":"Home","item":"https:\/\/conventocefalu.com\/de\/"},{"@type":"ListItem","position":2,"name":"Zuschreibungen"}]},{"@type":"WebSite","@id":"https:\/\/conventocefalu.com\/de\/#website","url":"https:\/\/conventocefalu.com\/de\/","name":"Collegio di Maria","description":"Zimmer mit Meerblick in Bed and Breakfast in Cefalu, Sizilien.","potentialAction":[{"@type":"SearchAction","target":{"@type":"EntryPoint","urlTemplate":"https:\/\/conventocefalu.com\/de\/?s={search_term_string}"},"query-input":{"@type":"PropertyValueSpecification","valueRequired":true,"valueName":"search_term_string"}}],"inLanguage":"de"}]}},"_links":{"self":[{"href":"https:\/\/conventocefalu.com\/de\/wp-json\/wp\/v2\/pages\/11712"}],"collection":[{"href":"https:\/\/conventocefalu.com\/de\/wp-json\/wp\/v2\/pages"}],"about":[{"href":"https:\/\/conventocefalu.com\/de\/wp-json\/wp\/v2\/types\/page"}],"author":[{"embeddable":true,"href":"https:\/\/conventocefalu.com\/de\/wp-json\/wp\/v2\/users\/1"}],"replies":[{"embeddable":true,"href":"https:\/\/conventocefalu.com\/de\/wp-json\/wp\/v2\/comments?post=11712"}],"version-history":[{"count":0,"href":"https:\/\/conventocefalu.com\/de\/wp-json\/wp\/v2\/pages\/11712\/revisions"}],"wp:featuredmedia":[{"embeddable":true,"href":"https:\/\/conventocefalu.com\/de\/wp-json\/wp\/v2\/media\/11123"}],"wp:attachment":[{"href":"https:\/\/conventocefalu.com\/de\/wp-json\/wp\/v2\/media?parent=11712"}],"curies":[{"name":"wp","href":"https:\/\/api.w.org\/{rel}","templated":true}]}}